{"id":22,"date":"2021-09-13T17:45:59","date_gmt":"2021-09-13T17:45:59","guid":{"rendered":"https:\/\/marketplace.epassi.fi\/shgshine\/?page_id=22"},"modified":"2021-10-12T10:57:35","modified_gmt":"2021-10-12T10:57:35","slug":"info","status":"publish","type":"page","link":"https:\/\/marketplace.epassi.fi\/shgshine\/info\/","title":{"rendered":"Info"},"content":{"rendered":"\n\t<div class=\"entry-content single-content\">\n\n\t\t<div class=\"wp-block-columns\" style=\"gap:30px\">\n\t\t\t<div class=\"wp-block-column\">\n\t\t\t\t<h2>www.shgshine.fi<\/h2>\n\t\t\t\t<p><p>Tarvitseeko hampaasi huolenpitoa?<\/p>\n<p>Shg Shine tarjoaa sinulle korkeatasoisia suuhygienistin palveluja.<br \/>\nK\u00e4yt\u00e4mme hoidossa ajanmukaisia huippulaitteita, joilla toteutamme hell\u00e4varaisen ja kivuttoman hoitokokemuksen. Hoidamme sinua aina omien tarpeidesi mukaisesti.<\/p>\n<p>Meille on helppo tulla, sijaitsemme l\u00e4hell\u00e4 Matkakeskusta.<br \/>\nHoitolan edest\u00e4 l\u00f6ytyy k\u00e4tev\u00e4sti autollesi parkkipaikka.<\/p>\n<p>Ajanvaraus:<br \/>\nwww.vello.fi\/shgshine<br \/>\n044-2384204<\/p>\n<p>Tervetuloa!<br \/>\nShg Shine<\/p>\n<\/p>\n\t\t\t\t<h3>Shg Shine Oy<\/h3>\n\t\t\t\t<p>Vesij\u00e4rvenkatu 5 A <br>\n\t\t\t\t\t15100 Lahti<\/p>\n\t\t\t\t<p><a href=\"tel:044 238 4204\">044 238 4204<\/a><\/p>\n\t\t\t\t<p><a href=\"mailto:shg.shine@gmail.com\">shg.shine@gmail.com<\/a><\/p>\n\n\t\t\t\t<h2>Toimipisteet<\/h2><div class=\"info-page-location-list\"><div class=\"info-page-location\"><h3>Shg Shine<\/h3><p>Vesij\u00e4rvenkatu 5, 15100 Lahti<\/p><p><a href=\"tel:044-2384204\">044-2384204<\/a><br><a href=\"mail:shg.shine@gmail.com\">shg.shine@gmail.com<\/a><p><a href=\"https:\/\/www.google.com\/maps\/search\/?api=1&query=Google&query_place_id=ChIJ7SbT4FEojkYRlypPHRX61Fc\">Katso sijainti kartalla <span>&#8599;<\/span><\/a><\/p><\/p><p>Tarvitseeko hampaasi huolenpitoa?\r\nShg Shine tarjoaa sinulle korkeatasoisia suuhygienistin palveluja.\r\nK\u00e4yt\u00e4mme hoidossa ajanmukaisia huippulaitteita, joilla toteutamme hell\u00e4varaisen ja kivuttoman hoitokokemuksen.\r\nhoidamme sinua aina omien tarpeidesi mukaisesti.\r\nMeille on helppo tulla, sijaitsemme l\u00e4hell\u00e4 Matkakeskusta.\r\nHoitolan edest\u00e4 l\u00f6ytyy k\u00e4tev\u00e4sti9 autollesi parkkipaikka.\r\n\r\nAjanvaraus: \r\nwww.vello.fi\/shgshine\r\n044-2384204\r\n\r\nTervetuloa!\r\n Shg Shine\r\n<\/p><\/div><div class=\"info-page-location\"><h3>Shg Shine<\/h3><p><\/p><p><\/p><\/div><\/div>\t\t\t<\/div>\n\n\t\t\t<div class=\"wp-block-column\">\n\t\t\t\t<figure class=\"wp-block-image size-large\"><img loading=\"lazy\" decoding=\"async\" width=\"768\" height=\"768\" src=\"https:\/\/marketplace.epassi.fi\/shgshine\/wp-content\/uploads\/sites\/372\/2023\/09\/55458519-2FC5-4A17-B681-DA28CE807DB4-768x768.png\" class=\"attachment-medium_large size-medium_large\" alt=\"\" \/><\/figure>\n\t\t\t<\/div>\n\t\t<\/div>\n\t<\/div>\n\t\n","protected":false},"excerpt":{"rendered":"","protected":false},"author":2,"featured_media":0,"parent":0,"menu_order":0,"comment_status":"closed","ping_status":"closed","template":"","meta":{"_acf_changed":false,"_kad_post_transparent":"","_kad_post_title":"","_kad_post_layout":"","_kad_post_sidebar_id":"","_kad_post_content_style":"","_kad_post_vertical_padding":"","_kad_post_feature":"","_kad_post_feature_position":"","_kad_post_header":false,"_kad_post_footer":false,"_kad_post_classname":"","footnotes":""},"class_list":["post-22","page","type-page","status-publish","hentry"],"acf":[],"_links":{"self":[{"href":"https:\/\/marketplace.epassi.fi\/shgshine\/wp-json\/wp\/v2\/pages\/22","targetHints":{"allow":["GET"]}}],"collection":[{"href":"https:\/\/marketplace.epassi.fi\/shgshine\/wp-json\/wp\/v2\/pages"}],"about":[{"href":"https:\/\/marketplace.epassi.fi\/shgshine\/wp-json\/wp\/v2\/types\/page"}],"author":[{"embeddable":true,"href":"https:\/\/marketplace.epassi.fi\/shgshine\/wp-json\/wp\/v2\/users\/2"}],"replies":[{"embeddable":true,"href":"https:\/\/marketplace.epassi.fi\/shgshine\/wp-json\/wp\/v2\/comments?post=22"}],"version-history":[{"count":10,"href":"https:\/\/marketplace.epassi.fi\/shgshine\/wp-json\/wp\/v2\/pages\/22\/revisions"}],"predecessor-version":[{"id":264,"href":"https:\/\/marketplace.epassi.fi\/shgshine\/wp-json\/wp\/v2\/pages\/22\/revisions\/264"}],"wp:attachment":[{"href":"https:\/\/marketplace.epassi.fi\/shgshine\/wp-json\/wp\/v2\/media?parent=22"}],"curies":[{"name":"wp","href":"https:\/\/api.w.org\/{rel}","templated":true}]}}