{"id":332,"date":"2023-09-18T13:55:58","date_gmt":"2023-09-18T10:55:58","guid":{"rendered":"https:\/\/marketplace.epassi.fi\/shgshine\/?post_type=product&#038;p=332"},"modified":"2025-10-30T16:27:33","modified_gmt":"2025-10-30T14:27:33","slug":"hampaiden-tehopuhdistus","status":"publish","type":"product","link":"https:\/\/marketplace.epassi.fi\/shgshine\/kauppa\/hyvinvointi\/hammaslaakari\/hampaiden-tehopuhdistus\/","title":{"rendered":"Hampaiden tehopuhdistus 40 min 117e"},"content":{"rendered":"<h2>Hampaiden tehopuhdistus 40 min:<\/h2>\n<p>Hampaiden jauhepuhdistus, poistaa palkin ja pinnallisen v\u00e4rj\u00e4ym\u00e4n. Hammaskivenpoisto ultra\u00e4\u00e4ni laitteella ja k\u00e4si-instrumentein hell\u00e4varaisesti. Tarvittaessa Fluori. Omahoidon ohjaus kuuluu my\u00f6s hoitoon.<\/p>\n","protected":false},"excerpt":{"rendered":"<p>Hampaiden tehopuhdistus: Jauhepuhdistus, hammaskiven poisto, fluori ja kotihoidon neuvonta. Hoitoaika enint\u00e4\u00e4n 30 min.<\/p>\n<p>Voit ostaa itselle my\u00f6s lahjakortin.<\/p>\n<p>&nbsp;<\/p>\n","protected":false},"featured_media":359,"comment_status":"open","ping_status":"closed","template":"","meta":{"_acf_changed":false,"_kad_post_transparent":"default","_kad_post_title":"","_kad_post_layout":"default","_kad_post_sidebar_id":"","_kad_post_content_style":"default","_kad_post_vertical_padding":"default","_kad_post_feature":"","_kad_post_feature_position":"","_kad_post_header":false,"_kad_post_footer":false,"_kad_post_classname":""},"product_brand":[],"product_cat":[30,21],"product_tag":[],"class_list":{"0":"post-332","1":"product","2":"type-product","3":"status-publish","4":"has-post-thumbnail","6":"product_cat-hammaslaakari","7":"product_cat-hyvinvointi","9":"first","10":"instock","11":"purchasable","12":"product-type-simple","13":"entry","14":"content-bg","15":"loop-entry"},"acf":[],"_links":{"self":[{"href":"https:\/\/marketplace.epassi.fi\/shgshine\/wp-json\/wp\/v2\/product\/332","targetHints":{"allow":["GET"]}}],"collection":[{"href":"https:\/\/marketplace.epassi.fi\/shgshine\/wp-json\/wp\/v2\/product"}],"about":[{"href":"https:\/\/marketplace.epassi.fi\/shgshine\/wp-json\/wp\/v2\/types\/product"}],"replies":[{"embeddable":true,"href":"https:\/\/marketplace.epassi.fi\/shgshine\/wp-json\/wp\/v2\/comments?post=332"}],"wp:featuredmedia":[{"embeddable":true,"href":"https:\/\/marketplace.epassi.fi\/shgshine\/wp-json\/wp\/v2\/media\/359"}],"wp:attachment":[{"href":"https:\/\/marketplace.epassi.fi\/shgshine\/wp-json\/wp\/v2\/media?parent=332"}],"wp:term":[{"taxonomy":"product_brand","embeddable":true,"href":"https:\/\/marketplace.epassi.fi\/shgshine\/wp-json\/wp\/v2\/product_brand?post=332"},{"taxonomy":"product_cat","embeddable":true,"href":"https:\/\/marketplace.epassi.fi\/shgshine\/wp-json\/wp\/v2\/product_cat?post=332"},{"taxonomy":"product_tag","embeddable":true,"href":"https:\/\/marketplace.epassi.fi\/shgshine\/wp-json\/wp\/v2\/product_tag?post=332"}],"curies":[{"name":"wp","href":"https:\/\/api.w.org\/{rel}","templated":true}]}}