{"id":335,"date":"2023-09-18T14:04:06","date_gmt":"2023-09-18T11:04:06","guid":{"rendered":"https:\/\/marketplace.epassi.fi\/shgshine\/?post_type=product&#038;p=335"},"modified":"2025-10-30T16:27:30","modified_gmt":"2025-10-30T14:27:30","slug":"hampaiden-tehopuhdistus-2","status":"publish","type":"product","link":"https:\/\/marketplace.epassi.fi\/shgshine\/kauppa\/hyvinvointi\/hammaslaakari\/hampaiden-tehopuhdistus-2\/","title":{"rendered":"Purentalihasten hieronta  30  min 47,00\u20ac"},"content":{"rendered":"<h2>Purentalihasten hieronta:<\/h2>\n<p>Purentalihasten hieronnalla voi rentouttaa purentalihaksia ja helpottaa kipuja. Kun kireydet saadaan aukeamaan, purenta- lihakset on helpompi rentouttaa. P\u00e4\u00e4n ja suun alueen lihasten k\u00e4sittely vapauttaa my\u00f6s \u00e4\u00e4nentuottoa sek\u00e4 hengityst\u00e4. Hieronnasta j\u00e4\u00e4 kokonaisvaltaisesti rentoutunut olo ja aineenvaihdunta vilkastuu.<\/p>\n<p>&nbsp;<\/p>\n","protected":false},"excerpt":{"rendered":"<p>Purentalihasten hieronta: Purentalihasten hieronnalla voi rentouttaa purentalihaksia ja helpottaa kipuja. Kun kireydet saadaan aukeamaan, purenta- lihakset on helpompi rentouttaa. P\u00e4\u00e4n ja suun alueen lihasten k\u00e4sittely vapauttaa my\u00f6s \u00e4\u00e4nentuottoa sek\u00e4 hengityst\u00e4. Hieronnasta j\u00e4\u00e4 kokonaisvaltaisesti rentoutunut olo ja aineenvaihdunta vilkastuu. &nbsp;<\/p>\n","protected":false},"featured_media":419,"comment_status":"open","ping_status":"closed","template":"","meta":{"_acf_changed":false,"_kad_post_transparent":"default","_kad_post_title":"","_kad_post_layout":"default","_kad_post_sidebar_id":"","_kad_post_content_style":"default","_kad_post_vertical_padding":"default","_kad_post_feature":"","_kad_post_feature_position":"","_kad_post_header":false,"_kad_post_footer":false,"_kad_post_classname":""},"product_brand":[],"product_cat":[30,21],"product_tag":[],"class_list":{"0":"post-335","1":"product","2":"type-product","3":"status-publish","4":"has-post-thumbnail","6":"product_cat-hammaslaakari","7":"product_cat-hyvinvointi","9":"first","10":"instock","11":"purchasable","12":"product-type-simple","13":"entry","14":"content-bg","15":"loop-entry"},"acf":[],"_links":{"self":[{"href":"https:\/\/marketplace.epassi.fi\/shgshine\/wp-json\/wp\/v2\/product\/335","targetHints":{"allow":["GET"]}}],"collection":[{"href":"https:\/\/marketplace.epassi.fi\/shgshine\/wp-json\/wp\/v2\/product"}],"about":[{"href":"https:\/\/marketplace.epassi.fi\/shgshine\/wp-json\/wp\/v2\/types\/product"}],"replies":[{"embeddable":true,"href":"https:\/\/marketplace.epassi.fi\/shgshine\/wp-json\/wp\/v2\/comments?post=335"}],"wp:featuredmedia":[{"embeddable":true,"href":"https:\/\/marketplace.epassi.fi\/shgshine\/wp-json\/wp\/v2\/media\/419"}],"wp:attachment":[{"href":"https:\/\/marketplace.epassi.fi\/shgshine\/wp-json\/wp\/v2\/media?parent=335"}],"wp:term":[{"taxonomy":"product_brand","embeddable":true,"href":"https:\/\/marketplace.epassi.fi\/shgshine\/wp-json\/wp\/v2\/product_brand?post=335"},{"taxonomy":"product_cat","embeddable":true,"href":"https:\/\/marketplace.epassi.fi\/shgshine\/wp-json\/wp\/v2\/product_cat?post=335"},{"taxonomy":"product_tag","embeddable":true,"href":"https:\/\/marketplace.epassi.fi\/shgshine\/wp-json\/wp\/v2\/product_tag?post=335"}],"curies":[{"name":"wp","href":"https:\/\/api.w.org\/{rel}","templated":true}]}}