{"id":354,"date":"2023-09-19T23:01:47","date_gmt":"2023-09-19T20:01:47","guid":{"rendered":"https:\/\/marketplace.epassi.fi\/shgshine\/?post_type=product&#038;p=354"},"modified":"2025-10-30T16:27:26","modified_gmt":"2025-10-30T14:27:26","slug":"lahjakortti-itselle-tehopuhdistukseen","status":"publish","type":"product","link":"https:\/\/marketplace.epassi.fi\/shgshine\/kauppa\/hyvinvointi\/hammaslaakari\/lahjakortti-itselle-tehopuhdistukseen\/","title":{"rendered":"Tehopuhdistukseen GBT 60 min 137e"},"content":{"rendered":"<p>Eritt\u00e4in hell\u00e4varainen\u00a0 ja tehokas hampaiden puhdistus!<\/p>\n<p>Tehopuhdistus sis\u00e4lt\u00e4\u00e4:: GBT -hoidon; Biofilmi eli plakki\/hammaskivi v\u00e4rj\u00e4t\u00e4\u00e4n. Jauhepuhdistus poistaa plakin ja pinnalliset v\u00e4rj\u00e4ym\u00e4t, Hammaskivi poistetaan ultra\u00e4\u00e4ni laitteella sek\u00e4 k\u00e4si-instrumentein mahdollisimman hell\u00e4varaisesti.<\/p>\n<p>Air Folw fluori vaahto UUTTA!<\/p>\n<p>Hoitoon kuuluu my\u00f6s omahoidon ohjaus.<\/p>\n<p>&nbsp;<\/p>\n<p>&nbsp;<\/p>\n","protected":false},"excerpt":{"rendered":"<p>Lahjakortti itselle hell\u00e4\u00e4n tehopuhdistukseen.<\/p>\n","protected":false},"featured_media":372,"comment_status":"open","ping_status":"closed","template":"","meta":{"_acf_changed":false,"_kad_post_transparent":"default","_kad_post_title":"","_kad_post_layout":"default","_kad_post_sidebar_id":"","_kad_post_content_style":"default","_kad_post_vertical_padding":"default","_kad_post_feature":"","_kad_post_feature_position":"","_kad_post_header":false,"_kad_post_footer":false,"_kad_post_classname":""},"product_brand":[],"product_cat":[30,21],"product_tag":[],"class_list":{"0":"post-354","1":"product","2":"type-product","3":"status-publish","4":"has-post-thumbnail","6":"product_cat-hammaslaakari","7":"product_cat-hyvinvointi","9":"first","10":"instock","11":"purchasable","12":"product-type-simple","13":"entry","14":"content-bg","15":"loop-entry"},"acf":[],"_links":{"self":[{"href":"https:\/\/marketplace.epassi.fi\/shgshine\/wp-json\/wp\/v2\/product\/354","targetHints":{"allow":["GET"]}}],"collection":[{"href":"https:\/\/marketplace.epassi.fi\/shgshine\/wp-json\/wp\/v2\/product"}],"about":[{"href":"https:\/\/marketplace.epassi.fi\/shgshine\/wp-json\/wp\/v2\/types\/product"}],"replies":[{"embeddable":true,"href":"https:\/\/marketplace.epassi.fi\/shgshine\/wp-json\/wp\/v2\/comments?post=354"}],"wp:featuredmedia":[{"embeddable":true,"href":"https:\/\/marketplace.epassi.fi\/shgshine\/wp-json\/wp\/v2\/media\/372"}],"wp:attachment":[{"href":"https:\/\/marketplace.epassi.fi\/shgshine\/wp-json\/wp\/v2\/media?parent=354"}],"wp:term":[{"taxonomy":"product_brand","embeddable":true,"href":"https:\/\/marketplace.epassi.fi\/shgshine\/wp-json\/wp\/v2\/product_brand?post=354"},{"taxonomy":"product_cat","embeddable":true,"href":"https:\/\/marketplace.epassi.fi\/shgshine\/wp-json\/wp\/v2\/product_cat?post=354"},{"taxonomy":"product_tag","embeddable":true,"href":"https:\/\/marketplace.epassi.fi\/shgshine\/wp-json\/wp\/v2\/product_tag?post=354"}],"curies":[{"name":"wp","href":"https:\/\/api.w.org\/{rel}","templated":true}]}}