{"id":426,"date":"2024-09-07T14:21:16","date_gmt":"2024-09-07T11:21:16","guid":{"rendered":"https:\/\/marketplace.epassi.fi\/shgshine\/?post_type=product&#038;p=426"},"modified":"2025-10-30T16:27:23","modified_gmt":"2025-10-30T14:27:23","slug":"suun-terveystarkastus-ja-jauhepuhdistus-sooda-77e","status":"publish","type":"product","link":"https:\/\/marketplace.epassi.fi\/shgshine\/kauppa\/hyvinvointi\/hammaslaakari\/suun-terveystarkastus-ja-jauhepuhdistus-sooda-77e\/","title":{"rendered":"Jauhepuhdistus (sooda)  30 min 67e"},"content":{"rendered":"<p>Jauhepuhdistus: Sis\u00e4lt\u00e4\u00e4 jauhepuhdistuksen, poistaa hampaan pinnoilta bakteeri peitteen\/plakin ja pinnalliset v\u00e4rj\u00e4ym\u00e4t. Hampaat v\u00e4rj\u00e4t\u00e4\u00e4n ennen puhdistusta, jotta bakteeripeite saadaan n\u00e4kyv\u00e4ksi. Omahoidon ohjaus kuuluu my\u00f6s hoitoon.<\/p>\n<p>Ei sis\u00e4ll\u00e4 hammaskiven poistoa.<\/p>\n","protected":false},"excerpt":{"rendered":"<p>Jauhepuhdistus: Sis\u00e4lt\u00e4\u00e4 jauhepuhdistuksen, poistaa hampaan pinnoilta bakteeri peitteen\/plakin ja pinnalliset v\u00e4rj\u00e4ym\u00e4t. Hampaat v\u00e4rj\u00e4t\u00e4\u00e4n ennen puhdistusta, jotta bakteeripeite saadaan n\u00e4kyv\u00e4ksi. Omahoidon ohjaus kuuluu my\u00f6s hoitoon. Ei sis\u00e4ll\u00e4 hammaskiven poistoa.<\/p>\n","protected":false},"featured_media":415,"comment_status":"open","ping_status":"closed","template":"","meta":{"_acf_changed":false,"_kad_post_transparent":"default","_kad_post_title":"","_kad_post_layout":"default","_kad_post_sidebar_id":"","_kad_post_content_style":"default","_kad_post_vertical_padding":"default","_kad_post_feature":"","_kad_post_feature_position":"","_kad_post_header":false,"_kad_post_footer":false,"_kad_post_classname":""},"product_brand":[],"product_cat":[30,21],"product_tag":[],"class_list":{"0":"post-426","1":"product","2":"type-product","3":"status-publish","4":"has-post-thumbnail","6":"product_cat-hammaslaakari","7":"product_cat-hyvinvointi","9":"first","10":"instock","11":"taxable","12":"shipping-taxable","13":"purchasable","14":"product-type-simple","15":"entry","16":"content-bg","17":"loop-entry"},"acf":[],"_links":{"self":[{"href":"https:\/\/marketplace.epassi.fi\/shgshine\/wp-json\/wp\/v2\/product\/426","targetHints":{"allow":["GET"]}}],"collection":[{"href":"https:\/\/marketplace.epassi.fi\/shgshine\/wp-json\/wp\/v2\/product"}],"about":[{"href":"https:\/\/marketplace.epassi.fi\/shgshine\/wp-json\/wp\/v2\/types\/product"}],"replies":[{"embeddable":true,"href":"https:\/\/marketplace.epassi.fi\/shgshine\/wp-json\/wp\/v2\/comments?post=426"}],"wp:featuredmedia":[{"embeddable":true,"href":"https:\/\/marketplace.epassi.fi\/shgshine\/wp-json\/wp\/v2\/media\/415"}],"wp:attachment":[{"href":"https:\/\/marketplace.epassi.fi\/shgshine\/wp-json\/wp\/v2\/media?parent=426"}],"wp:term":[{"taxonomy":"product_brand","embeddable":true,"href":"https:\/\/marketplace.epassi.fi\/shgshine\/wp-json\/wp\/v2\/product_brand?post=426"},{"taxonomy":"product_cat","embeddable":true,"href":"https:\/\/marketplace.epassi.fi\/shgshine\/wp-json\/wp\/v2\/product_cat?post=426"},{"taxonomy":"product_tag","embeddable":true,"href":"https:\/\/marketplace.epassi.fi\/shgshine\/wp-json\/wp\/v2\/product_tag?post=426"}],"curies":[{"name":"wp","href":"https:\/\/api.w.org\/{rel}","templated":true}]}}