{"id":428,"date":"2024-09-07T14:29:08","date_gmt":"2024-09-07T11:29:08","guid":{"rendered":"https:\/\/marketplace.epassi.fi\/shgshine\/?post_type=product&#038;p=428"},"modified":"2025-10-30T16:27:19","modified_gmt":"2025-10-30T14:27:19","slug":"lahjakortti-alaken-2000e","status":"publish","type":"product","link":"https:\/\/marketplace.epassi.fi\/shgshine\/kauppa\/hyvinvointi\/hammaslaakari\/lahjakortti-alaken-2000e\/","title":{"rendered":"LAHJAKORTTI Alkaen 20,00\u20ac"},"content":{"rendered":"<p>Lahjakortin voit ostaa haluamallesi summalle.<\/p>\n<p>Lis\u00e4\u00e4m\u00e4ll\u00e4 20\u20ac summia haluamasi m\u00e4\u00e4r\u00e4.<\/p>\n<p>Lahjakortin voit ostaa itselle ns. varastoon, joka t\u00e4ytyy k\u00e4ytt\u00e4\u00e4\u00a0 viimeist\u00e4\u00e4n 6kk kuluttua ostosta.<\/p>\n<p>Pid\u00e4th\u00e4n itse huolen siit\u00e4, ett\u00e4 lahjakortti ei mene vanhaksi. 6kk<\/p>\n<p>Voit vaikka varta ajan jo valmiiksi, jotta lahjakortin k\u00e4ytt\u00f6 ei unohdu.<\/p>\n","protected":false},"excerpt":{"rendered":"<p>Lahjakortin voit ostaa haluamallesi summalle. Lis\u00e4\u00e4m\u00e4ll\u00e4 20\u20ac summia haluamasi m\u00e4\u00e4r\u00e4. Lahjakortin voit ostaa itselle ns. varastoon, joka t\u00e4ytyy k\u00e4ytt\u00e4\u00e4\u00a0 viimeist\u00e4\u00e4n 6kk kuluttua ostosta. Pid\u00e4th\u00e4n itse huolen siit\u00e4, ett\u00e4 lahjakortti ei mene vanhaksi. 6kk Voit vaikka varta ajan jo valmiiksi, jotta lahjakortin k\u00e4ytt\u00f6 ei unohdu.<\/p>\n","protected":false},"featured_media":345,"comment_status":"open","ping_status":"closed","template":"","meta":{"_acf_changed":false,"_kad_post_transparent":"default","_kad_post_title":"","_kad_post_layout":"default","_kad_post_sidebar_id":"","_kad_post_content_style":"default","_kad_post_vertical_padding":"default","_kad_post_feature":"","_kad_post_feature_position":"","_kad_post_header":false,"_kad_post_footer":false,"_kad_post_classname":""},"product_brand":[],"product_cat":[30,21],"product_tag":[],"class_list":{"0":"post-428","1":"product","2":"type-product","3":"status-publish","4":"has-post-thumbnail","6":"product_cat-hammaslaakari","7":"product_cat-hyvinvointi","9":"first","10":"instock","11":"purchasable","12":"product-type-simple","13":"entry","14":"content-bg","15":"loop-entry"},"acf":[],"_links":{"self":[{"href":"https:\/\/marketplace.epassi.fi\/shgshine\/wp-json\/wp\/v2\/product\/428","targetHints":{"allow":["GET"]}}],"collection":[{"href":"https:\/\/marketplace.epassi.fi\/shgshine\/wp-json\/wp\/v2\/product"}],"about":[{"href":"https:\/\/marketplace.epassi.fi\/shgshine\/wp-json\/wp\/v2\/types\/product"}],"replies":[{"embeddable":true,"href":"https:\/\/marketplace.epassi.fi\/shgshine\/wp-json\/wp\/v2\/comments?post=428"}],"wp:featuredmedia":[{"embeddable":true,"href":"https:\/\/marketplace.epassi.fi\/shgshine\/wp-json\/wp\/v2\/media\/345"}],"wp:attachment":[{"href":"https:\/\/marketplace.epassi.fi\/shgshine\/wp-json\/wp\/v2\/media?parent=428"}],"wp:term":[{"taxonomy":"product_brand","embeddable":true,"href":"https:\/\/marketplace.epassi.fi\/shgshine\/wp-json\/wp\/v2\/product_brand?post=428"},{"taxonomy":"product_cat","embeddable":true,"href":"https:\/\/marketplace.epassi.fi\/shgshine\/wp-json\/wp\/v2\/product_cat?post=428"},{"taxonomy":"product_tag","embeddable":true,"href":"https:\/\/marketplace.epassi.fi\/shgshine\/wp-json\/wp\/v2\/product_tag?post=428"}],"curies":[{"name":"wp","href":"https:\/\/api.w.org\/{rel}","templated":true}]}}