{"id":282,"date":"2022-05-19T13:31:24","date_gmt":"2022-05-19T10:31:24","guid":{"rendered":"https:\/\/marketplace.epassi.fi\/skisalla\/?post_type=product&#038;p=282"},"modified":"2024-07-20T15:09:52","modified_gmt":"2024-07-20T12:09:52","slug":"lahjakortti","status":"publish","type":"product","link":"https:\/\/marketplace.epassi.fi\/skisalla\/kauppa\/liikuntaedut\/hiihtokeskus\/lahjakortti\/","title":{"rendered":"Lahjakortti"},"content":{"rendered":"<p>Er\u00e4maa kutsuu seikkailuihin! Lahjakortilla hypp\u00e4\u00e4t k\u00e4tev\u00e4sti vaikka py\u00f6r\u00e4n selk\u00e4\u00e4n, suppailemaan tai suksille.<br \/>\nLahjakortti on henkil\u00f6kohtainen ja k\u00e4ytett\u00e4viss\u00e4 v\u00e4linevuokriin tai hissilippuhin.<br \/>\nEi vaihdettavaa etuutta. K\u00e4y maksuksi paikanp\u00e4\u00e4ll\u00e4, ei nettikaupassa.<br \/>\nLahjakortti on voimassa 6 kuukautta ostosta.<br \/>\n<strong>Lahjakortti postitetaan muutaman p\u00e4iv\u00e4n sis\u00e4ll\u00e4. Hinta sis\u00e4lt\u00e4\u00e4 3 euron k\u00e4sittely- ja toimituskulut.<\/strong><\/p>\n<p>Noudatamme Suomen hiihtokeskusyhdistyksen ja kuluttaja-asiamiehen laatimia hiihtokeskuspalveluja koskevia yleisi\u00e4 sopimusehtoja <a class=\"ql-link\" href=\"https:\/\/www.ski.fi\/info\/sopimusehdot\/hiihtokeskuspalveluiden-sopimusehdot\/\" target=\"_blank\" rel=\"noopener noreferrer\">https:\/\/www.ski.fi\/info\/sopimusehdot\/hiihtokeskuspalveluiden-sopimusehdot\/<\/a><strong><br \/>\n<\/strong><\/p>\n","protected":false},"excerpt":{"rendered":"<p>Lahjakortilla ostat ennakkoon tulevat seikkailut!<br \/>\nLahjakortti on henkil\u00f6kohtainen ja k\u00e4ytett\u00e4viss\u00e4 v\u00e4linevuokriin tai hissilippuhin.<\/p>\n","protected":false},"featured_media":327,"comment_status":"open","ping_status":"closed","template":"","meta":{"_acf_changed":false,"_kad_post_transparent":"default","_kad_post_title":"","_kad_post_layout":"default","_kad_post_sidebar_id":"","_kad_post_content_style":"default","_kad_post_vertical_padding":"default","_kad_post_feature":"","_kad_post_feature_position":"","_kad_post_header":false,"_kad_post_footer":false,"_kad_post_classname":""},"product_brand":[],"product_cat":[24,29,19],"product_tag":[],"class_list":{"0":"post-282","1":"product","2":"type-product","3":"status-publish","4":"has-post-thumbnail","6":"product_cat-hiihtokeskus","7":"product_cat-liikunta-muut","8":"product_cat-liikuntaedut","10":"first","11":"instock","12":"purchasable","13":"product-type-variable","14":"has-default-attributes","15":"entry","16":"content-bg","17":"loop-entry"},"acf":[],"_links":{"self":[{"href":"https:\/\/marketplace.epassi.fi\/skisalla\/wp-json\/wp\/v2\/product\/282","targetHints":{"allow":["GET"]}}],"collection":[{"href":"https:\/\/marketplace.epassi.fi\/skisalla\/wp-json\/wp\/v2\/product"}],"about":[{"href":"https:\/\/marketplace.epassi.fi\/skisalla\/wp-json\/wp\/v2\/types\/product"}],"replies":[{"embeddable":true,"href":"https:\/\/marketplace.epassi.fi\/skisalla\/wp-json\/wp\/v2\/comments?post=282"}],"wp:featuredmedia":[{"embeddable":true,"href":"https:\/\/marketplace.epassi.fi\/skisalla\/wp-json\/wp\/v2\/media\/327"}],"wp:attachment":[{"href":"https:\/\/marketplace.epassi.fi\/skisalla\/wp-json\/wp\/v2\/media?parent=282"}],"wp:term":[{"taxonomy":"product_brand","embeddable":true,"href":"https:\/\/marketplace.epassi.fi\/skisalla\/wp-json\/wp\/v2\/product_brand?post=282"},{"taxonomy":"product_cat","embeddable":true,"href":"https:\/\/marketplace.epassi.fi\/skisalla\/wp-json\/wp\/v2\/product_cat?post=282"},{"taxonomy":"product_tag","embeddable":true,"href":"https:\/\/marketplace.epassi.fi\/skisalla\/wp-json\/wp\/v2\/product_tag?post=282"}],"curies":[{"name":"wp","href":"https:\/\/api.w.org\/{rel}","templated":true}]}}