{"id":289,"date":"2021-10-20T17:08:34","date_gmt":"2021-10-20T14:08:34","guid":{"rendered":"https:\/\/marketplace.epassi.fi\/skisalla\/?post_type=product&#038;p=289"},"modified":"2024-12-07T05:05:39","modified_gmt":"2024-12-07T03:05:39","slug":"kausikortti-talvi-22-23","status":"publish","type":"product","link":"https:\/\/marketplace.epassi.fi\/skisalla\/kauppa\/liikuntaedut\/hiihtokeskus\/kausikortti-talvi-22-23\/","title":{"rendered":"Kausikortti talvi 24-25"},"content":{"rendered":"<div class=\"ql-block\" data-block-id=\"block-b647aa91-7004-40ab-9b9c-4c5d56cc89f4\">Voit noutaa kausikorttisi lipunmyynnist\u00e4 Sallassa. Varauduthan todistamaan henkil\u00f6llisyytesi. Kausikortti on henkil\u00f6kohtainen.<br \/>\n<strong><strong><strong>Kausikortti ei sis\u00e4ll\u00e4 8 \u20ac arvoista Axess smart card lippupohjaa.<\/strong><\/strong><\/strong><\/div>\n<div class=\"ql-block\" data-block-id=\"block-8b34db30-2d97-4a3b-a3a6-7a58203b3389\">Noudatamme Suomen hiihtokeskusyhdistyksen ja kuluttaja-asiamiehen laatimia hiihtokeskuspalveluja koskevia yleisi\u00e4 sopimusehtoja <a class=\"ql-link\" href=\"https:\/\/www.ski.fi\/info\/sopimusehdot\/hiihtokeskuspalveluiden-sopimusehdot\/\" target=\"_blank\" rel=\"noopener noreferrer\">https:\/\/www.ski.fi\/info\/sopimusehdot\/hiihtokeskuspalveluiden-sopimusehdot\/<\/a><\/div>\n","protected":false},"excerpt":{"rendered":"<div data-block-id=\"block-b647aa91-7004-40ab-9b9c-4c5d56cc89f4\">Kausilipulla seikkaluja koko talveksi tunturiin!<\/div>\n<div class=\"ql-block\" data-block-id=\"block-8b34db30-2d97-4a3b-a3a6-7a58203b3389\">Lue lis\u00e4\u00e4 kausikortin eduista tunturissa:<br \/>\n<a href=\"https:\/\/ski.salla.fi\/hissiliput\/\">https:\/\/ski.salla.fi\/hissiliput\/<\/a><\/div>\n","protected":false},"featured_media":328,"comment_status":"open","ping_status":"closed","template":"","meta":{"_acf_changed":false,"_kad_post_transparent":"default","_kad_post_title":"","_kad_post_layout":"default","_kad_post_sidebar_id":"","_kad_post_content_style":"default","_kad_post_vertical_padding":"default","_kad_post_feature":"","_kad_post_feature_position":"","_kad_post_header":false,"_kad_post_footer":false,"_kad_post_classname":""},"product_brand":[],"product_cat":[24,19],"product_tag":[],"class_list":{"0":"post-289","1":"product","2":"type-product","3":"status-publish","4":"has-post-thumbnail","6":"product_cat-hiihtokeskus","7":"product_cat-liikuntaedut","9":"first","10":"instock","11":"virtual","12":"taxable","13":"purchasable","14":"product-type-simple","15":"entry","16":"content-bg","17":"loop-entry"},"acf":[],"_links":{"self":[{"href":"https:\/\/marketplace.epassi.fi\/skisalla\/wp-json\/wp\/v2\/product\/289","targetHints":{"allow":["GET"]}}],"collection":[{"href":"https:\/\/marketplace.epassi.fi\/skisalla\/wp-json\/wp\/v2\/product"}],"about":[{"href":"https:\/\/marketplace.epassi.fi\/skisalla\/wp-json\/wp\/v2\/types\/product"}],"replies":[{"embeddable":true,"href":"https:\/\/marketplace.epassi.fi\/skisalla\/wp-json\/wp\/v2\/comments?post=289"}],"wp:featuredmedia":[{"embeddable":true,"href":"https:\/\/marketplace.epassi.fi\/skisalla\/wp-json\/wp\/v2\/media\/328"}],"wp:attachment":[{"href":"https:\/\/marketplace.epassi.fi\/skisalla\/wp-json\/wp\/v2\/media?parent=289"}],"wp:term":[{"taxonomy":"product_brand","embeddable":true,"href":"https:\/\/marketplace.epassi.fi\/skisalla\/wp-json\/wp\/v2\/product_brand?post=289"},{"taxonomy":"product_cat","embeddable":true,"href":"https:\/\/marketplace.epassi.fi\/skisalla\/wp-json\/wp\/v2\/product_cat?post=289"},{"taxonomy":"product_tag","embeddable":true,"href":"https:\/\/marketplace.epassi.fi\/skisalla\/wp-json\/wp\/v2\/product_tag?post=289"}],"curies":[{"name":"wp","href":"https:\/\/api.w.org\/{rel}","templated":true}]}}