{"id":22,"date":"2021-09-13T17:45:59","date_gmt":"2021-09-13T17:45:59","guid":{"rendered":"https:\/\/marketplace.epassi.fi\/stars-fitboxing-gym\/?page_id=22"},"modified":"2021-10-12T10:57:35","modified_gmt":"2021-10-12T10:57:35","slug":"info","status":"publish","type":"page","link":"https:\/\/marketplace.epassi.fi\/stars-fitboxing-gym\/info\/","title":{"rendered":"Info"},"content":{"rendered":"\n\t<div class=\"entry-content single-content\">\n\n\t\t<div class=\"wp-block-columns\" style=\"gap:30px\">\n\t\t\t<div class=\"wp-block-column\">\n\t\t\t\t<h2>Stars Fitboxing Gym -kuntonyrkkeily\u00e4 ja hyv\u00e4\u00e4 oloa<\/h2>\n\t\t\t\t<p><p>Stars Fitboxing Gym on energinen ja yhteis\u00f6llinen liikuntakeskus, jossa treenataan monipuolisesti kuntonyrkkeily\u00e4, hiit-tunteja sek\u00e4 lihaskuntoa. Tunnit sopivat kaikille \u2013 aloittelijoista kokeneempiin treenaajiin \u2013 ja ammattitaitoiset ohjaajamme varmistavat, ett\u00e4 harjoittelu on tehokasta, turvallista ja hauskaa.<\/p>\n<p>Mit\u00e4 voit ostaa meilt\u00e4 ePassilla?<\/p>\n<p>Kertaliput tunneille<br \/>\n10 x kortit<br \/>\nLahjakortit<br \/>\nJ\u00e4senmaksuja<\/p>\n<p>Tule nostamaan sykett\u00e4, kehitt\u00e4m\u00e4\u00e4n kuntoa ja kokemaan ainutlaatuinen treenifiilis! Stars Fitboxing Gym \u2013 energiaa, voimaa ja hyv\u00e4\u00e4 mielt\u00e4 jokaiselle.<\/p>\n<\/p>\n\t\t\t\t<h3>Stars Fitboxing Gym<\/h3>\n\t\t\t\t<p>Saapastie 2<br>\n\t\t\t\t\t33950 Pirkkala<\/p>\n\t\t\t\t<p><a href=\"tel:+358 407508374\">+358 407508374<\/a><\/p>\n\t\t\t\t<p><a href=\"mailto:anne@stars.fi\">anne@stars.fi<\/a><\/p>\n\n\t\t\t\t<h2>Toimipisteet<\/h2><div class=\"info-page-location-list\"><div class=\"info-page-location\"><h3>Stars Fitboxing Gym<\/h3><p>Saapastie , 33950 Pirkanmaa<\/p><p><a href=\"tel:0407508374\">0407508374<\/a><br><a href=\"mail:anne@stars.fi\">anne@stars.fi<\/a><p><a href=\"https:\/\/www.google.com\/maps\/search\/?api=1&query=Google&query_place_id=EiJTYWFwYXN0aWUsIDMzOTUwIFBpcmtrYWxhLCBGaW5sYW5kIi4qLAoUChIJP8bQqdfYjkYR5i6C9_tzlfQSFAoSCRWGtvfR245GEUNprAJc3UOP\">Katso sijainti kartalla <span>&#8599;<\/span><\/a><\/p><\/p><p>Kuntonyrkkeilysali Tampereen Pirkkalassa. Meid\u00e4t l\u00f6yt\u00e4\u00e4 kauppakeskus Veskan 2. kerroksesta. Kuntonyrkkeilyn lis\u00e4ksi monipuolinen valikoima hiit-tunteja sek\u00e4 lihaskuntotunteja.<\/p><\/div><\/div>\t\t\t<\/div>\n\n\t\t\t<div class=\"wp-block-column\">\n\t\t\t\t<figure class=\"wp-block-image size-large\"><img loading=\"lazy\" decoding=\"async\" width=\"768\" height=\"512\" src=\"https:\/\/marketplace.epassi.fi\/stars-fitboxing-gym\/wp-content\/uploads\/sites\/444\/2025\/12\/Photo-2.8.2024-11.11.08-4-768x512.jpg\" class=\"attachment-medium_large size-medium_large\" alt=\"\" \/><\/figure>\n\t\t\t<\/div>\n\t\t<\/div>\n\t<\/div>\n\t\n","protected":false},"excerpt":{"rendered":"","protected":false},"author":2,"featured_media":0,"parent":0,"menu_order":0,"comment_status":"closed","ping_status":"closed","template":"","meta":{"_acf_changed":false,"_kad_post_transparent":"","_kad_post_title":"","_kad_post_layout":"","_kad_post_sidebar_id":"","_kad_post_content_style":"","_kad_post_vertical_padding":"","_kad_post_feature":"","_kad_post_feature_position":"","_kad_post_header":false,"_kad_post_footer":false,"_kad_post_classname":"","footnotes":""},"class_list":["post-22","page","type-page","status-publish","hentry"],"acf":[],"_links":{"self":[{"href":"https:\/\/marketplace.epassi.fi\/stars-fitboxing-gym\/wp-json\/wp\/v2\/pages\/22","targetHints":{"allow":["GET"]}}],"collection":[{"href":"https:\/\/marketplace.epassi.fi\/stars-fitboxing-gym\/wp-json\/wp\/v2\/pages"}],"about":[{"href":"https:\/\/marketplace.epassi.fi\/stars-fitboxing-gym\/wp-json\/wp\/v2\/types\/page"}],"author":[{"embeddable":true,"href":"https:\/\/marketplace.epassi.fi\/stars-fitboxing-gym\/wp-json\/wp\/v2\/users\/2"}],"replies":[{"embeddable":true,"href":"https:\/\/marketplace.epassi.fi\/stars-fitboxing-gym\/wp-json\/wp\/v2\/comments?post=22"}],"version-history":[{"count":10,"href":"https:\/\/marketplace.epassi.fi\/stars-fitboxing-gym\/wp-json\/wp\/v2\/pages\/22\/revisions"}],"predecessor-version":[{"id":264,"href":"https:\/\/marketplace.epassi.fi\/stars-fitboxing-gym\/wp-json\/wp\/v2\/pages\/22\/revisions\/264"}],"wp:attachment":[{"href":"https:\/\/marketplace.epassi.fi\/stars-fitboxing-gym\/wp-json\/wp\/v2\/media?parent=22"}],"curies":[{"name":"wp","href":"https:\/\/api.w.org\/{rel}","templated":true}]}}