{"id":332,"date":"2025-12-11T19:18:45","date_gmt":"2025-12-11T17:18:45","guid":{"rendered":"https:\/\/marketplace.epassi.fi\/stars-fitboxing-gym\/?post_type=product&#038;p=332"},"modified":"2026-01-01T00:22:23","modified_gmt":"2025-12-31T22:22:23","slug":"10-kerran-treenikortti","status":"publish","type":"product","link":"https:\/\/marketplace.epassi.fi\/stars-fitboxing-gym\/kauppa\/liikuntaedut\/ryhmaliikunta\/10-kerran-treenikortti\/","title":{"rendered":"10 kerran treenikortti"},"content":{"rendered":"<p>Treenikortilla treenaat 10 kertaa Starsin viikkotunneilla. Kortti on voimassa 6 kk ensimm\u00e4isest\u00e4 treenimerkinn\u00e4st\u00e4. Kortin saat salilta ensimm\u00e4isen treenisi yhteydess\u00e4.<\/p>\n<p>Tunteja l\u00f6ytyy kaikille: kuntonyrkkeily\u00e4, hiit-tunteja, lihaskuntotunteja. Sali l\u00f6ytyy Partolasta, vain 6 km Tampereen keskustasta.<\/p>\n<p>Tunneille ilmoittaudut helposti nettisivujen kautta: https:\/\/www.stars.fi\/tuntivaraukset<\/p>\n<p>Tervetuloa!<\/p>\n","protected":false},"excerpt":{"rendered":"<p>10 kerran treenikortti Starsin tunneille!<\/p>\n","protected":false},"featured_media":330,"comment_status":"open","ping_status":"closed","template":"","meta":{"_acf_changed":false,"_kad_post_transparent":"default","_kad_post_title":"","_kad_post_layout":"default","_kad_post_sidebar_id":"","_kad_post_content_style":"default","_kad_post_vertical_padding":"default","_kad_post_feature":"","_kad_post_feature_position":"","_kad_post_header":false,"_kad_post_footer":false,"_kad_post_classname":""},"product_brand":[],"product_cat":[19,27],"product_tag":[],"class_list":{"0":"post-332","1":"product","2":"type-product","3":"status-publish","4":"has-post-thumbnail","6":"product_cat-liikuntaedut","7":"product_cat-ryhmaliikunta","9":"first","10":"instock","11":"virtual","12":"taxable","13":"purchasable","14":"product-type-simple","15":"entry","16":"content-bg","17":"loop-entry"},"acf":[],"_links":{"self":[{"href":"https:\/\/marketplace.epassi.fi\/stars-fitboxing-gym\/wp-json\/wp\/v2\/product\/332","targetHints":{"allow":["GET"]}}],"collection":[{"href":"https:\/\/marketplace.epassi.fi\/stars-fitboxing-gym\/wp-json\/wp\/v2\/product"}],"about":[{"href":"https:\/\/marketplace.epassi.fi\/stars-fitboxing-gym\/wp-json\/wp\/v2\/types\/product"}],"replies":[{"embeddable":true,"href":"https:\/\/marketplace.epassi.fi\/stars-fitboxing-gym\/wp-json\/wp\/v2\/comments?post=332"}],"wp:featuredmedia":[{"embeddable":true,"href":"https:\/\/marketplace.epassi.fi\/stars-fitboxing-gym\/wp-json\/wp\/v2\/media\/330"}],"wp:attachment":[{"href":"https:\/\/marketplace.epassi.fi\/stars-fitboxing-gym\/wp-json\/wp\/v2\/media?parent=332"}],"wp:term":[{"taxonomy":"product_brand","embeddable":true,"href":"https:\/\/marketplace.epassi.fi\/stars-fitboxing-gym\/wp-json\/wp\/v2\/product_brand?post=332"},{"taxonomy":"product_cat","embeddable":true,"href":"https:\/\/marketplace.epassi.fi\/stars-fitboxing-gym\/wp-json\/wp\/v2\/product_cat?post=332"},{"taxonomy":"product_tag","embeddable":true,"href":"https:\/\/marketplace.epassi.fi\/stars-fitboxing-gym\/wp-json\/wp\/v2\/product_tag?post=332"}],"curies":[{"name":"wp","href":"https:\/\/api.w.org\/{rel}","templated":true}]}}