{"id":289,"date":"2021-10-20T17:08:34","date_gmt":"2021-10-20T14:08:34","guid":{"rendered":"https:\/\/marketplace.epassi.fi\/studio-tempo\/?post_type=product&#038;p=289"},"modified":"2026-01-01T05:01:52","modified_gmt":"2026-01-01T03:01:52","slug":"tutustumiskuukausi","status":"publish","type":"product","link":"https:\/\/marketplace.epassi.fi\/studio-tempo\/kauppa\/liikuntaedut\/kuntosali\/tutustumiskuukausi\/","title":{"rendered":"Tutustumiskuukausi"},"content":{"rendered":"<p>Kuukauden k\u00e4ytt\u00f6oikeus ryhm\u00e4liikuntaan ja kuntosalille 30 vrk ajaksi. Hinta sis\u00e4lt\u00e4\u00e4 webvarausoikeuden ja avainkortin. Palvelu lunastetaan k\u00e4ytt\u00f6\u00f6n vastaanotossa ajanvarauksella 017-2633717. Voit valita tutustumiskuukauden ajankohdan vapaasti.<\/p>\n","protected":false},"excerpt":{"rendered":"<p>Tutustumiskuukausi kuntosalille ja ryhm\u00e4liikuntaan.<\/p>\n","protected":false},"featured_media":386,"comment_status":"open","ping_status":"closed","template":"","meta":{"_acf_changed":false,"_kad_post_transparent":"default","_kad_post_title":"","_kad_post_layout":"default","_kad_post_sidebar_id":"","_kad_post_content_style":"default","_kad_post_vertical_padding":"default","_kad_post_feature":"","_kad_post_feature_position":"","_kad_post_header":false,"_kad_post_footer":false,"_kad_post_classname":""},"product_brand":[],"product_cat":[23,19,27],"product_tag":[],"class_list":{"0":"post-289","1":"product","2":"type-product","3":"status-publish","4":"has-post-thumbnail","6":"product_cat-kuntosali","7":"product_cat-liikuntaedut","8":"product_cat-ryhmaliikunta","10":"first","11":"instock","12":"virtual","13":"taxable","14":"purchasable","15":"product-type-simple","16":"entry","17":"content-bg","18":"loop-entry"},"acf":[],"_links":{"self":[{"href":"https:\/\/marketplace.epassi.fi\/studio-tempo\/wp-json\/wp\/v2\/product\/289","targetHints":{"allow":["GET"]}}],"collection":[{"href":"https:\/\/marketplace.epassi.fi\/studio-tempo\/wp-json\/wp\/v2\/product"}],"about":[{"href":"https:\/\/marketplace.epassi.fi\/studio-tempo\/wp-json\/wp\/v2\/types\/product"}],"replies":[{"embeddable":true,"href":"https:\/\/marketplace.epassi.fi\/studio-tempo\/wp-json\/wp\/v2\/comments?post=289"}],"wp:featuredmedia":[{"embeddable":true,"href":"https:\/\/marketplace.epassi.fi\/studio-tempo\/wp-json\/wp\/v2\/media\/386"}],"wp:attachment":[{"href":"https:\/\/marketplace.epassi.fi\/studio-tempo\/wp-json\/wp\/v2\/media?parent=289"}],"wp:term":[{"taxonomy":"product_brand","embeddable":true,"href":"https:\/\/marketplace.epassi.fi\/studio-tempo\/wp-json\/wp\/v2\/product_brand?post=289"},{"taxonomy":"product_cat","embeddable":true,"href":"https:\/\/marketplace.epassi.fi\/studio-tempo\/wp-json\/wp\/v2\/product_cat?post=289"},{"taxonomy":"product_tag","embeddable":true,"href":"https:\/\/marketplace.epassi.fi\/studio-tempo\/wp-json\/wp\/v2\/product_tag?post=289"}],"curies":[{"name":"wp","href":"https:\/\/api.w.org\/{rel}","templated":true}]}}