{"id":383,"date":"2024-11-21T12:58:39","date_gmt":"2024-11-21T10:58:39","guid":{"rendered":"https:\/\/marketplace.epassi.fi\/studio-tempo\/?post_type=product&#038;p=383"},"modified":"2026-01-01T05:01:51","modified_gmt":"2026-01-01T03:01:51","slug":"joululahjakortti-liikunnan-riemuihin","status":"publish","type":"product","link":"https:\/\/marketplace.epassi.fi\/studio-tempo\/kauppa\/liikuntaedut\/jooga\/joululahjakortti-liikunnan-riemuihin\/","title":{"rendered":"Joululahjakortti liikunnan riemuihin kahdeksi kuukaudeksi"},"content":{"rendered":"<p style=\"font-weight: 400\">Kortilla saat kahden (2) kuukauden liikuntaoikeuden Studiollemme<\/p>\n<ul>\n<li style=\"font-weight: 400\">\u00a0 liikuntaoikeus sis\u00e4lt\u00e4\u00e4 kuntosalin, ryhm\u00e4liikunta-tuntien sek\u00e4 Studiolla olevien virtuaalituntien k\u00e4ytt\u00f6oikeuden klo 6.30-21.30, kortin avausmaksun ja web-varaustunnukset<\/li>\n<li>\u00a0 \u00a0 \u00a0Kortti on lunastettava k\u00e4ytt\u00f6\u00f6n 31.3.2026 menness\u00e4<\/li>\n<\/ul>\n<p style=\"font-weight: 400\">\n","protected":false},"excerpt":{"rendered":"<p>Kahden kuukauden k\u00e4ytt\u00f6oikeus Studio Tempon liikuntapalveluihin.<\/p>\n","protected":false},"featured_media":384,"comment_status":"open","ping_status":"closed","template":"","meta":{"_acf_changed":false,"_kad_post_transparent":"default","_kad_post_title":"","_kad_post_layout":"default","_kad_post_sidebar_id":"","_kad_post_content_style":"default","_kad_post_vertical_padding":"default","_kad_post_feature":"","_kad_post_feature_position":"","_kad_post_header":false,"_kad_post_footer":false,"_kad_post_classname":""},"product_brand":[],"product_cat":[25,23,19,27],"product_tag":[],"class_list":{"0":"post-383","1":"product","2":"type-product","3":"status-publish","4":"has-post-thumbnail","6":"product_cat-jooga","7":"product_cat-kuntosali","8":"product_cat-liikuntaedut","9":"product_cat-ryhmaliikunta","11":"first","12":"instock","13":"taxable","14":"shipping-taxable","15":"purchasable","16":"product-type-simple","17":"entry","18":"content-bg","19":"loop-entry"},"acf":[],"_links":{"self":[{"href":"https:\/\/marketplace.epassi.fi\/studio-tempo\/wp-json\/wp\/v2\/product\/383","targetHints":{"allow":["GET"]}}],"collection":[{"href":"https:\/\/marketplace.epassi.fi\/studio-tempo\/wp-json\/wp\/v2\/product"}],"about":[{"href":"https:\/\/marketplace.epassi.fi\/studio-tempo\/wp-json\/wp\/v2\/types\/product"}],"replies":[{"embeddable":true,"href":"https:\/\/marketplace.epassi.fi\/studio-tempo\/wp-json\/wp\/v2\/comments?post=383"}],"wp:featuredmedia":[{"embeddable":true,"href":"https:\/\/marketplace.epassi.fi\/studio-tempo\/wp-json\/wp\/v2\/media\/384"}],"wp:attachment":[{"href":"https:\/\/marketplace.epassi.fi\/studio-tempo\/wp-json\/wp\/v2\/media?parent=383"}],"wp:term":[{"taxonomy":"product_brand","embeddable":true,"href":"https:\/\/marketplace.epassi.fi\/studio-tempo\/wp-json\/wp\/v2\/product_brand?post=383"},{"taxonomy":"product_cat","embeddable":true,"href":"https:\/\/marketplace.epassi.fi\/studio-tempo\/wp-json\/wp\/v2\/product_cat?post=383"},{"taxonomy":"product_tag","embeddable":true,"href":"https:\/\/marketplace.epassi.fi\/studio-tempo\/wp-json\/wp\/v2\/product_tag?post=383"}],"curies":[{"name":"wp","href":"https:\/\/api.w.org\/{rel}","templated":true}]}}