{"id":397,"date":"2025-11-26T18:20:16","date_gmt":"2025-11-26T16:20:16","guid":{"rendered":"https:\/\/marketplace.epassi.fi\/studio-tempo\/?post_type=product&#038;p=397"},"modified":"2026-01-01T05:01:51","modified_gmt":"2026-01-01T03:01:51","slug":"kausitunti-lattarimix-6-harjoitusta","status":"publish","type":"product","link":"https:\/\/marketplace.epassi.fi\/studio-tempo\/kauppa\/liikuntaedut\/ryhmaliikunta\/kausitunti-lattarimix-6-harjoitusta\/","title":{"rendered":"Kausitunti: LattariMix 6 harjoitusta"},"content":{"rendered":"<div class=\"\" data-block=\"true\" data-editor=\"dg3qi\" data-offset-key=\"efepk-0-0\">\n<div class=\"_1mf _1mj\" data-offset-key=\"efepk-0-0\"><span data-offset-key=\"efepk-0-0\">Syd\u00e4ntalven torstai-illoissa 15.1.-26.2.2026 on tarjolla energiaa, hike\u00e4 ja iloa LattariMix-tunnilla klo 17.45-18.35. Voit valita kauteesi kuusi harjoitusta seitsem\u00e4st\u00e4 mahdollisesta.<\/span><\/div>\n<\/div>\n<div class=\"\" data-block=\"true\" data-editor=\"dg3qi\" data-offset-key=\"isnk-0-0\">\n<div class=\"_1mf _1mj\" data-offset-key=\"isnk-0-0\"><span data-offset-key=\"isnk-0-0\">\u00a0<\/span><\/div>\n<\/div>\n<div class=\"\" data-block=\"true\" data-editor=\"dg3qi\" data-offset-key=\"3ob58-0-0\">\n<div class=\"_1mf _1mj\" data-offset-key=\"3ob58-0-0\"><span data-offset-key=\"3ob58-0-0\">Tunnilla on vaikutteita ja tuttuja askeleita mm. reggaetonista, bachatasta, salsasta ja cha cha:sta. Tarjolla on fiilistely\u00e4 lattarihengess\u00e4 menev\u00e4n musiikin siivitt\u00e4m\u00e4n\u00e4 yht\u00e4 pidemp\u00e4\u00e4 sarjaa kehitellen. Koko keho saa tunneilla monipuolisesti liikett\u00e4.<\/span><\/div>\n<\/div>\n<div class=\"\" data-block=\"true\" data-editor=\"dg3qi\" data-offset-key=\"3p4uh-0-0\">\n<div class=\"_1mf _1mj\" data-offset-key=\"3p4uh-0-0\"><span data-offset-key=\"3p4uh-0-0\">\u00a0<\/span><\/div>\n<\/div>\n<div class=\"\" data-block=\"true\" data-editor=\"dg3qi\" data-offset-key=\"hop6-0-0\">\n<div class=\"_1mf _1mj\" data-offset-key=\"hop6-0-0\"><span data-offset-key=\"hop6-0-0\">Et tarvitse aikaisempaa kokemusta lattareista, tunti sopii kaikille! T\u00e4rkeint\u00e4 on liikkeen ja musiikin tuoma ilo, ryhm\u00e4n energia ja bonuksena tietysti hiki pintaan!<\/span><\/div>\n<\/div>\n<div class=\"\" data-block=\"true\" data-editor=\"dg3qi\" data-offset-key=\"b8tfc-0-0\">\n<div class=\"_1mf _1mj\" data-offset-key=\"b8tfc-0-0\"><span data-offset-key=\"b8tfc-0-0\">\u00a0<\/span><\/div>\n<\/div>\n<div class=\"\" data-block=\"true\" data-editor=\"dg3qi\" data-offset-key=\"dvrv9-0-0\">\n<div class=\"_1mf _1mj\" data-offset-key=\"dvrv9-0-0\"><span data-offset-key=\"dvrv9-0-0\">Ohjaajana Emilia Savolainen. <\/span><\/div>\n<\/div>\n<div class=\"\" data-block=\"true\" data-editor=\"dg3qi\" data-offset-key=\"eqc7j-0-0\">\n<div class=\"_1mf _1mj\" data-offset-key=\"eqc7j-0-0\"><\/div>\n<\/div>\n","protected":false},"excerpt":{"rendered":"<p>LattariMix-kausitunti Studio Tempolla 6 harjoitusta <span data-offset-key=\"efepk-0-0\">torstaisin 15.1.-26.2.2026<\/span><span data-offset-key=\"efepk-0-0\"> klo 17.45-18.35.<\/span><\/p>\n","protected":false},"featured_media":398,"comment_status":"open","ping_status":"closed","template":"","meta":{"_acf_changed":false,"_kad_post_transparent":"default","_kad_post_title":"","_kad_post_layout":"default","_kad_post_sidebar_id":"","_kad_post_content_style":"default","_kad_post_vertical_padding":"default","_kad_post_feature":"","_kad_post_feature_position":"","_kad_post_header":false,"_kad_post_footer":false,"_kad_post_classname":""},"product_brand":[],"product_cat":[19,27],"product_tag":[],"class_list":{"0":"post-397","1":"product","2":"type-product","3":"status-publish","4":"has-post-thumbnail","6":"product_cat-liikuntaedut","7":"product_cat-ryhmaliikunta","9":"first","10":"instock","11":"taxable","12":"shipping-taxable","13":"purchasable","14":"product-type-simple","15":"entry","16":"content-bg","17":"loop-entry"},"acf":[],"_links":{"self":[{"href":"https:\/\/marketplace.epassi.fi\/studio-tempo\/wp-json\/wp\/v2\/product\/397","targetHints":{"allow":["GET"]}}],"collection":[{"href":"https:\/\/marketplace.epassi.fi\/studio-tempo\/wp-json\/wp\/v2\/product"}],"about":[{"href":"https:\/\/marketplace.epassi.fi\/studio-tempo\/wp-json\/wp\/v2\/types\/product"}],"replies":[{"embeddable":true,"href":"https:\/\/marketplace.epassi.fi\/studio-tempo\/wp-json\/wp\/v2\/comments?post=397"}],"wp:featuredmedia":[{"embeddable":true,"href":"https:\/\/marketplace.epassi.fi\/studio-tempo\/wp-json\/wp\/v2\/media\/398"}],"wp:attachment":[{"href":"https:\/\/marketplace.epassi.fi\/studio-tempo\/wp-json\/wp\/v2\/media?parent=397"}],"wp:term":[{"taxonomy":"product_brand","embeddable":true,"href":"https:\/\/marketplace.epassi.fi\/studio-tempo\/wp-json\/wp\/v2\/product_brand?post=397"},{"taxonomy":"product_cat","embeddable":true,"href":"https:\/\/marketplace.epassi.fi\/studio-tempo\/wp-json\/wp\/v2\/product_cat?post=397"},{"taxonomy":"product_tag","embeddable":true,"href":"https:\/\/marketplace.epassi.fi\/studio-tempo\/wp-json\/wp\/v2\/product_tag?post=397"}],"curies":[{"name":"wp","href":"https:\/\/api.w.org\/{rel}","templated":true}]}}