{"id":22,"date":"2021-09-13T17:45:59","date_gmt":"2021-09-13T17:45:59","guid":{"rendered":"https:\/\/marketplace.epassi.fi\/studioyin\/?page_id=22"},"modified":"2021-10-12T10:57:35","modified_gmt":"2021-10-12T10:57:35","slug":"info","status":"publish","type":"page","link":"https:\/\/marketplace.epassi.fi\/studioyin\/info\/","title":{"rendered":"Info"},"content":{"rendered":"\n\t<div class=\"entry-content single-content\">\n\n\t\t<div class=\"wp-block-columns\" style=\"gap:30px\">\n\t\t\t<div class=\"wp-block-column\">\n\t\t\t\t<h2>Studio Yin [Online] -Jooga, Pilates ja Kehonhuolto<\/h2>\n\t\t\t\t<p><p>STUDIO YIN ONLINE<br \/>\nJooga-, Pilates -ja Kehonhuoltotunnit helposti kotona, m\u00f6killl\u00e4 tai matkoilla silloin kun sinulle sopii. L\u00f6yd\u00e4 t\u00e4sm\u00e4harjoitukset stressinpoistoon, niskan rentouttamiseen tai coren vahvistamiseen yli 400 videon valikoimasta sek\u00e4 live-tunneilta.<br \/>\nHatha-, Flow-, Vinyasa- ja Yinjooga sek\u00e4 Pilates-, Barre- ja kehonhuoltotunnit.<\/p>\n<p>\ud83d\udca5400+ turvallista harjoitusta<br \/>\n\ud83d\udca5Kursseja ja ohjelmia eri tarpeisiin<br \/>\n\ud83d\udca510+ kokenutta opettajaa<br \/>\n\ud83d\udca57 p\u00e4iv\u00e4n ilmainen kokeilu<br \/>\n\ud83d\udca5kursseja<br \/>\n\ud83d\udca5live-tunteja<br \/>\n\ud83d\udca5p\u00e4ivittyv\u00e4t harjoitukset<\/p>\n<p>STUDIO YIN KAUNIAINEN<br \/>\nStudio Yin on kokonaisvaltaiseen kehonhuoltoon erikoistunut jooga- ja pilates-studio Kauniaisissa. Panostamme laadukkaaseen ryhm\u00e4opetukseen, jossa huomioidaan yksil\u00f6iden tarpeet ja henkil\u00f6kohtainen opastus. Palveluihimme kuuluvat jooga, pilates ja reformer laitepilates - tunnit, Studio Yin Online - palvelu sek\u00e4 joogalomat ja retriitit.<\/p>\n<p><a href=\"https:\/\/online.studioyin.com\/pages\/jooga_pilates-liikuntaetu\">Tutustu Studio Yin Online palveluun<\/a><\/p>\n<\/p>\n\t\t\t\t<h3>Studio Yin [Online] -Jooga, Pilates ja Kehonhuolto<\/h3>\n\t\t\t\t<p>Tunnelitie 4, Kauppakeskus Grani 2 krs.<br>\n\t\t\t\t\t02700 Kauniainen<\/p>\n\t\t\t\t<p><a href=\"tel:0405357135\">0405357135<\/a><\/p>\n\t\t\t\t<p><a href=\"mailto:info@studioyin.com\">info@studioyin.com<\/a><\/p>\n\n\t\t\t\t<h2>Toimipisteet<\/h2><div class=\"info-page-location-list\"><div class=\"info-page-location\"><h3>Studio Yin Kauniainen <\/h3><p>Tunnelitie 4, 02700 Kauniainen<\/p><p><a href=\"tel:0405357135\">0405357135<\/a><br><a href=\"mail:info@studioyin.com\">info@studioyin.com<\/a><p><a href=\"https:\/\/www.google.com\/maps\/search\/?api=1&query=Google&query_place_id=ChIJ6brZaRH0jUYRfWnN1sirfEE\">Katso sijainti kartalla <span>&#8599;<\/span><\/a><\/p><\/p><p><\/p><\/div><\/div>\t\t\t<\/div>\n\n\t\t\t<div class=\"wp-block-column\">\n\t\t\t\t<figure class=\"wp-block-image size-large\"><img loading=\"lazy\" decoding=\"async\" width=\"768\" height=\"512\" src=\"https:\/\/marketplace.epassi.fi\/studioyin\/wp-content\/uploads\/sites\/38\/2021\/11\/IMG_7178-768x512.jpg\" class=\"attachment-medium_large size-medium_large\" alt=\"\" \/><\/figure>\n\t\t\t<\/div>\n\t\t<\/div>\n\t<\/div>\n\t\n","protected":false},"excerpt":{"rendered":"","protected":false},"author":2,"featured_media":0,"parent":0,"menu_order":0,"comment_status":"closed","ping_status":"closed","template":"","meta":{"_acf_changed":false,"_kad_post_transparent":"","_kad_post_title":"","_kad_post_layout":"","_kad_post_sidebar_id":"","_kad_post_content_style":"","_kad_post_vertical_padding":"","_kad_post_feature":"","_kad_post_feature_position":"","_kad_post_header":false,"_kad_post_footer":false,"_kad_post_classname":"","footnotes":""},"class_list":["post-22","page","type-page","status-publish","hentry"],"acf":[],"_links":{"self":[{"href":"https:\/\/marketplace.epassi.fi\/studioyin\/wp-json\/wp\/v2\/pages\/22","targetHints":{"allow":["GET"]}}],"collection":[{"href":"https:\/\/marketplace.epassi.fi\/studioyin\/wp-json\/wp\/v2\/pages"}],"about":[{"href":"https:\/\/marketplace.epassi.fi\/studioyin\/wp-json\/wp\/v2\/types\/page"}],"author":[{"embeddable":true,"href":"https:\/\/marketplace.epassi.fi\/studioyin\/wp-json\/wp\/v2\/users\/2"}],"replies":[{"embeddable":true,"href":"https:\/\/marketplace.epassi.fi\/studioyin\/wp-json\/wp\/v2\/comments?post=22"}],"version-history":[{"count":10,"href":"https:\/\/marketplace.epassi.fi\/studioyin\/wp-json\/wp\/v2\/pages\/22\/revisions"}],"predecessor-version":[{"id":264,"href":"https:\/\/marketplace.epassi.fi\/studioyin\/wp-json\/wp\/v2\/pages\/22\/revisions\/264"}],"wp:attachment":[{"href":"https:\/\/marketplace.epassi.fi\/studioyin\/wp-json\/wp\/v2\/media?parent=22"}],"curies":[{"name":"wp","href":"https:\/\/api.w.org\/{rel}","templated":true}]}}