{"id":470,"date":"2022-12-14T14:12:28","date_gmt":"2022-12-14T12:12:28","guid":{"rendered":"https:\/\/marketplace.epassi.fi\/studioyin\/?post_type=product&#038;p=470"},"modified":"2026-01-01T09:05:16","modified_gmt":"2026-01-01T07:05:16","slug":"yinjoogaa-keholle-ja-mielelle-lyhyet-harjoitukset-6kpl","status":"publish","type":"product","link":"https:\/\/marketplace.epassi.fi\/studioyin\/kauppa\/liikuntaedut\/jooga\/yinjoogaa-keholle-ja-mielelle-lyhyet-harjoitukset-6kpl\/","title":{"rendered":"Yinjoogaa keholle ja mielelle &#8211; lyhyet harjoitukset 6kpl"},"content":{"rendered":"<p>Tutustu Yinjoogan rentouttaviin ja rauhoittaviin harjoituksiin. Sarjassa on 6 kappaletta noin 30 minuutin yin jooga harjoituksia. Palauttava yinjooga rentouttaa kireit\u00e4 lihaksia ja kuormittunutta mielt\u00e4. Hitaat liikesarjat toteutetaan lempe\u00e4sti kehoa kuunnellen.<\/p>\n<p>Lyhyist\u00e4 harjoituksissa voit valita kehollesi t\u00e4n\u00e4\u00e4n oikean tuntuisen harjoituksen tai tehd\u00e4 useamman per\u00e4kk\u00e4in.<\/p>\n<h6>1. Yinjooga &#8211; stressinpoisto (20min.)<\/h6>\n<p>Yinjooga on lihasten aktiivi\u00adty\u00f6skentelyn vastapainoksi voimavarat palauttava harjoitus. Asennot tehd\u00e4\u00e4n passiivisesti tukien avulla tietoisesti hengitt\u00e4en ja painovoimalle antautuen, ja niiss\u00e4 viivyt\u00e4\u00e4n liikkumatta useiden minuuttien ajan.<\/p>\n<h6>2. Yinjooga &#8211; hyv\u00e4 ja rentouttava uni (30min.)<\/h6>\n<p>30 minuutin rentouttava Yinjooga-rutiini auttaa sinua nukkumaan paremmin.<\/p>\n<h6>3. Yinjooga &#8211; vapauta lantion alue ja negatiiviset tunteet! (25min)<\/h6>\n<p>Lantiota avaavat ja kehoa puhdistavat joogaliikkeet toimivat tehokkaasti ja keho poistaa painetta ja negatiivisia tunteita avautuessaan. Olo on vapautunut ja kevyt j\u00e4lkeenp\u00e4in.<\/p>\n<h6>4. Yinjoogaa &#8211; alasel\u00e4n avaus ja rentouttaminen (25min)<\/h6>\n<p>Viisi Yinjooga asentoa jotka helpottavat alasel\u00e4n kipuja ja j\u00e4nnityksi\u00e4. Erityisen rentouttava harjoitus jos istut paljon tai alaselk\u00e4si on j\u00e4ykk\u00e4 ja kire\u00e4.<\/p>\n<h6>5. Yinjooga &#8211; avaa ja rentouta hartiat, olkap\u00e4\u00e4t ja selk\u00e4 (30min)<\/h6>\n<p>Yinjoogaa yl\u00e4vartalolle: avaa ja rentouta hartiat, olkap\u00e4\u00e4t ja selk\u00e4 (noin 30 min harjoitus).\u00a0 Stressi, \u00e4rtymys ja istuminen aiheuttavat yl\u00e4vartalon j\u00e4nnityst\u00e4 ja kireytt\u00e4, joka johtaa yl\u00e4\/alasel\u00e4n kineettisen ketjun kireytymiseen.<\/p>\n<h6>6. Yinjooga &#8211; energiaa ja elinvoimaa aamuun (25min.)<\/h6>\n<p>Energiaa ja elinvoimaa! 25 min Yin -harjoitus joka harmonisoi, parantaa ja nostaa Qi:n eli energian\u00a0kulkua.\u00a0Harjoitus sopii aamuun tai aina kun olo tuntuu voimattomalta.<\/p>\n<h6>Mit\u00e4 on Yin jooga ?<\/h6>\n<p><strong>Yinjooga<\/strong> on lihasten aktiivi\u00adty\u00f6skentelyn vastapainoksi voimavarat palauttava harjoitus. Asennot tehd\u00e4\u00e4n passiivisesti tukien avulla tietoisesti hengitt\u00e4en ja painovoimalle antautuen, ja niiss\u00e4 viivyt\u00e4\u00e4n liikkumatta useiden minuuttien ajan. Syv\u00e4venytt\u00e4\u00e4, stimuloi sidekudoksia, tyynnytt\u00e4\u00e4 hermostoa ja opettaa hyv\u00e4ksyv\u00e4\u00e4 l\u00e4sn\u00e4olon taitoa.<\/p>\n<p>Rentouttava liikesarja toimii vastapainona dynaamiselle harjoittelulle ja sopii kaikille kuntoilutaustasta riippumatta. Liikkeet avaavat erityisesti lantion sek\u00e4 rintakeh\u00e4n alueita ja saavat hengityksen virtaamaan entist\u00e4 vapaammin. Kehoa ei saa pakottaa liikkeisiin, vaan jokaisen asennon tulee tuntua mukavalta. Monissa liikkeiss\u00e4 k\u00e4ytet\u00e4\u00e4nkin hy\u00f6dyksi apuv\u00e4lineit\u00e4, joita vasten keho voi lev\u00e4t\u00e4 ja tukeutua.<\/p>\n<p>Kotona apuv\u00e4lineiksi sopivat hyvin tyynyt sek\u00e4 paksut kirjat tai rullattu pyyhe.<\/p>\n<p>Tutustu Yinjooga &#8211; sarjaan<\/p>\n<p>Katso lis\u00e4\u00e4 <a href=\"https:\/\/online.studioyin.com\/categories\/yinjooga-online\" target=\"_blank\" rel=\"noopener noreferrer\">yinjooga harjoituksia<\/a><\/p>\n","protected":false},"excerpt":{"rendered":"<p>Tutustu Yinjoogan rentouttaviin ja rauhoittaviin harjoituksiin. Sarjassa on 6 kappaletta noin 30 minuutin yin jooga harjoituksia. Palauttava yinjooga rentouttaa kireit\u00e4 lihaksia ja kuormittunutta mielt\u00e4. Hitaat liikesarjat toteutetaan lempe\u00e4sti kehoa kuunnellen.<\/p>\n<p>Lyhyist\u00e4 harjoituksissa voit valita kehollesi t\u00e4n\u00e4\u00e4n oikean tuntuisen harjoituksen tai tehd\u00e4 useamman per\u00e4kk\u00e4in.<\/p>\n<p><em><strong>Tilauksen j\u00e4lkeen l\u00e4het\u00e4mme sinulle tunnukset Studio Yin Online -palveluun ja kurssille 1-2 arkip\u00e4iv\u00e4n sis\u00e4ll\u00e4. Lis\u00e4tiedot: online@studioyin.com<\/strong><\/em><\/p>\n","protected":false},"featured_media":472,"comment_status":"open","ping_status":"closed","template":"","meta":{"_acf_changed":false,"_kad_post_transparent":"default","_kad_post_title":"","_kad_post_layout":"default","_kad_post_sidebar_id":"","_kad_post_content_style":"default","_kad_post_vertical_padding":"default","_kad_post_feature":"","_kad_post_feature_position":"","_kad_post_header":false,"_kad_post_footer":false,"_kad_post_classname":""},"product_brand":[],"product_cat":[25,19,28],"product_tag":[],"class_list":{"0":"post-470","1":"product","2":"type-product","3":"status-publish","4":"has-post-thumbnail","6":"product_cat-jooga","7":"product_cat-liikuntaedut","8":"product_cat-verkkotreenit","10":"first","11":"instock","12":"taxable","13":"shipping-taxable","14":"purchasable","15":"product-type-simple","16":"entry","17":"content-bg","18":"loop-entry"},"acf":[],"_links":{"self":[{"href":"https:\/\/marketplace.epassi.fi\/studioyin\/wp-json\/wp\/v2\/product\/470","targetHints":{"allow":["GET"]}}],"collection":[{"href":"https:\/\/marketplace.epassi.fi\/studioyin\/wp-json\/wp\/v2\/product"}],"about":[{"href":"https:\/\/marketplace.epassi.fi\/studioyin\/wp-json\/wp\/v2\/types\/product"}],"replies":[{"embeddable":true,"href":"https:\/\/marketplace.epassi.fi\/studioyin\/wp-json\/wp\/v2\/comments?post=470"}],"wp:featuredmedia":[{"embeddable":true,"href":"https:\/\/marketplace.epassi.fi\/studioyin\/wp-json\/wp\/v2\/media\/472"}],"wp:attachment":[{"href":"https:\/\/marketplace.epassi.fi\/studioyin\/wp-json\/wp\/v2\/media?parent=470"}],"wp:term":[{"taxonomy":"product_brand","embeddable":true,"href":"https:\/\/marketplace.epassi.fi\/studioyin\/wp-json\/wp\/v2\/product_brand?post=470"},{"taxonomy":"product_cat","embeddable":true,"href":"https:\/\/marketplace.epassi.fi\/studioyin\/wp-json\/wp\/v2\/product_cat?post=470"},{"taxonomy":"product_tag","embeddable":true,"href":"https:\/\/marketplace.epassi.fi\/studioyin\/wp-json\/wp\/v2\/product_tag?post=470"}],"curies":[{"name":"wp","href":"https:\/\/api.w.org\/{rel}","templated":true}]}}