{"id":995,"date":"2025-12-26T18:42:05","date_gmt":"2025-12-26T16:42:05","guid":{"rendered":"https:\/\/marketplace.epassi.fi\/studioyin\/?post_type=product&#038;p=995"},"modified":"2026-01-25T17:34:27","modified_gmt":"2026-01-25T15:34:27","slug":"barre-vahva-ja-ryhdikas-keho","status":"publish","type":"product","link":"https:\/\/marketplace.epassi.fi\/studioyin\/kauppa\/liikuntaedut\/verkkotreenit\/barre-vahva-ja-ryhdikas-keho\/","title":{"rendered":"Barre \u2013 vahva ja ryhdik\u00e4s keho"},"content":{"rendered":"<p data-pm-slice=\"1 3 []\">Kokonaisuus sis\u00e4lt\u00e4\u00e4 <strong>Barre-perusteet -tunnin sek\u00e4 nelj\u00e4 erilaista harjoitusta<\/strong>, joiden avulla p\u00e4\u00e4set turvallisesti alkuun ja voit edet\u00e4 kohti vahvempaa, ryhdikk\u00e4\u00e4mp\u00e4\u00e4 ja kevyemp\u00e4\u00e4 oloa kehossa. Harjoitukset tehd\u00e4\u00e4n p\u00e4\u00e4osin seisten, ja mukana on my\u00f6s vatsalihas- ja yl\u00e4vartaloty\u00f6t\u00e4.<\/p>\n<p>Sopii erinomaisesti sinulle, joka:<\/p>\n<ul>\n<li>haluat <strong>vahvistaa jalkoja ja keskivartaloa<\/strong><\/li>\n<li>kaipaat <strong>ryhti\u00e4, kehonhallintaa ja lihaskest\u00e4vyytt\u00e4<\/strong><\/li>\n<li>pid\u00e4t musiikista ja selke\u00e4st\u00e4, rytmikk\u00e4\u00e4st\u00e4 harjoittelusta<\/li>\n<li>etsit tehokasta mutta lempe\u00e4\u00e4 treeni\u00e4 kotona teht\u00e4v\u00e4ksi<\/li>\n<\/ul>\n","protected":false},"excerpt":{"rendered":"<p data-pm-slice=\"1 3 []\">Kokonaisuus sis\u00e4lt\u00e4\u00e4 <strong>Barre-perusteet -tunnin sek\u00e4 nelj\u00e4 erilaista dynaamista harjoitusta<\/strong>, joiden avulla p\u00e4\u00e4set turvallisesti alkuun ja voit edet\u00e4 kohti vahvempaa, ryhdikk\u00e4\u00e4mp\u00e4\u00e4 ja kevyemp\u00e4\u00e4 oloa kehossa. Harjoitukset tehd\u00e4\u00e4n p\u00e4\u00e4osin seisten, ja mukana on my\u00f6s vatsalihas- ja yl\u00e4vartaloty\u00f6t\u00e4.<\/p>\n<p>Sopii erinomaisesti sinulle, joka:<\/p>\n<ul>\n<li>haluat <strong>vahvistaa jalkoja ja keskivartaloa<\/strong><\/li>\n<li>kaipaat <strong>ryhti\u00e4, kehonhallintaa ja lihaskest\u00e4vyytt\u00e4<\/strong><\/li>\n<li>pid\u00e4t musiikista ja selke\u00e4st\u00e4, rytmikk\u00e4\u00e4st\u00e4 harjoittelusta<\/li>\n<li>etsit tehokasta mutta lempe\u00e4\u00e4 treeni\u00e4 kotona teht\u00e4v\u00e4ksi<\/li>\n<\/ul>\n<p data-pm-slice=\"1 1 []\"><strong>1. Barre perusteet<br \/>\n<\/strong>T\u00e4m\u00e4 tunti on t\u00e4ydellinen aloitus barre-harjoitteluun. Opit barre-harjoittelun perusliikkeet ja -asennot rauhallisesti ja selke\u00e4sti ohjattuna. Liikkeet ovat yksinkertaisia mutta yll\u00e4tt\u00e4v\u00e4n tehokkaita. Rytmik\u00e4s musiikki tukee tekemist\u00e4 ja tekee harjoituksesta miellytt\u00e4v\u00e4n virtaavan. Sopii hyvin my\u00f6s sinulle, joka et ole aiemmin kokeillut barrea.<\/p>\n<p><strong>2. Tehokas 30 min barre \u2013 alavartalo, selk\u00e4 ja vatsalihakset<br \/>\n<\/strong>Napakka ja tehokas barre-harjoitus, jossa keskityt\u00e4\u00e4n erityisesti:<\/p>\n<ul>\n<li>jalkojen ja pakaroiden lihaskest\u00e4vyyteen<\/li>\n<li>keskivartalon hallintaan<\/li>\n<li>sel\u00e4n tukeen ja vahvistamiseenT\u00e4m\u00e4 30 minuutin harjoitus sopii loistavasti kiireiseen p\u00e4iv\u00e4\u00e4n, kun haluat saada aikaan paljon lyhyess\u00e4 ajassa. Tunnet ty\u00f6n erityisesti alavartalossa ja keskivartalossa \u2013 turvallisesti ja hallitusti.<\/li>\n<\/ul>\n<p><strong>3. Barre &#8211; Ala -ja keskivartalon lihaskest\u00e4vyys ja liikkuvuus<\/strong>T\u00e4ss\u00e4 harjoituksessa yhdistyv\u00e4t:<\/p>\n<ul>\n<li>lihaskest\u00e4vyys<\/li>\n<li>kehonhallinta<\/li>\n<li>liikkuvuus<\/li>\n<\/ul>\n<p>Tunti vahvistaa jalkoja ja keskivartaloa, mutta samalla huoltaa lihaksia ja niveli\u00e4. Liikkeet tukevat ryhti\u00e4 ja auttavat kehoa toimimaan paremmin arjessa. Erinomainen harjoitus, jos kaipaat sek\u00e4 voimaa ett\u00e4 keveyden tunnetta kehoon.<\/p>\n<p><strong>4. Barre &#8211; Jalkojen lihaskest\u00e4vyys ja liikkuvuus sek\u00e4 vatsalihasharjoituksia<br \/>\n<\/strong>T\u00e4m\u00e4 harjoitus keskittyy erityisesti:<\/p>\n<ul>\n<li>jalkojen ja pakaroiden lihaskest\u00e4vyyteen<\/li>\n<li>lonkkien ja alaraajojen liikkuvuuteen<\/li>\n<li>vatsalihasten vahvistamiseen<\/li>\n<\/ul>\n<p>Harjoitus tuntuu, mutta tekee hyv\u00e4\u00e4. Lopputuloksena on vahvemmat jalat, parempi kehonhallinta ja vetre\u00e4mpi olo. Sopii hyvin my\u00f6s k\u00e4velyn, joogan tai muun liikunnan rinnalle.<\/p>\n<p><strong>5. Kokovartalon Barre -harjoitus -jalta, k\u00e4det, hartiat ja selk\u00e4<br \/>\n<\/strong>Monipuolinen kokovartaloharjoitus, jossa koko keho p\u00e4\u00e4see t\u00f6ihin:<\/p>\n<ul>\n<li>jalat ja pakarat<\/li>\n<li>k\u00e4det ja hartiat<\/li>\n<li>selk\u00e4 ja keskivartalo<\/li>\n<\/ul>\n<p>T\u00e4m\u00e4 tunti vahvistaa ryhti\u00e4, parantaa kehonhallintaa ja j\u00e4tt\u00e4\u00e4 energisen mutta miellytt\u00e4v\u00e4n olon. Erinomainen valinta, kun haluat tehd\u00e4 <strong>yhden harjoituksen, joka huomioi koko kehon<\/strong>.<\/p>\n<p><b>K\u00c4YTT\u00d6\u00d6NOTTO:<br \/>\n<\/b><\/p>\n<ol>\n<li>Maksu siirret\u00e4\u00e4n henkil\u00f6kohtaiselle Studio Yin Online tilillesi 1-2 vuorokauden kuluessa. Luo Studio Yin Online asiakastili mik\u00e4li sinulla ei viel\u00e4 sellaista ole tai voimme l\u00e4hett\u00e4\u00e4 kutsun sinulle palveluun.<\/li>\n<li>Valitse tuote ja maksa t\u00e4\u00e4ll\u00e4<\/li>\n<li>Luo asikastili Studio Yin Online palveluun. Luo <a href=\"https:\/\/online.studioyin.com\/\">Online asiakastili t\u00e4\u00e4ll\u00e4&gt;<\/a><\/li>\n<li>Maksu ja tilaus liitet\u00e4\u00e4n henkil\u00f6kohtaiselle Studio Yin Online tilillesi<\/li>\n<\/ol>\n","protected":false},"featured_media":996,"comment_status":"open","ping_status":"closed","template":"","meta":{"_acf_changed":false,"_kad_post_transparent":"default","_kad_post_title":"","_kad_post_layout":"default","_kad_post_sidebar_id":"","_kad_post_content_style":"default","_kad_post_vertical_padding":"default","_kad_post_feature":"","_kad_post_feature_position":"","_kad_post_header":false,"_kad_post_footer":false,"_kad_post_classname":""},"product_brand":[],"product_cat":[19,28],"product_tag":[],"class_list":{"0":"post-995","1":"product","2":"type-product","3":"status-publish","4":"has-post-thumbnail","6":"product_cat-liikuntaedut","7":"product_cat-verkkotreenit","9":"first","10":"instock","11":"virtual","12":"taxable","13":"purchasable","14":"product-type-simple","15":"entry","16":"content-bg","17":"loop-entry"},"acf":[],"_links":{"self":[{"href":"https:\/\/marketplace.epassi.fi\/studioyin\/wp-json\/wp\/v2\/product\/995","targetHints":{"allow":["GET"]}}],"collection":[{"href":"https:\/\/marketplace.epassi.fi\/studioyin\/wp-json\/wp\/v2\/product"}],"about":[{"href":"https:\/\/marketplace.epassi.fi\/studioyin\/wp-json\/wp\/v2\/types\/product"}],"replies":[{"embeddable":true,"href":"https:\/\/marketplace.epassi.fi\/studioyin\/wp-json\/wp\/v2\/comments?post=995"}],"wp:featuredmedia":[{"embeddable":true,"href":"https:\/\/marketplace.epassi.fi\/studioyin\/wp-json\/wp\/v2\/media\/996"}],"wp:attachment":[{"href":"https:\/\/marketplace.epassi.fi\/studioyin\/wp-json\/wp\/v2\/media?parent=995"}],"wp:term":[{"taxonomy":"product_brand","embeddable":true,"href":"https:\/\/marketplace.epassi.fi\/studioyin\/wp-json\/wp\/v2\/product_brand?post=995"},{"taxonomy":"product_cat","embeddable":true,"href":"https:\/\/marketplace.epassi.fi\/studioyin\/wp-json\/wp\/v2\/product_cat?post=995"},{"taxonomy":"product_tag","embeddable":true,"href":"https:\/\/marketplace.epassi.fi\/studioyin\/wp-json\/wp\/v2\/product_tag?post=995"}],"curies":[{"name":"wp","href":"https:\/\/api.w.org\/{rel}","templated":true}]}}