{"id":22,"date":"2021-09-13T17:45:59","date_gmt":"2021-09-13T17:45:59","guid":{"rendered":"https:\/\/marketplace.epassi.fi\/suhk\/?page_id=22"},"modified":"2021-10-12T10:57:35","modified_gmt":"2021-10-12T10:57:35","slug":"info","status":"publish","type":"page","link":"https:\/\/marketplace.epassi.fi\/suhk\/info\/","title":{"rendered":"Info"},"content":{"rendered":"\n\t<div class=\"entry-content single-content\">\n\n\t\t<div class=\"wp-block-columns\" style=\"gap:30px\">\n\t\t\t<div class=\"wp-block-column\">\n\t\t\t\t<h2>Urheiluhierontaa, fysioterapiaa ja osteopatiaa<\/h2>\n\t\t\t\t<p><p>Pid\u00e4 huolta el\u00e4m\u00e4nlaadustasi - Paranna suorituksiasi - Turvaa toimintakykysi<\/p>\n<p>SUHK on vuonna 2005 perustettu perheyritys, jossa yli 120 koulutettua terveydenhuollon ammattilaista ovat valmiina palvelemaan sinua. <\/p>\n<p>Mahtavat ammattilaisemme ovat valmiina palvelemaan sinua Espoossa, Helsingiss\u00e4, Kirkkonummella, Kuopiossa, Lahdessa ja Tampereella. Meill\u00e4 jokainen asiakas kohdataan yksil\u00f6n\u00e4 kuunnellen. Tavoitteenamme on tarjota jokaiselle asiakkaalle el\u00e4m\u00e4ns\u00e4 paras hierontakokemus.<\/p>\n<p>Tutustu palveluihimme tarkemmin www.suhk.fi<\/p>\n<\/p>\n\t\t\t\t<h3>Suomen Urheiluhierontakeskus SUHK Oy<\/h3>\n\t\t\t\t<p>Espoo, Helsinki, Kirkkonummi, Kuopio, Lahti, Tampere<br>\n\t\t\t\t\twww.suhk.fi <\/p>\n\t\t\t\t<p><a href=\"tel:\"><\/a><\/p>\n\t\t\t\t<p><a href=\"mailto:info@suhk.fi\">info@suhk.fi<\/a><\/p>\n\n\t\t\t\t<h2>Toimipisteet<\/h2><div class=\"info-page-location-list\"><div class=\"info-page-location\"><h3>Helsinki Kamppi<\/h3><p>Fredrikinkatu 47, 00100 Helsinki<\/p><p><p><a href=\"https:\/\/www.google.com\/maps\/search\/?api=1&query=Google&query_place_id=ChIJdXfFHssLkkYRX_DAkXEMkX0\">Katso sijainti kartalla <span>&#8599;<\/span><\/a><\/p><\/p><p><\/p><\/div><div class=\"info-page-location\"><h3>Espoo Lepp\u00e4vaara<\/h3><p>Lintuvaarantie 2, 02650 Espoo<\/p><p><p><a href=\"https:\/\/www.google.com\/maps\/search\/?api=1&query=Google&query_place_id=ChIJ4b5QZnz2jUYRqZzhrKv4Io0\">Katso sijainti kartalla <span>&#8599;<\/span><\/a><\/p><\/p><p><\/p><\/div><div class=\"info-page-location\"><h3>Espoo Niittykumpu <\/h3><p>Kappelikuja 6 C, 02200 Espoo<\/p><p><p><a href=\"https:\/\/www.google.com\/maps\/search\/?api=1&query=Google&query_place_id=ChIJWUrlltX1jUYRNPZTcHkoJn8\">Katso sijainti kartalla <span>&#8599;<\/span><\/a><\/p><\/p><p><\/p><\/div><div class=\"info-page-location\"><h3>Espoo Suomenoja<\/h3><p>Suomalaistentie 7, 02270 Espoo<\/p><p><p><a href=\"https:\/\/www.google.com\/maps\/search\/?api=1&query=Google&query_place_id=ChIJE071o-v0jUYRLJ_o-cgxp4o\">Katso sijainti kartalla <span>&#8599;<\/span><\/a><\/p><\/p><p><\/p><\/div><div class=\"info-page-location\"><h3>Espoo Tapiola<\/h3><p>Revontulentie 8 C, 02100 Espoo<\/p><p><p><a href=\"https:\/\/www.google.com\/maps\/search\/?api=1&query=Google&query_place_id=ChIJh_ryjJf1jUYRAIJ7MzyFNNI\">Katso sijainti kartalla <span>&#8599;<\/span><\/a><\/p><\/p><p><\/p><\/div><div class=\"info-page-location\"><h3>Helsinki Espa<\/h3><p>Etel\u00e4esplanadi 22, 00130 Helsinki<\/p><p><p><a href=\"https:\/\/www.google.com\/maps\/search\/?api=1&query=Google&query_place_id=ChIJlQH7TskLkkYR4gd2CJHw9M0\">Katso sijainti kartalla <span>&#8599;<\/span><\/a><\/p><\/p><p><\/p><\/div><div class=\"info-page-location\"><h3>Helsinki K\u00e4pyl\u00e4<\/h3><p>V\u00e4in\u00f6l\u00e4nkatu 2, 00610 Helsinki<\/p><p><p><a href=\"https:\/\/www.google.com\/maps\/search\/?api=1&query=Google&query_place_id=ChIJE7X29r0JkkYRL6mE-LkcZ2k\">Katso sijainti kartalla <span>&#8599;<\/span><\/a><\/p><\/p><p><\/p><\/div><div class=\"info-page-location\"><h3>Helsinki Etu-T\u00f6\u00f6l\u00f6<\/h3><p>Nervanderinkatu 10, 00100 Helsinki<\/p><p><p><a href=\"https:\/\/www.google.com\/maps\/search\/?api=1&query=Google&query_place_id=ChIJP2mUYuQLkkYRCY0y0zKj8qU\">Katso sijainti kartalla <span>&#8599;<\/span><\/a><\/p><\/p><p><\/p><\/div><div class=\"info-page-location\"><h3>Kirkkonummi<\/h3><p>Pit\u00e4j\u00e4ntuvanpolku 2 LT 1, 02400 Kirkkonummi<\/p><p><p><a href=\"https:\/\/www.google.com\/maps\/search\/?api=1&query=Google&query_place_id=ChIJ5TK98veNjUYRNGEls1kTEBs\">Katso sijainti kartalla <span>&#8599;<\/span><\/a><\/p><\/p><p><\/p><\/div><div class=\"info-page-location\"><h3>Helsinki Konala<\/h3><p>Konalantie 47b, 00390 Helsinki<\/p><p><p><a href=\"https:\/\/www.google.com\/maps\/search\/?api=1&query=Google&query_place_id=ChIJrSP6f4X3jUYR81rYTUvSnhs\">Katso sijainti kartalla <span>&#8599;<\/span><\/a><\/p><\/p><p><\/p><\/div><div class=\"info-page-location\"><h3>Tampere - Keskusta<\/h3><p>Rautatienkatu 22, 33100 Tampere<\/p><p><p><a href=\"https:\/\/www.google.com\/maps\/search\/?api=1&query=Google&query_place_id=ChIJrZ59T33fjkYRUDAd1BuHIXs\">Katso sijainti kartalla <span>&#8599;<\/span><\/a><\/p><\/p><p><\/p><\/div><div class=\"info-page-location\"><h3>Espoonlahti<\/h3><p>Espoonlahdenkuja 3, 02320 Espoo<\/p><p><p><a href=\"https:\/\/www.google.com\/maps\/search\/?api=1&query=Google&query_place_id=ChIJs6s2tLH0jUYROdA3AYTudbY\">Katso sijainti kartalla <span>&#8599;<\/span><\/a><\/p><\/p><p><\/p><\/div><div class=\"info-page-location\"><h3>Tampere - Tammela<\/h3><p>Erkkil\u00e4nkatu 11, 33100 Tampere<\/p><p><p><a href=\"https:\/\/www.google.com\/maps\/search\/?api=1&query=Google&query_place_id=Ei5FcmtraWzDpG5rYXR1IDExIDUga3JzLCAzMzEwMCBUYW1wZXJlLCBGaW5sYW5kIiEaHwoWChQKEgkPWMFpVSePRhEb4H_dKSpYYBIFNSBrcnM\">Katso sijainti kartalla <span>&#8599;<\/span><\/a><\/p><\/p><p><\/p><\/div><div class=\"info-page-location\"><h3>Kuopio<\/h3><p>Kauppakatu 33, 70100 Kuopio<\/p><p><p><a href=\"https:\/\/www.google.com\/maps\/search\/?api=1&query=Google&query_place_id=ChIJaxk6tIuwhEYR5E980DDq5sE\">Katso sijainti kartalla <span>&#8599;<\/span><\/a><\/p><\/p><p><\/p><\/div><div class=\"info-page-location\"><h3>SUHK Lahti<\/h3><p>Vapaudenkatu 13, 15110 Lahti<\/p><p><p><a href=\"https:\/\/www.google.com\/maps\/search\/?api=1&query=Google&query_place_id=ChIJL-CWVlIojkYR2bW8e76MQo0\">Katso sijainti kartalla <span>&#8599;<\/span><\/a><\/p><\/p><p><\/p><\/div><\/div>\t\t\t<\/div>\n\n\t\t\t<div class=\"wp-block-column\">\n\t\t\t\t<figure class=\"wp-block-image size-large\"><img loading=\"lazy\" decoding=\"async\" width=\"768\" height=\"768\" src=\"https:\/\/marketplace.epassi.fi\/suhk\/wp-content\/uploads\/sites\/164\/2025\/12\/Hieronta_uusi-768x768.jpg\" class=\"attachment-medium_large size-medium_large\" alt=\"\" \/><\/figure>\n\t\t\t<\/div>\n\t\t<\/div>\n\t<\/div>\n\t\n","protected":false},"excerpt":{"rendered":"","protected":false},"author":2,"featured_media":0,"parent":0,"menu_order":0,"comment_status":"closed","ping_status":"closed","template":"","meta":{"_acf_changed":false,"_kad_post_transparent":"","_kad_post_title":"","_kad_post_layout":"","_kad_post_sidebar_id":"","_kad_post_content_style":"","_kad_post_vertical_padding":"","_kad_post_feature":"","_kad_post_feature_position":"","_kad_post_header":false,"_kad_post_footer":false,"_kad_post_classname":"","footnotes":""},"class_list":["post-22","page","type-page","status-publish","hentry"],"acf":[],"_links":{"self":[{"href":"https:\/\/marketplace.epassi.fi\/suhk\/wp-json\/wp\/v2\/pages\/22","targetHints":{"allow":["GET"]}}],"collection":[{"href":"https:\/\/marketplace.epassi.fi\/suhk\/wp-json\/wp\/v2\/pages"}],"about":[{"href":"https:\/\/marketplace.epassi.fi\/suhk\/wp-json\/wp\/v2\/types\/page"}],"author":[{"embeddable":true,"href":"https:\/\/marketplace.epassi.fi\/suhk\/wp-json\/wp\/v2\/users\/2"}],"replies":[{"embeddable":true,"href":"https:\/\/marketplace.epassi.fi\/suhk\/wp-json\/wp\/v2\/comments?post=22"}],"version-history":[{"count":10,"href":"https:\/\/marketplace.epassi.fi\/suhk\/wp-json\/wp\/v2\/pages\/22\/revisions"}],"predecessor-version":[{"id":264,"href":"https:\/\/marketplace.epassi.fi\/suhk\/wp-json\/wp\/v2\/pages\/22\/revisions\/264"}],"wp:attachment":[{"href":"https:\/\/marketplace.epassi.fi\/suhk\/wp-json\/wp\/v2\/media?parent=22"}],"curies":[{"name":"wp","href":"https:\/\/api.w.org\/{rel}","templated":true}]}}