{"id":282,"date":"2021-12-07T16:49:14","date_gmt":"2021-12-07T14:49:14","guid":{"rendered":"https:\/\/marketplace.epassi.fi\/suhk\/?post_type=product&#038;p=282"},"modified":"2025-12-02T19:37:44","modified_gmt":"2025-12-02T17:37:44","slug":"urheiluhieronta-sarjakortti-6-x-30min","status":"publish","type":"product","link":"https:\/\/marketplace.epassi.fi\/suhk\/kauppa\/hyvinvointi\/hieronta\/urheiluhieronta-sarjakortti-6-x-30min\/","title":{"rendered":"URHEILUHIERONTA SARJAKORTTI 5 X 60 MIN"},"content":{"rendered":"<p>T\u00e4rke\u00e4 osa hyvinvointia ja tasapainoista el\u00e4m\u00e4\u00e4 on fyysinen ja henkinen palautuminen. Haluatko v\u00e4hent\u00e4\u00e4 stressi\u00e4, rentoutua ja saada virke\u00e4n mielen? Tule hierontaan! Hieronnalla voidaan my\u00f6s lievent\u00e4\u00e4 erilaisia kiputiloja ja auttaa palautumaan harjoittelusta tai muusta fyysisest\u00e4 rasituksesta. Kaikki urheiluhierojamme ovat rautaisia ammattilaisia, joista suurella osalla on my\u00f6s fysioterapeutin tai osteopaatin koulutus.<\/p>\n","protected":false},"excerpt":{"rendered":"<p>Lahjakortti on voimassa vuoden ostop\u00e4iv\u00e4st\u00e4 ja se k\u00e4y kaikissa toimipisteiss\u00e4 ja kaikille hierojille.<\/p>\n","protected":false},"featured_media":381,"comment_status":"closed","ping_status":"closed","template":"","meta":{"_acf_changed":false,"_kad_post_transparent":"default","_kad_post_title":"","_kad_post_layout":"default","_kad_post_sidebar_id":"","_kad_post_content_style":"default","_kad_post_vertical_padding":"default","_kad_post_feature":"","_kad_post_feature_position":"","_kad_post_header":false,"_kad_post_footer":false,"_kad_post_classname":""},"product_brand":[],"product_cat":[31,21,15],"product_tag":[],"class_list":{"0":"post-282","1":"product","2":"type-product","3":"status-publish","4":"has-post-thumbnail","6":"product_cat-hieronta","7":"product_cat-hyvinvointi","8":"product_cat-yleinen","10":"first","11":"instock","12":"product-type-external","13":"entry","14":"content-bg","15":"loop-entry"},"acf":[],"_links":{"self":[{"href":"https:\/\/marketplace.epassi.fi\/suhk\/wp-json\/wp\/v2\/product\/282","targetHints":{"allow":["GET"]}}],"collection":[{"href":"https:\/\/marketplace.epassi.fi\/suhk\/wp-json\/wp\/v2\/product"}],"about":[{"href":"https:\/\/marketplace.epassi.fi\/suhk\/wp-json\/wp\/v2\/types\/product"}],"replies":[{"embeddable":true,"href":"https:\/\/marketplace.epassi.fi\/suhk\/wp-json\/wp\/v2\/comments?post=282"}],"wp:featuredmedia":[{"embeddable":true,"href":"https:\/\/marketplace.epassi.fi\/suhk\/wp-json\/wp\/v2\/media\/381"}],"wp:attachment":[{"href":"https:\/\/marketplace.epassi.fi\/suhk\/wp-json\/wp\/v2\/media?parent=282"}],"wp:term":[{"taxonomy":"product_brand","embeddable":true,"href":"https:\/\/marketplace.epassi.fi\/suhk\/wp-json\/wp\/v2\/product_brand?post=282"},{"taxonomy":"product_cat","embeddable":true,"href":"https:\/\/marketplace.epassi.fi\/suhk\/wp-json\/wp\/v2\/product_cat?post=282"},{"taxonomy":"product_tag","embeddable":true,"href":"https:\/\/marketplace.epassi.fi\/suhk\/wp-json\/wp\/v2\/product_tag?post=282"}],"curies":[{"name":"wp","href":"https:\/\/api.w.org\/{rel}","templated":true}]}}