{"id":22,"date":"2021-09-13T17:45:59","date_gmt":"2021-09-13T17:45:59","guid":{"rendered":"https:\/\/marketplace.epassi.fi\/supergolf\/?page_id=22"},"modified":"2021-10-12T10:57:35","modified_gmt":"2021-10-12T10:57:35","slug":"info","status":"publish","type":"page","link":"https:\/\/marketplace.epassi.fi\/supergolf\/info\/","title":{"rendered":"Info"},"content":{"rendered":"\n\t<div class=\"entry-content single-content\">\n\n\t\t<div class=\"wp-block-columns\" style=\"gap:30px\">\n\t\t\t<div class=\"wp-block-column\">\n\t\t\t\t<h2>Edullista golfia jo vuodesta 2004<\/h2>\n\t\t\t\t<p><p>Supergolf.fi palvelusta l\u00f6yd\u00e4t edulliset golfkierrokset eri golfkentille ymp\u00e4ri Suomea.<br \/>\nVoit ostaa golfkierroksia paketissa; mit\u00e4 enemm\u00e4n kierroksia kerralla ostat, sit\u00e4 halvemmaksi tulee yksi kierros. Kierrokset voit k\u00e4ytt\u00e4\u00e4 vuoden aikana mill\u00e4 tahansa Supergolfin kent\u00e4ll\u00e4.<\/p>\n<p>Voit maksaa golfkierroksia my\u00f6s yksitt\u00e4in. T\u00e4ll\u00f6in hinta vaihtelee valitusta golfkent\u00e4st\u00e4 ja viikonp\u00e4iv\u00e4st\u00e4 riippuen. Ja jos teet varauksen kuluvalle p\u00e4iv\u00e4lle, niin saat kierroksen \u00e4kkil\u00e4ht\u00f6hintaan, alkaen 24 \u20ac \/ 18 reik\u00e4\u00e4.<\/p>\n<p>Siirr\u00e4 ePassin arvoa Supergolfiin haluamasi m\u00e4\u00e4r\u00e4, jonka j\u00e4lkeen se on k\u00e4ytett\u00e4viss\u00e4 mihin tahansa ostokseen 12 kuukauden aikana.<\/p>\n<\/p>\n\t\t\t\t<h3>Supergolf.fi<\/h3>\n\t\t\t\t<p>J\u00e4ms\u00e4nkatu 2<br>\n\t\t\t\t\t00520 Helsinki<\/p>\n\t\t\t\t<p><a href=\"tel:010 411 5670\">010 411 5670<\/a><\/p>\n\t\t\t\t<p><a href=\"mailto:asiakaspalvelu@supergolf.fi\">asiakaspalvelu@supergolf.fi<\/a><\/p>\n\n\t\t\t\t\t\t\t<\/div>\n\n\t\t\t<div class=\"wp-block-column\">\n\t\t\t\t<figure class=\"wp-block-image size-large\"><img loading=\"lazy\" decoding=\"async\" width=\"498\" height=\"392\" src=\"https:\/\/marketplace.epassi.fi\/supergolf\/wp-content\/uploads\/sites\/29\/2021\/11\/Screenshot-2021-11-16-17.11.15-xxx.png\" class=\"attachment-medium_large size-medium_large\" alt=\"\" \/><\/figure>\n\t\t\t<\/div>\n\t\t<\/div>\n\t<\/div>\n\t\n","protected":false},"excerpt":{"rendered":"","protected":false},"author":2,"featured_media":0,"parent":0,"menu_order":0,"comment_status":"closed","ping_status":"closed","template":"","meta":{"_acf_changed":false,"_kad_post_transparent":"","_kad_post_title":"","_kad_post_layout":"","_kad_post_sidebar_id":"","_kad_post_content_style":"","_kad_post_vertical_padding":"","_kad_post_feature":"","_kad_post_feature_position":"","_kad_post_header":false,"_kad_post_footer":false,"_kad_post_classname":"","footnotes":""},"class_list":["post-22","page","type-page","status-publish","hentry"],"acf":[],"_links":{"self":[{"href":"https:\/\/marketplace.epassi.fi\/supergolf\/wp-json\/wp\/v2\/pages\/22","targetHints":{"allow":["GET"]}}],"collection":[{"href":"https:\/\/marketplace.epassi.fi\/supergolf\/wp-json\/wp\/v2\/pages"}],"about":[{"href":"https:\/\/marketplace.epassi.fi\/supergolf\/wp-json\/wp\/v2\/types\/page"}],"author":[{"embeddable":true,"href":"https:\/\/marketplace.epassi.fi\/supergolf\/wp-json\/wp\/v2\/users\/2"}],"replies":[{"embeddable":true,"href":"https:\/\/marketplace.epassi.fi\/supergolf\/wp-json\/wp\/v2\/comments?post=22"}],"version-history":[{"count":10,"href":"https:\/\/marketplace.epassi.fi\/supergolf\/wp-json\/wp\/v2\/pages\/22\/revisions"}],"predecessor-version":[{"id":264,"href":"https:\/\/marketplace.epassi.fi\/supergolf\/wp-json\/wp\/v2\/pages\/22\/revisions\/264"}],"wp:attachment":[{"href":"https:\/\/marketplace.epassi.fi\/supergolf\/wp-json\/wp\/v2\/media?parent=22"}],"curies":[{"name":"wp","href":"https:\/\/api.w.org\/{rel}","templated":true}]}}