{"id":22,"date":"2021-09-13T17:45:59","date_gmt":"2021-09-13T17:45:59","guid":{"rendered":"https:\/\/marketplace.epassi.fi\/surfhousehelsinki\/?page_id=22"},"modified":"2021-10-12T10:57:35","modified_gmt":"2021-10-12T10:57:35","slug":"info","status":"publish","type":"page","link":"https:\/\/marketplace.epassi.fi\/surfhousehelsinki\/info\/","title":{"rendered":"Info"},"content":{"rendered":"\n\t<div class=\"entry-content single-content\">\n\n\t\t<div class=\"wp-block-columns\" style=\"gap:30px\">\n\t\t\t<div class=\"wp-block-column\">\n\t\t\t\t<h2>Surf House Helsinki - kes\u00e4 aina kun haluat!<\/h2>\n\t\t\t\t<p><p>Surf Housessa joka p\u00e4iv\u00e4 on t\u00e4ydellinen kes\u00e4p\u00e4iv\u00e4: tasainen +27 l\u00e4mp\u00f6tila, aaltokoneen muhkeat surffiaallot ja t\u00e4yden palvelun rantaravintola palmuineen varmistavat onnistuneen irtioton kylm\u00e4st\u00e4 ja arjesta.<br \/>\nHalusitpa surffata, rentoutua, sy\u00f6d\u00e4, juhlia tai viett\u00e4\u00e4 kivan kes\u00e4p\u00e4iv\u00e4n lasten kanssa, Surf House ei j\u00e4t\u00e4 ket\u00e4\u00e4n kylm\u00e4ksi. Kun kaipaat kes\u00e4\u00e4 edes hetkeksi, pakkaa kes\u00e4vaatteet mukaan ja tule Triplaan. Ikuinen kes\u00e4 l\u00f6ytyy kerroksesta P4, ilman p\u00e4\u00e4symaksua!<\/p>\n<\/p>\n\t\t\t\t<h3>Surf House Helsinki<\/h3>\n\t\t\t\t<p>Mall of Tripla, Fredikanterassi 1<br>\n\t\t\t\t\t00520 Helsinki<\/p>\n\t\t\t\t<p><a href=\"tel:0400 252 949\">0400 252 949<\/a><\/p>\n\t\t\t\t<p><a href=\"mailto:info@surfhousehelsinki.com\">info@surfhousehelsinki.com<\/a><\/p>\n\n\t\t\t\t<h2>Toimipisteet<\/h2><div class=\"info-page-location-list\"><div class=\"info-page-location\"><h3>Surf House Helsinki<\/h3><p>Fredikanterassi 1, 00520 Helsinki<\/p><p><p><a href=\"https:\/\/www.google.com\/maps\/search\/?api=1&query=Google&query_place_id=ChIJHdwFLYwJkkYRwYuGCdVpeSQ\">Katso sijainti kartalla <span>&#8599;<\/span><\/a><\/p><\/p><p><\/p><\/div><\/div>\t\t\t<\/div>\n\n\t\t\t<div class=\"wp-block-column\">\n\t\t\t\t<figure class=\"wp-block-image size-large\"><\/figure>\n\t\t\t<\/div>\n\t\t<\/div>\n\t<\/div>\n\t\n","protected":false},"excerpt":{"rendered":"","protected":false},"author":2,"featured_media":0,"parent":0,"menu_order":0,"comment_status":"closed","ping_status":"closed","template":"","meta":{"_acf_changed":false,"_kad_post_transparent":"","_kad_post_title":"","_kad_post_layout":"","_kad_post_sidebar_id":"","_kad_post_content_style":"","_kad_post_vertical_padding":"","_kad_post_feature":"","_kad_post_feature_position":"","_kad_post_header":false,"_kad_post_footer":false,"_kad_post_classname":"","footnotes":""},"class_list":["post-22","page","type-page","status-publish","hentry"],"acf":[],"_links":{"self":[{"href":"https:\/\/marketplace.epassi.fi\/surfhousehelsinki\/wp-json\/wp\/v2\/pages\/22","targetHints":{"allow":["GET"]}}],"collection":[{"href":"https:\/\/marketplace.epassi.fi\/surfhousehelsinki\/wp-json\/wp\/v2\/pages"}],"about":[{"href":"https:\/\/marketplace.epassi.fi\/surfhousehelsinki\/wp-json\/wp\/v2\/types\/page"}],"author":[{"embeddable":true,"href":"https:\/\/marketplace.epassi.fi\/surfhousehelsinki\/wp-json\/wp\/v2\/users\/2"}],"replies":[{"embeddable":true,"href":"https:\/\/marketplace.epassi.fi\/surfhousehelsinki\/wp-json\/wp\/v2\/comments?post=22"}],"version-history":[{"count":10,"href":"https:\/\/marketplace.epassi.fi\/surfhousehelsinki\/wp-json\/wp\/v2\/pages\/22\/revisions"}],"predecessor-version":[{"id":264,"href":"https:\/\/marketplace.epassi.fi\/surfhousehelsinki\/wp-json\/wp\/v2\/pages\/22\/revisions\/264"}],"wp:attachment":[{"href":"https:\/\/marketplace.epassi.fi\/surfhousehelsinki\/wp-json\/wp\/v2\/media?parent=22"}],"curies":[{"name":"wp","href":"https:\/\/api.w.org\/{rel}","templated":true}]}}