{"id":714,"date":"2023-11-03T14:51:34","date_gmt":"2023-11-03T12:51:34","guid":{"rendered":"https:\/\/marketplace.epassi.fi\/sveitsirent\/?post_type=product&#038;p=714"},"modified":"2024-12-02T05:03:53","modified_gmt":"2024-12-02T03:03:53","slug":"lahjakortti-30e","status":"publish","type":"product","link":"https:\/\/marketplace.epassi.fi\/sveitsirent\/kauppa\/liikuntaedut\/liikunta-muut\/lahjakortti-30e\/","title":{"rendered":"Sveitsi Rent lahjakortit"},"content":{"rendered":"<p>Lahjakortin summa on k\u00e4ytett\u00e4viss\u00e4 kaikkiin vuokrauksiin haluttuna ajankohtana &#8211; ymp\u00e4ri vuoden. Lahjakortti on voimassa 12kk ostop\u00e4iv\u00e4st\u00e4. Lahjakortti on henkil\u00f6kohtainen ja se toimitetaan ilmoittamaasi s\u00e4hk\u00f6postiin.<\/p>\n","protected":false},"excerpt":{"rendered":"<p>Ilahduta itse\u00e4si Sveitsi Rent lahjakortilla ja tule viett\u00e4m\u00e4\u00e4n aktiivinen p\u00e4iv\u00e4 upeassa luonnossa hauskoilla v\u00e4lineill\u00e4!<\/p>\n<p>Lis\u00e4tiedot: 0408403739 tai myynti@sveitsirent.fi.<\/p>\n","protected":false},"featured_media":662,"comment_status":"open","ping_status":"closed","template":"","meta":{"_acf_changed":false,"_kad_post_transparent":"default","_kad_post_title":"","_kad_post_layout":"default","_kad_post_sidebar_id":"","_kad_post_content_style":"default","_kad_post_vertical_padding":"default","_kad_post_feature":"","_kad_post_feature_position":"","_kad_post_header":false,"_kad_post_footer":false,"_kad_post_classname":""},"product_brand":[],"product_cat":[29,19],"product_tag":[],"class_list":{"0":"post-714","1":"product","2":"type-product","3":"status-publish","4":"has-post-thumbnail","6":"product_cat-liikunta-muut","7":"product_cat-liikuntaedut","9":"first","10":"instock","11":"taxable","12":"shipping-taxable","13":"purchasable","14":"product-type-variable","15":"entry","16":"content-bg","17":"loop-entry"},"acf":[],"_links":{"self":[{"href":"https:\/\/marketplace.epassi.fi\/sveitsirent\/wp-json\/wp\/v2\/product\/714","targetHints":{"allow":["GET"]}}],"collection":[{"href":"https:\/\/marketplace.epassi.fi\/sveitsirent\/wp-json\/wp\/v2\/product"}],"about":[{"href":"https:\/\/marketplace.epassi.fi\/sveitsirent\/wp-json\/wp\/v2\/types\/product"}],"replies":[{"embeddable":true,"href":"https:\/\/marketplace.epassi.fi\/sveitsirent\/wp-json\/wp\/v2\/comments?post=714"}],"wp:featuredmedia":[{"embeddable":true,"href":"https:\/\/marketplace.epassi.fi\/sveitsirent\/wp-json\/wp\/v2\/media\/662"}],"wp:attachment":[{"href":"https:\/\/marketplace.epassi.fi\/sveitsirent\/wp-json\/wp\/v2\/media?parent=714"}],"wp:term":[{"taxonomy":"product_brand","embeddable":true,"href":"https:\/\/marketplace.epassi.fi\/sveitsirent\/wp-json\/wp\/v2\/product_brand?post=714"},{"taxonomy":"product_cat","embeddable":true,"href":"https:\/\/marketplace.epassi.fi\/sveitsirent\/wp-json\/wp\/v2\/product_cat?post=714"},{"taxonomy":"product_tag","embeddable":true,"href":"https:\/\/marketplace.epassi.fi\/sveitsirent\/wp-json\/wp\/v2\/product_tag?post=714"}],"curies":[{"name":"wp","href":"https:\/\/api.w.org\/{rel}","templated":true}]}}