{"id":730,"date":"2023-11-27T10:40:56","date_gmt":"2023-11-27T08:40:56","guid":{"rendered":"https:\/\/marketplace.epassi.fi\/sveitsirent\/?post_type=product&#038;p=730"},"modified":"2025-12-24T20:34:14","modified_gmt":"2025-12-24T18:34:14","slug":"sveitsi-rent-talvikauden-sarjakortti","status":"publish","type":"product","link":"https:\/\/marketplace.epassi.fi\/sveitsirent\/kauppa\/liikuntaedut\/liikunta-muut\/sveitsi-rent-talvikauden-sarjakortti\/","title":{"rendered":"Talvikauden eFatbike sarjakortit 3x- 5x- 10x 2h"},"content":{"rendered":"<p>Useamman k\u00e4yntikerran sarjakortti, jolla saat kahden tunnin s\u00e4hk\u00f6fatbike- vuokrauksen alennettuun hintaan valitsemanasi ajankohtana talvikaudella. Sis\u00e4lt\u00e4\u00e4 tarvittaessa kyp\u00e4r\u00e4n ja valot. Sarjakortti on henkil\u00f6kohtainen ja se toimitetaan ilmoittamaasi s\u00e4hk\u00f6postiin.<\/p>\n","protected":false},"excerpt":{"rendered":"<p>S\u00e4hk\u00f6py\u00f6r\u00e4ile alennettuun hintaan Sveitsi Rent sarjakortilla! Talvikauden sarjakortti on voimassa koko talvikautemme marraskuun alusta huhtikuun loppuun.<\/p>\n<p>Lis\u00e4tiedot: 0408403739 tai myynti@sveitsirent.fi.<\/p>\n","protected":false},"featured_media":1018,"comment_status":"open","ping_status":"closed","template":"","meta":{"_acf_changed":false,"_kad_post_transparent":"default","_kad_post_title":"","_kad_post_layout":"default","_kad_post_sidebar_id":"","_kad_post_content_style":"default","_kad_post_vertical_padding":"default","_kad_post_feature":"","_kad_post_feature_position":"","_kad_post_header":false,"_kad_post_footer":false,"_kad_post_classname":""},"product_brand":[],"product_cat":[29,19,15],"product_tag":[],"class_list":{"0":"post-730","1":"product","2":"type-product","3":"status-publish","4":"has-post-thumbnail","6":"product_cat-liikunta-muut","7":"product_cat-liikuntaedut","8":"product_cat-yleinen","10":"first","11":"instock","12":"taxable","13":"shipping-taxable","14":"purchasable","15":"product-type-variable","16":"entry","17":"content-bg","18":"loop-entry"},"acf":[],"_links":{"self":[{"href":"https:\/\/marketplace.epassi.fi\/sveitsirent\/wp-json\/wp\/v2\/product\/730","targetHints":{"allow":["GET"]}}],"collection":[{"href":"https:\/\/marketplace.epassi.fi\/sveitsirent\/wp-json\/wp\/v2\/product"}],"about":[{"href":"https:\/\/marketplace.epassi.fi\/sveitsirent\/wp-json\/wp\/v2\/types\/product"}],"replies":[{"embeddable":true,"href":"https:\/\/marketplace.epassi.fi\/sveitsirent\/wp-json\/wp\/v2\/comments?post=730"}],"wp:featuredmedia":[{"embeddable":true,"href":"https:\/\/marketplace.epassi.fi\/sveitsirent\/wp-json\/wp\/v2\/media\/1018"}],"wp:attachment":[{"href":"https:\/\/marketplace.epassi.fi\/sveitsirent\/wp-json\/wp\/v2\/media?parent=730"}],"wp:term":[{"taxonomy":"product_brand","embeddable":true,"href":"https:\/\/marketplace.epassi.fi\/sveitsirent\/wp-json\/wp\/v2\/product_brand?post=730"},{"taxonomy":"product_cat","embeddable":true,"href":"https:\/\/marketplace.epassi.fi\/sveitsirent\/wp-json\/wp\/v2\/product_cat?post=730"},{"taxonomy":"product_tag","embeddable":true,"href":"https:\/\/marketplace.epassi.fi\/sveitsirent\/wp-json\/wp\/v2\/product_tag?post=730"}],"curies":[{"name":"wp","href":"https:\/\/api.w.org\/{rel}","templated":true}]}}