{"id":930,"date":"2024-06-27T18:24:06","date_gmt":"2024-06-27T15:24:06","guid":{"rendered":"https:\/\/marketplace.epassi.fi\/sveitsirent\/?post_type=product&#038;p=930"},"modified":"2025-03-25T11:33:41","modified_gmt":"2025-03-25T09:33:41","slug":"vuokraa-gravelpyora","status":"publish","type":"product","link":"https:\/\/marketplace.epassi.fi\/sveitsirent\/kauppa\/liikuntaedut\/liikunta-muut\/vuokraa-gravelpyora\/","title":{"rendered":"Vuokraa Gravelpy\u00f6r\u00e4"},"content":{"rendered":"<p>Gravelpy\u00f6r\u00e4 vuokraus valitsemallasi kestolla ja ajankohdalla. Sis\u00e4lt\u00e4\u00e4 kyp\u00e4r\u00e4n ja tarvittaessa valot. Voimassa 12 kk ostop\u00e4iv\u00e4st\u00e4. Vuokraus on mahdollinen vain kes\u00e4kaudellamme toukokuun alusta lokakuun loppuun. Vuokraus on henkil\u00f6kohtainen ja vahvistus toimitetaan ilmoittamaasi s\u00e4hk\u00f6postiin.<\/p>\n","protected":false},"excerpt":{"rendered":"<p>Vuokraa laadukas Specialized gravelpy\u00f6r\u00e4 ja viet\u00e4 aktiivinen p\u00e4iv\u00e4 upeassa luonnossa.<\/p>\n<p>Lis\u00e4tiedot: 0408403739 tai myynti@sveitsirent.fi.<\/p>\n","protected":false},"featured_media":940,"comment_status":"open","ping_status":"closed","template":"","meta":{"_acf_changed":false,"_kad_post_transparent":"default","_kad_post_title":"","_kad_post_layout":"default","_kad_post_sidebar_id":"","_kad_post_content_style":"default","_kad_post_vertical_padding":"default","_kad_post_feature":"","_kad_post_feature_position":"","_kad_post_header":false,"_kad_post_footer":false,"_kad_post_classname":""},"product_brand":[],"product_cat":[29,19],"product_tag":[],"class_list":{"0":"post-930","1":"product","2":"type-product","3":"status-publish","4":"has-post-thumbnail","6":"product_cat-liikunta-muut","7":"product_cat-liikuntaedut","9":"first","10":"instock","11":"taxable","12":"shipping-taxable","13":"purchasable","14":"product-type-variable","15":"entry","16":"content-bg","17":"loop-entry"},"acf":[],"_links":{"self":[{"href":"https:\/\/marketplace.epassi.fi\/sveitsirent\/wp-json\/wp\/v2\/product\/930","targetHints":{"allow":["GET"]}}],"collection":[{"href":"https:\/\/marketplace.epassi.fi\/sveitsirent\/wp-json\/wp\/v2\/product"}],"about":[{"href":"https:\/\/marketplace.epassi.fi\/sveitsirent\/wp-json\/wp\/v2\/types\/product"}],"replies":[{"embeddable":true,"href":"https:\/\/marketplace.epassi.fi\/sveitsirent\/wp-json\/wp\/v2\/comments?post=930"}],"wp:featuredmedia":[{"embeddable":true,"href":"https:\/\/marketplace.epassi.fi\/sveitsirent\/wp-json\/wp\/v2\/media\/940"}],"wp:attachment":[{"href":"https:\/\/marketplace.epassi.fi\/sveitsirent\/wp-json\/wp\/v2\/media?parent=930"}],"wp:term":[{"taxonomy":"product_brand","embeddable":true,"href":"https:\/\/marketplace.epassi.fi\/sveitsirent\/wp-json\/wp\/v2\/product_brand?post=930"},{"taxonomy":"product_cat","embeddable":true,"href":"https:\/\/marketplace.epassi.fi\/sveitsirent\/wp-json\/wp\/v2\/product_cat?post=930"},{"taxonomy":"product_tag","embeddable":true,"href":"https:\/\/marketplace.epassi.fi\/sveitsirent\/wp-json\/wp\/v2\/product_tag?post=930"}],"curies":[{"name":"wp","href":"https:\/\/api.w.org\/{rel}","templated":true}]}}