{"id":941,"date":"2024-06-28T10:48:53","date_gmt":"2024-06-28T07:48:53","guid":{"rendered":"https:\/\/marketplace.epassi.fi\/sveitsirent\/?post_type=product&#038;p=941"},"modified":"2025-03-25T11:32:23","modified_gmt":"2025-03-25T09:32:23","slug":"vuokraa-packraft","status":"publish","type":"product","link":"https:\/\/marketplace.epassi.fi\/sveitsirent\/kauppa\/liikuntaedut\/liikunta-muut\/vuokraa-packraft\/","title":{"rendered":"Vuokraa Packraft &#8211; reppulautta"},"content":{"rendered":"<p>Packraft vuokraus valitsemallasi kestolla ja ajankohdalla. Sis\u00e4lt\u00e4\u00e4 kaikki tarvikkeet. Melan, melontaliivin, pumpun ja kantorepun. Voimassa 12 kk ostop\u00e4iv\u00e4st\u00e4. Vuokraus on mahdollinen vain kes\u00e4kaudellamme toukokuun alusta lokakuun loppuun. Vuokraus on henkil\u00f6kohtainen ja vahvistus toimitetaan ilmoittamaasi s\u00e4hk\u00f6postiin.<\/p>\n","protected":false},"excerpt":{"rendered":"<p>Vuokraa laadukas MRS Packraft- reppulautta ja viet\u00e4 aktiivinen p\u00e4iv\u00e4 upeassa luonnossa.<\/p>\n<p>Lis\u00e4tiedot: 0408403739\/ myynti@sveitsirent.fi, www.sveitsirent.fi<\/p>\n","protected":false},"featured_media":950,"comment_status":"open","ping_status":"closed","template":"","meta":{"_acf_changed":false,"_kad_post_transparent":"default","_kad_post_title":"","_kad_post_layout":"default","_kad_post_sidebar_id":"","_kad_post_content_style":"default","_kad_post_vertical_padding":"default","_kad_post_feature":"","_kad_post_feature_position":"","_kad_post_header":false,"_kad_post_footer":false,"_kad_post_classname":""},"product_brand":[],"product_cat":[29,19],"product_tag":[],"class_list":{"0":"post-941","1":"product","2":"type-product","3":"status-publish","4":"has-post-thumbnail","6":"product_cat-liikunta-muut","7":"product_cat-liikuntaedut","9":"first","10":"instock","11":"taxable","12":"shipping-taxable","13":"purchasable","14":"product-type-variable","15":"entry","16":"content-bg","17":"loop-entry"},"acf":[],"_links":{"self":[{"href":"https:\/\/marketplace.epassi.fi\/sveitsirent\/wp-json\/wp\/v2\/product\/941","targetHints":{"allow":["GET"]}}],"collection":[{"href":"https:\/\/marketplace.epassi.fi\/sveitsirent\/wp-json\/wp\/v2\/product"}],"about":[{"href":"https:\/\/marketplace.epassi.fi\/sveitsirent\/wp-json\/wp\/v2\/types\/product"}],"replies":[{"embeddable":true,"href":"https:\/\/marketplace.epassi.fi\/sveitsirent\/wp-json\/wp\/v2\/comments?post=941"}],"wp:featuredmedia":[{"embeddable":true,"href":"https:\/\/marketplace.epassi.fi\/sveitsirent\/wp-json\/wp\/v2\/media\/950"}],"wp:attachment":[{"href":"https:\/\/marketplace.epassi.fi\/sveitsirent\/wp-json\/wp\/v2\/media?parent=941"}],"wp:term":[{"taxonomy":"product_brand","embeddable":true,"href":"https:\/\/marketplace.epassi.fi\/sveitsirent\/wp-json\/wp\/v2\/product_brand?post=941"},{"taxonomy":"product_cat","embeddable":true,"href":"https:\/\/marketplace.epassi.fi\/sveitsirent\/wp-json\/wp\/v2\/product_cat?post=941"},{"taxonomy":"product_tag","embeddable":true,"href":"https:\/\/marketplace.epassi.fi\/sveitsirent\/wp-json\/wp\/v2\/product_tag?post=941"}],"curies":[{"name":"wp","href":"https:\/\/api.w.org\/{rel}","templated":true}]}}