{"id":290,"date":"2021-10-20T17:09:46","date_gmt":"2021-10-20T14:09:46","guid":{"rendered":"https:\/\/marketplace.epassi.fi\/syketribe\/?post_type=product&#038;p=290"},"modified":"2024-09-01T00:06:15","modified_gmt":"2024-08-31T21:06:15","slug":"juoksuvalmennukset","status":"publish","type":"product","link":"https:\/\/marketplace.epassi.fi\/syketribe\/kauppa\/liikuntaedut\/liikunta-muut\/juoksuvalmennukset\/","title":{"rendered":"SYKE Tribe"},"content":{"rendered":"<h3><span style=\"font-family: var(--global-body-font-family); font-size: 17px; font-weight: 400;\">SYKE Triben laaja valikoima monipuolisia juoksuvalmennuksia niin juoksun aloittelijalle kuin maratoniin t\u00e4ht\u00e4\u00e4v\u00e4lle.<\/span><\/h3>\n<footer id=\"colophon\" class=\"site-footer\" role=\"contentinfo\">\n<div class=\"site-footer-wrap\">\n<div class=\"site-bottom-footer-wrap site-footer-row-container site-footer-focus-item site-footer-row-layout-standard site-footer-row-tablet-layout-default site-footer-row-mobile-layout-default\" data-section=\"kadence_customizer_footer_bottom\">\n<div class=\"site-footer-row-container-inner\">\n<div class=\"site-container\">\n<div class=\"site-bottom-footer-inner-wrap site-footer-row site-footer-row-columns-1 site-footer-row-column-layout-row site-footer-row-tablet-column-layout-default site-footer-row-mobile-column-layout-row ft-ro-dir-row ft-ro-collapse-normal ft-ro-t-dir-default ft-ro-m-dir-default ft-ro-lstyle-plain\">\n<div class=\"site-footer-bottom-section-1 site-footer-section footer-section-inner-items-1\">\n<div class=\"footer-widget-area site-info site-footer-focus-item content-align-default content-tablet-align-default content-mobile-align-default content-valign-default content-tablet-valign-default content-mobile-valign-default\" data-section=\"kadence_customizer_footer_html\">\n<div class=\"footer-widget-area-inner site-info-inner\">\n<div class=\"footer-html inner-link-style-normal\">\n<div class=\"footer-html-inner\"><\/div>\n<\/div>\n<\/div>\n<\/div>\n<\/div>\n<\/div>\n<\/div>\n<\/div>\n<\/div>\n<\/div>\n<\/footer>\n","protected":false},"excerpt":{"rendered":"<h4><span style=\"color: #339966;\">JUOKSUVALMENNUKSET<\/span><\/h4>\n<p>SYKE Tribe &#8211; Verkkovalmennukset ja treeniohjelmat<\/p>\n<p>SYKE Marketplacen koko <a href=\"https:\/\/syketribe.fi\/fi\/marketplace\/juoksu\">juoksutreenivalikoima.<\/a><\/p>\n<p class=\"p1\"><em>Asiantuntijoiden ja huippunimien verkkovalmennukset, verkkokurssit, oppaat, ruokavaliot ja e-kirjat SYKE-sovelluksessa.<\/em><\/p>\n<p><em><strong>SYKE Tribe &#8211; You are unique<\/strong><\/em><\/p>\n<p>&nbsp;<\/p>\n","protected":false},"featured_media":327,"comment_status":"open","ping_status":"closed","template":"","meta":{"_acf_changed":false,"_kad_post_transparent":"default","_kad_post_title":"","_kad_post_layout":"default","_kad_post_sidebar_id":"","_kad_post_content_style":"default","_kad_post_vertical_padding":"default","_kad_post_feature":"","_kad_post_feature_position":"","_kad_post_header":false,"_kad_post_footer":false,"_kad_post_classname":""},"product_brand":[],"product_cat":[21,29,19,28,15],"product_tag":[],"class_list":{"0":"post-290","1":"product","2":"type-product","3":"status-publish","4":"has-post-thumbnail","6":"product_cat-hyvinvointi","7":"product_cat-liikunta-muut","8":"product_cat-liikuntaedut","9":"product_cat-verkkotreenit","10":"product_cat-yleinen","12":"first","13":"instock","14":"taxable","15":"shipping-taxable","16":"product-type-external","17":"entry","18":"content-bg","19":"loop-entry"},"acf":[],"_links":{"self":[{"href":"https:\/\/marketplace.epassi.fi\/syketribe\/wp-json\/wp\/v2\/product\/290","targetHints":{"allow":["GET"]}}],"collection":[{"href":"https:\/\/marketplace.epassi.fi\/syketribe\/wp-json\/wp\/v2\/product"}],"about":[{"href":"https:\/\/marketplace.epassi.fi\/syketribe\/wp-json\/wp\/v2\/types\/product"}],"replies":[{"embeddable":true,"href":"https:\/\/marketplace.epassi.fi\/syketribe\/wp-json\/wp\/v2\/comments?post=290"}],"wp:featuredmedia":[{"embeddable":true,"href":"https:\/\/marketplace.epassi.fi\/syketribe\/wp-json\/wp\/v2\/media\/327"}],"wp:attachment":[{"href":"https:\/\/marketplace.epassi.fi\/syketribe\/wp-json\/wp\/v2\/media?parent=290"}],"wp:term":[{"taxonomy":"product_brand","embeddable":true,"href":"https:\/\/marketplace.epassi.fi\/syketribe\/wp-json\/wp\/v2\/product_brand?post=290"},{"taxonomy":"product_cat","embeddable":true,"href":"https:\/\/marketplace.epassi.fi\/syketribe\/wp-json\/wp\/v2\/product_cat?post=290"},{"taxonomy":"product_tag","embeddable":true,"href":"https:\/\/marketplace.epassi.fi\/syketribe\/wp-json\/wp\/v2\/product_tag?post=290"}],"curies":[{"name":"wp","href":"https:\/\/api.w.org\/{rel}","templated":true}]}}