{"id":290,"date":"2021-10-20T17:09:46","date_gmt":"2021-10-20T17:09:46","guid":{"rendered":"https:\/\/marketplace.epassi.fi\/taidetoolo\/?post_type=product&#038;p=290"},"modified":"2024-09-01T00:03:39","modified_gmt":"2024-08-31T21:03:39","slug":"lahjakortti-kokeilutunnille","status":"publish","type":"product","link":"https:\/\/marketplace.epassi.fi\/taidetoolo\/kauppa\/kulttuuriedut\/lahjakortti-kokeilutunnille\/","title":{"rendered":"Lahjakortti kokeilutunnille 45 min"},"content":{"rendered":"<p>Taidet\u00f6\u00f6l\u00f6n kokeilutuntilahjakortti on voimassa 6kk ostohetkest\u00e4. Kortin saaja voi varata ilmaisen soittotunnin oman valintansa mukaisesti. Saat lahjakortin kahden p\u00e4iv\u00e4n kuluessa s\u00e4hk\u00f6postiisi pdf-muodossa.<\/p>\n","protected":false},"excerpt":{"rendered":"<p>Taidet\u00f6\u00f6l\u00f6n kokeilutuntilahjakortti on voimassa 6kk ostohetkest\u00e4. Kortin saaja voi varata ilmaisen soittotunnin oman valintansa mukaisesti. Saat lahjakortin kahden p\u00e4iv\u00e4n kuluessa s\u00e4hk\u00f6postiisi pdf-muodossa.<\/p>\n<p><em>Tuote on henkil\u00f6kohtainen.<\/em><\/p>\n","protected":false},"featured_media":363,"comment_status":"open","ping_status":"closed","template":"","meta":{"_acf_changed":false,"_kad_post_transparent":"default","_kad_post_title":"","_kad_post_layout":"default","_kad_post_sidebar_id":"","_kad_post_content_style":"default","_kad_post_vertical_padding":"default","_kad_post_feature":"","_kad_post_feature_position":"","_kad_post_header":false,"_kad_post_footer":false,"_kad_post_classname":""},"product_brand":[],"product_cat":[20],"product_tag":[],"class_list":{"0":"post-290","1":"product","2":"type-product","3":"status-publish","4":"has-post-thumbnail","6":"product_cat-kulttuuriedut","8":"first","9":"instock","10":"virtual","11":"taxable","12":"purchasable","13":"product-type-simple","14":"entry","15":"content-bg","16":"loop-entry"},"acf":[],"_links":{"self":[{"href":"https:\/\/marketplace.epassi.fi\/taidetoolo\/wp-json\/wp\/v2\/product\/290","targetHints":{"allow":["GET"]}}],"collection":[{"href":"https:\/\/marketplace.epassi.fi\/taidetoolo\/wp-json\/wp\/v2\/product"}],"about":[{"href":"https:\/\/marketplace.epassi.fi\/taidetoolo\/wp-json\/wp\/v2\/types\/product"}],"replies":[{"embeddable":true,"href":"https:\/\/marketplace.epassi.fi\/taidetoolo\/wp-json\/wp\/v2\/comments?post=290"}],"wp:featuredmedia":[{"embeddable":true,"href":"https:\/\/marketplace.epassi.fi\/taidetoolo\/wp-json\/wp\/v2\/media\/363"}],"wp:attachment":[{"href":"https:\/\/marketplace.epassi.fi\/taidetoolo\/wp-json\/wp\/v2\/media?parent=290"}],"wp:term":[{"taxonomy":"product_brand","embeddable":true,"href":"https:\/\/marketplace.epassi.fi\/taidetoolo\/wp-json\/wp\/v2\/product_brand?post=290"},{"taxonomy":"product_cat","embeddable":true,"href":"https:\/\/marketplace.epassi.fi\/taidetoolo\/wp-json\/wp\/v2\/product_cat?post=290"},{"taxonomy":"product_tag","embeddable":true,"href":"https:\/\/marketplace.epassi.fi\/taidetoolo\/wp-json\/wp\/v2\/product_tag?post=290"}],"curies":[{"name":"wp","href":"https:\/\/api.w.org\/{rel}","templated":true}]}}