{"id":403,"date":"2023-09-10T19:00:16","date_gmt":"2023-09-10T16:00:16","guid":{"rendered":"https:\/\/marketplace.epassi.fi\/taidetoolo\/?post_type=product&#038;p=403"},"modified":"2024-10-08T11:30:47","modified_gmt":"2024-10-08T08:30:47","slug":"lauletaan-leffaklassikoita-viikonloppukurssi","status":"publish","type":"product","link":"https:\/\/marketplace.epassi.fi\/taidetoolo\/kauppa\/kulttuuriedut\/lauletaan-leffaklassikoita-viikonloppukurssi\/","title":{"rendered":"Viikonloppukurssit 2&#215;1,5h ryhm\u00e4opetusta"},"content":{"rendered":"","protected":false},"excerpt":{"rendered":"<div class=\"wpb_text_column wpb_content_element \">\n<div class=\"wpb_wrapper\"><\/div>\n<\/div>\n<div>\n<div class=\"wpb_text_column wpb_content_element \">\n<div class=\"wpb_wrapper\">\n<p>Taidet\u00f6\u00f6l\u00f6n tulevat viikonloppukurssit:<\/p>\n<p>1. Lauletaan Disney-hittej\u00e4!<br \/>\n9.-10.2.2024.<br \/>\nLis\u00e4tietoa <a href=\"https:\/\/taidetoolo.fi\/viikonloppukurssit\/disney\/\">t\u00e4st\u00e4.<\/a><\/p>\n<p>2. Lauletaan leffaklassikoita!<br \/>\n16.-17.3.2024<br \/>\nLis\u00e4tietoa <a href=\"https:\/\/taidetoolo.fi\/viikonloppukurssit\/lauletaan-leffaklassikoita\/\">t\u00e4st\u00e4.<\/a><\/p>\n<p>3. Lauletaan iskelm\u00e4\u00e4!<br \/>\n8.-9.6.2024<br \/>\nLis\u00e4tietoa <a href=\"https:\/\/taidetoolo.fi\/viikonloppukurssit\/lauletaan-iskelmaa\/\">t\u00e4st\u00e4.<\/a><\/p>\n<\/div>\n<\/div>\n<\/div>\n<div>\n<div class=\"vc_empty_space\"><\/div>\n<\/div>\n","protected":false},"featured_media":405,"comment_status":"open","ping_status":"closed","template":"","meta":{"_acf_changed":false,"_kad_post_transparent":"default","_kad_post_title":"","_kad_post_layout":"default","_kad_post_sidebar_id":"","_kad_post_content_style":"default","_kad_post_vertical_padding":"default","_kad_post_feature":"","_kad_post_feature_position":"","_kad_post_header":false,"_kad_post_footer":false,"_kad_post_classname":""},"product_brand":[],"product_cat":[20],"product_tag":[],"class_list":{"0":"post-403","1":"product","2":"type-product","3":"status-publish","4":"has-post-thumbnail","6":"product_cat-kulttuuriedut","8":"first","9":"instock","10":"taxable","11":"shipping-taxable","12":"purchasable","13":"product-type-simple","14":"entry","15":"content-bg","16":"loop-entry"},"acf":[],"_links":{"self":[{"href":"https:\/\/marketplace.epassi.fi\/taidetoolo\/wp-json\/wp\/v2\/product\/403","targetHints":{"allow":["GET"]}}],"collection":[{"href":"https:\/\/marketplace.epassi.fi\/taidetoolo\/wp-json\/wp\/v2\/product"}],"about":[{"href":"https:\/\/marketplace.epassi.fi\/taidetoolo\/wp-json\/wp\/v2\/types\/product"}],"replies":[{"embeddable":true,"href":"https:\/\/marketplace.epassi.fi\/taidetoolo\/wp-json\/wp\/v2\/comments?post=403"}],"wp:featuredmedia":[{"embeddable":true,"href":"https:\/\/marketplace.epassi.fi\/taidetoolo\/wp-json\/wp\/v2\/media\/405"}],"wp:attachment":[{"href":"https:\/\/marketplace.epassi.fi\/taidetoolo\/wp-json\/wp\/v2\/media?parent=403"}],"wp:term":[{"taxonomy":"product_brand","embeddable":true,"href":"https:\/\/marketplace.epassi.fi\/taidetoolo\/wp-json\/wp\/v2\/product_brand?post=403"},{"taxonomy":"product_cat","embeddable":true,"href":"https:\/\/marketplace.epassi.fi\/taidetoolo\/wp-json\/wp\/v2\/product_cat?post=403"},{"taxonomy":"product_tag","embeddable":true,"href":"https:\/\/marketplace.epassi.fi\/taidetoolo\/wp-json\/wp\/v2\/product_tag?post=403"}],"curies":[{"name":"wp","href":"https:\/\/api.w.org\/{rel}","templated":true}]}}