{"id":306,"date":"2021-11-12T14:33:13","date_gmt":"2021-11-12T12:33:13","guid":{"rendered":"https:\/\/marketplace.epassi.fi\/taikahetkia\/?post_type=product&#038;p=306"},"modified":"2026-01-01T05:01:44","modified_gmt":"2026-01-01T03:01:44","slug":"10-kerran-kortti","status":"publish","type":"product","link":"https:\/\/marketplace.epassi.fi\/taikahetkia\/kauppa\/liikuntaedut\/jooga\/10-kerran-kortti\/","title":{"rendered":"10-kerran kortti vakioviikkotunneille tai 5-kerran kortti palauttavan joogan erikoistunneille"},"content":{"rendered":"<p>10-kerran kortilla vakioviikkotunneille (kesto 75min) tai 5-kerran kortti palauttavan joogan erikoistunneille (kesto 120min). Kortin saat ensimm\u00e4isell\u00e4 kerralla hankinnan j\u00e4lkeen joogahuoneelta.<\/p>\n<p>Huom! Muista, ett\u00e4 ilmoittautuminen tapahtuu osoitteessa huippuhetkia.fi\/ajanvaraus<\/p>\n","protected":false},"excerpt":{"rendered":"<p>10-kerran kortilla vakioviikkotunneille (kesto 75min) tai 5-kerran kortti palauttavan joogan erikoistunneille (kesto 120min). Kortin saat ensimm\u00e4isell\u00e4 kerralla hankinnan j\u00e4lkeen joogahuoneelta. Huom! Muista, ett\u00e4 ilmoittautuminen tapahtuu osoitteessa huippuhetkia.fi\/ajanvaraus<\/p>\n","protected":false},"featured_media":316,"comment_status":"open","ping_status":"closed","template":"","meta":{"_acf_changed":false,"_kad_post_transparent":"default","_kad_post_title":"","_kad_post_layout":"default","_kad_post_sidebar_id":"","_kad_post_content_style":"default","_kad_post_vertical_padding":"default","_kad_post_feature":"","_kad_post_feature_position":"","_kad_post_header":false,"_kad_post_footer":false,"_kad_post_classname":""},"product_brand":[],"product_cat":[25,19,15],"product_tag":[],"class_list":{"0":"post-306","1":"product","2":"type-product","3":"status-publish","4":"has-post-thumbnail","6":"product_cat-jooga","7":"product_cat-liikuntaedut","8":"product_cat-yleinen","10":"first","11":"instock","12":"virtual","13":"taxable","14":"purchasable","15":"product-type-simple","16":"entry","17":"content-bg","18":"loop-entry"},"acf":[],"_links":{"self":[{"href":"https:\/\/marketplace.epassi.fi\/taikahetkia\/wp-json\/wp\/v2\/product\/306","targetHints":{"allow":["GET"]}}],"collection":[{"href":"https:\/\/marketplace.epassi.fi\/taikahetkia\/wp-json\/wp\/v2\/product"}],"about":[{"href":"https:\/\/marketplace.epassi.fi\/taikahetkia\/wp-json\/wp\/v2\/types\/product"}],"replies":[{"embeddable":true,"href":"https:\/\/marketplace.epassi.fi\/taikahetkia\/wp-json\/wp\/v2\/comments?post=306"}],"wp:featuredmedia":[{"embeddable":true,"href":"https:\/\/marketplace.epassi.fi\/taikahetkia\/wp-json\/wp\/v2\/media\/316"}],"wp:attachment":[{"href":"https:\/\/marketplace.epassi.fi\/taikahetkia\/wp-json\/wp\/v2\/media?parent=306"}],"wp:term":[{"taxonomy":"product_brand","embeddable":true,"href":"https:\/\/marketplace.epassi.fi\/taikahetkia\/wp-json\/wp\/v2\/product_brand?post=306"},{"taxonomy":"product_cat","embeddable":true,"href":"https:\/\/marketplace.epassi.fi\/taikahetkia\/wp-json\/wp\/v2\/product_cat?post=306"},{"taxonomy":"product_tag","embeddable":true,"href":"https:\/\/marketplace.epassi.fi\/taikahetkia\/wp-json\/wp\/v2\/product_tag?post=306"}],"curies":[{"name":"wp","href":"https:\/\/api.w.org\/{rel}","templated":true}]}}