{"id":321,"date":"2021-11-24T08:03:02","date_gmt":"2021-11-24T06:03:02","guid":{"rendered":"https:\/\/marketplace.epassi.fi\/taikahetkia\/?post_type=product&#038;p=321"},"modified":"2026-01-01T05:01:43","modified_gmt":"2026-01-01T03:01:43","slug":"black-friday-tarjous-175e-norm-200e","status":"publish","type":"product","link":"https:\/\/marketplace.epassi.fi\/taikahetkia\/kauppa\/liikuntaedut\/jooga\/black-friday-tarjous-175e-norm-200e\/","title":{"rendered":"10-kerran kortti erikoistunneille (2h)"},"content":{"rendered":"<p>10-kerran kortti palauttavan joogan erikoistunneille.<br \/>\nSaat kortin joogastudiolta, kun tulet ensimm\u00e4ist\u00e4 kertaa tunnille kortin hankinnan j\u00e4lkeen.<\/p>\n<p>Huom! Muista, ett\u00e4 ilmoittautuminen tapahtuu osoitteessa huippuhetkia.fi\/ajanvaraus<\/p>\n","protected":false},"excerpt":{"rendered":"<p>10-kerran kortti palauttavan joogan erikoistunneille. Saat kortin joogastudiolta, kun tulet ensimm\u00e4ist\u00e4 kertaa tunnille kortin hankinnan j\u00e4lkeen. Huom! Muista, ett\u00e4 ilmoittautuminen tapahtuu osoitteessa huippuhetkia.fi\/ajanvaraus<\/p>\n","protected":false},"featured_media":317,"comment_status":"open","ping_status":"closed","template":"","meta":{"_acf_changed":false,"_kad_post_transparent":"default","_kad_post_title":"","_kad_post_layout":"default","_kad_post_sidebar_id":"","_kad_post_content_style":"default","_kad_post_vertical_padding":"default","_kad_post_feature":"","_kad_post_feature_position":"","_kad_post_header":false,"_kad_post_footer":false,"_kad_post_classname":""},"product_brand":[],"product_cat":[25,19,15],"product_tag":[],"class_list":{"0":"post-321","1":"product","2":"type-product","3":"status-publish","4":"has-post-thumbnail","6":"product_cat-jooga","7":"product_cat-liikuntaedut","8":"product_cat-yleinen","10":"first","11":"instock","12":"virtual","13":"taxable","14":"purchasable","15":"product-type-simple","16":"entry","17":"content-bg","18":"loop-entry"},"acf":[],"_links":{"self":[{"href":"https:\/\/marketplace.epassi.fi\/taikahetkia\/wp-json\/wp\/v2\/product\/321","targetHints":{"allow":["GET"]}}],"collection":[{"href":"https:\/\/marketplace.epassi.fi\/taikahetkia\/wp-json\/wp\/v2\/product"}],"about":[{"href":"https:\/\/marketplace.epassi.fi\/taikahetkia\/wp-json\/wp\/v2\/types\/product"}],"replies":[{"embeddable":true,"href":"https:\/\/marketplace.epassi.fi\/taikahetkia\/wp-json\/wp\/v2\/comments?post=321"}],"wp:featuredmedia":[{"embeddable":true,"href":"https:\/\/marketplace.epassi.fi\/taikahetkia\/wp-json\/wp\/v2\/media\/317"}],"wp:attachment":[{"href":"https:\/\/marketplace.epassi.fi\/taikahetkia\/wp-json\/wp\/v2\/media?parent=321"}],"wp:term":[{"taxonomy":"product_brand","embeddable":true,"href":"https:\/\/marketplace.epassi.fi\/taikahetkia\/wp-json\/wp\/v2\/product_brand?post=321"},{"taxonomy":"product_cat","embeddable":true,"href":"https:\/\/marketplace.epassi.fi\/taikahetkia\/wp-json\/wp\/v2\/product_cat?post=321"},{"taxonomy":"product_tag","embeddable":true,"href":"https:\/\/marketplace.epassi.fi\/taikahetkia\/wp-json\/wp\/v2\/product_tag?post=321"}],"curies":[{"name":"wp","href":"https:\/\/api.w.org\/{rel}","templated":true}]}}