{"id":334,"date":"2023-05-24T13:59:33","date_gmt":"2023-05-24T10:59:33","guid":{"rendered":"https:\/\/marketplace.epassi.fi\/tanssistudio-fokus\/?post_type=product&#038;p=334"},"modified":"2024-07-23T09:41:28","modified_gmt":"2024-07-23T06:41:28","slug":"10-x-kortti-75min","status":"publish","type":"product","link":"https:\/\/marketplace.epassi.fi\/tanssistudio-fokus\/kauppa\/liikuntaedut\/liikunta-muut\/10-x-kortti-75min\/","title":{"rendered":"10 x kortti (75min)"},"content":{"rendered":"<p>T\u00e4m\u00e4 on kymmenen kerran kortti 75 minuutin (tai lyhyemm\u00e4n) pituiselle tunnille. Kortti on voimassa 7 kuukautta ostohetkest\u00e4. Muista ilmoittautua haluamallesi tunnille Fokuksen Hobiverin kautta.<\/p>\n","protected":false},"excerpt":{"rendered":"<p>T\u00e4m\u00e4 on kymmenen kerran kortti 75 minuutin (tai lyhyemm\u00e4n) pituiselle tunnille. Kortti on voimassa 7 kuukautta ostohetkest\u00e4. Muista ilmoittautua haluamallesi tunnille Fokuksen Hobiverin kautta.<\/p>\n","protected":false},"featured_media":335,"comment_status":"open","ping_status":"closed","template":"","meta":{"_acf_changed":false,"_kad_post_transparent":"default","_kad_post_title":"","_kad_post_layout":"default","_kad_post_sidebar_id":"","_kad_post_content_style":"default","_kad_post_vertical_padding":"default","_kad_post_feature":"","_kad_post_feature_position":"","_kad_post_header":false,"_kad_post_footer":false,"_kad_post_classname":""},"product_brand":[],"product_cat":[29,19],"product_tag":[],"class_list":{"0":"post-334","1":"product","2":"type-product","3":"status-publish","4":"has-post-thumbnail","6":"product_cat-liikunta-muut","7":"product_cat-liikuntaedut","9":"first","10":"instock","11":"taxable","12":"shipping-taxable","13":"purchasable","14":"product-type-simple","15":"entry","16":"content-bg","17":"loop-entry"},"acf":[],"_links":{"self":[{"href":"https:\/\/marketplace.epassi.fi\/tanssistudio-fokus\/wp-json\/wp\/v2\/product\/334","targetHints":{"allow":["GET"]}}],"collection":[{"href":"https:\/\/marketplace.epassi.fi\/tanssistudio-fokus\/wp-json\/wp\/v2\/product"}],"about":[{"href":"https:\/\/marketplace.epassi.fi\/tanssistudio-fokus\/wp-json\/wp\/v2\/types\/product"}],"replies":[{"embeddable":true,"href":"https:\/\/marketplace.epassi.fi\/tanssistudio-fokus\/wp-json\/wp\/v2\/comments?post=334"}],"wp:featuredmedia":[{"embeddable":true,"href":"https:\/\/marketplace.epassi.fi\/tanssistudio-fokus\/wp-json\/wp\/v2\/media\/335"}],"wp:attachment":[{"href":"https:\/\/marketplace.epassi.fi\/tanssistudio-fokus\/wp-json\/wp\/v2\/media?parent=334"}],"wp:term":[{"taxonomy":"product_brand","embeddable":true,"href":"https:\/\/marketplace.epassi.fi\/tanssistudio-fokus\/wp-json\/wp\/v2\/product_brand?post=334"},{"taxonomy":"product_cat","embeddable":true,"href":"https:\/\/marketplace.epassi.fi\/tanssistudio-fokus\/wp-json\/wp\/v2\/product_cat?post=334"},{"taxonomy":"product_tag","embeddable":true,"href":"https:\/\/marketplace.epassi.fi\/tanssistudio-fokus\/wp-json\/wp\/v2\/product_tag?post=334"}],"curies":[{"name":"wp","href":"https:\/\/api.w.org\/{rel}","templated":true}]}}