{"id":273,"date":"2021-10-16T11:12:03","date_gmt":"2021-10-16T11:12:03","guid":{"rendered":"https:\/\/marketplace.epassi.fi\/tehotepa\/?post_type=product&#038;p=273"},"modified":"2026-01-01T12:49:48","modified_gmt":"2026-01-01T10:49:48","slug":"startti-hierontasarjakortti-3-x45-min","status":"publish","type":"product","link":"https:\/\/marketplace.epassi.fi\/tehotepa\/kauppa\/hyvinvointi\/hieronta\/startti-hierontasarjakortti-3-x45-min\/","title":{"rendered":"Klassinenhieronta\/ l\u00e4mp\u00f6hoito 75min"},"content":{"rendered":"","protected":false},"excerpt":{"rendered":"<p>Syv\u00e4rentouttavat l\u00e4mp\u00f6pakkaukset ja klassista hierontaa . Voimassa 6kk ostop\u00e4iv\u00e4st\u00e4.\u00a0 N\u00e4yt\u00e4 ostovahvistus paikan p\u00e4\u00e4ll\u00e4, toimii kuittina. Sis\u00e4lt\u00e4\u00e4 3,90\u20ac:n k\u00e4sittelykulun. Ajanvaraus:https:\/\/vello.fi\/tehotepa<\/p>\n","protected":false},"featured_media":333,"comment_status":"open","ping_status":"closed","template":"","meta":{"_acf_changed":false,"_kad_post_transparent":"default","_kad_post_title":"","_kad_post_layout":"default","_kad_post_sidebar_id":"","_kad_post_content_style":"default","_kad_post_vertical_padding":"default","_kad_post_feature":"","_kad_post_feature_position":"","_kad_post_header":false,"_kad_post_footer":false,"_kad_post_classname":""},"product_brand":[],"product_cat":[31,21],"product_tag":[],"class_list":{"0":"post-273","1":"product","2":"type-product","3":"status-publish","4":"has-post-thumbnail","6":"product_cat-hieronta","7":"product_cat-hyvinvointi","9":"first","10":"instock","11":"virtual","12":"purchasable","13":"product-type-simple","14":"entry","15":"content-bg","16":"loop-entry"},"acf":[],"_links":{"self":[{"href":"https:\/\/marketplace.epassi.fi\/tehotepa\/wp-json\/wp\/v2\/product\/273","targetHints":{"allow":["GET"]}}],"collection":[{"href":"https:\/\/marketplace.epassi.fi\/tehotepa\/wp-json\/wp\/v2\/product"}],"about":[{"href":"https:\/\/marketplace.epassi.fi\/tehotepa\/wp-json\/wp\/v2\/types\/product"}],"replies":[{"embeddable":true,"href":"https:\/\/marketplace.epassi.fi\/tehotepa\/wp-json\/wp\/v2\/comments?post=273"}],"wp:featuredmedia":[{"embeddable":true,"href":"https:\/\/marketplace.epassi.fi\/tehotepa\/wp-json\/wp\/v2\/media\/333"}],"wp:attachment":[{"href":"https:\/\/marketplace.epassi.fi\/tehotepa\/wp-json\/wp\/v2\/media?parent=273"}],"wp:term":[{"taxonomy":"product_brand","embeddable":true,"href":"https:\/\/marketplace.epassi.fi\/tehotepa\/wp-json\/wp\/v2\/product_brand?post=273"},{"taxonomy":"product_cat","embeddable":true,"href":"https:\/\/marketplace.epassi.fi\/tehotepa\/wp-json\/wp\/v2\/product_cat?post=273"},{"taxonomy":"product_tag","embeddable":true,"href":"https:\/\/marketplace.epassi.fi\/tehotepa\/wp-json\/wp\/v2\/product_tag?post=273"}],"curies":[{"name":"wp","href":"https:\/\/api.w.org\/{rel}","templated":true}]}}