{"id":274,"date":"2021-10-16T11:14:50","date_gmt":"2021-10-16T11:14:50","guid":{"rendered":"https:\/\/marketplace.epassi.fi\/tehotepa\/?post_type=product&#038;p=274"},"modified":"2025-10-30T15:22:13","modified_gmt":"2025-10-30T13:22:13","slug":"stressiniskahieronta-60min","status":"publish","type":"product","link":"https:\/\/marketplace.epassi.fi\/tehotepa\/kauppa\/hyvinvointi\/hieronta\/stressiniskahieronta-60min\/","title":{"rendered":"Stressiniskahieronta 60min"},"content":{"rendered":"<p>Kirjoita t\u00e4h\u00e4n pidempi tuotekuvaus. T\u00e4m\u00e4 kuvaus n\u00e4kyy tuotesivun alaosassa.<\/p>\n","protected":false},"excerpt":{"rendered":"<p>Hoito keskittyy niskan, kaulan ja p\u00e4\u00e4n alueen triggerpisteiden k\u00e4sittelyyn ja hierontaan. N\u00e4yt\u00e4 ostovahvistus paikan p\u00e4\u00e4ll\u00e4, toimii kuittina. Voimassa 6kk ostop\u00e4iv\u00e4st\u00e4. Hinta sis\u00e4lt\u00e4\u00e4 3,90\u20ac:n k\u00e4sittelykulun. Ajanvaraus:https:\/\/vello.fi\/tehotepa<\/p>\n","protected":false},"featured_media":330,"comment_status":"open","ping_status":"closed","template":"","meta":{"_acf_changed":false,"_kad_post_transparent":"default","_kad_post_title":"","_kad_post_layout":"default","_kad_post_sidebar_id":"","_kad_post_content_style":"default","_kad_post_vertical_padding":"default","_kad_post_feature":"","_kad_post_feature_position":"","_kad_post_header":false,"_kad_post_footer":false,"_kad_post_classname":""},"product_brand":[],"product_cat":[31,21],"product_tag":[],"class_list":{"0":"post-274","1":"product","2":"type-product","3":"status-publish","4":"has-post-thumbnail","6":"product_cat-hieronta","7":"product_cat-hyvinvointi","9":"first","10":"instock","11":"virtual","12":"purchasable","13":"product-type-simple","14":"entry","15":"content-bg","16":"loop-entry"},"acf":[],"_links":{"self":[{"href":"https:\/\/marketplace.epassi.fi\/tehotepa\/wp-json\/wp\/v2\/product\/274","targetHints":{"allow":["GET"]}}],"collection":[{"href":"https:\/\/marketplace.epassi.fi\/tehotepa\/wp-json\/wp\/v2\/product"}],"about":[{"href":"https:\/\/marketplace.epassi.fi\/tehotepa\/wp-json\/wp\/v2\/types\/product"}],"replies":[{"embeddable":true,"href":"https:\/\/marketplace.epassi.fi\/tehotepa\/wp-json\/wp\/v2\/comments?post=274"}],"wp:featuredmedia":[{"embeddable":true,"href":"https:\/\/marketplace.epassi.fi\/tehotepa\/wp-json\/wp\/v2\/media\/330"}],"wp:attachment":[{"href":"https:\/\/marketplace.epassi.fi\/tehotepa\/wp-json\/wp\/v2\/media?parent=274"}],"wp:term":[{"taxonomy":"product_brand","embeddable":true,"href":"https:\/\/marketplace.epassi.fi\/tehotepa\/wp-json\/wp\/v2\/product_brand?post=274"},{"taxonomy":"product_cat","embeddable":true,"href":"https:\/\/marketplace.epassi.fi\/tehotepa\/wp-json\/wp\/v2\/product_cat?post=274"},{"taxonomy":"product_tag","embeddable":true,"href":"https:\/\/marketplace.epassi.fi\/tehotepa\/wp-json\/wp\/v2\/product_tag?post=274"}],"curies":[{"name":"wp","href":"https:\/\/api.w.org\/{rel}","templated":true}]}}