{"id":282,"date":"2021-12-18T07:32:33","date_gmt":"2021-12-18T05:32:33","guid":{"rendered":"https:\/\/marketplace.epassi.fi\/tehotepa\/?post_type=product&#038;p=282"},"modified":"2026-01-01T12:44:56","modified_gmt":"2026-01-01T10:44:56","slug":"lahjakortti","status":"publish","type":"product","link":"https:\/\/marketplace.epassi.fi\/tehotepa\/kauppa\/hyvinvointi\/hieronta\/lahjakortti\/","title":{"rendered":"Avoin summa hierontapalvelut"},"content":{"rendered":"<p>Valitse haluamasi summa, n\u00e4yt\u00e4 ostotapahtuma paikan p\u00e4\u00e4ll\u00e4 varauksen yhteydess\u00e4.<\/p>\n","protected":false},"excerpt":{"rendered":"<p>Ostamasi summan voit k\u00e4ytt\u00e4\u00e4 valitsemaasi palveluun.\u00a0 Voimassa 6 kk ostop\u00e4iv\u00e4st\u00e4. Ostovahvistus toimii kuittina, n\u00e4yt\u00e4 paikan p\u00e4\u00e4ll\u00e4. Hinta sis\u00e4lt\u00e4\u00e4 3,90\u20ac: k\u00e4sittelykulun. Ajanvaraus:https:\/\/vello.fi\/tehotepa<\/p>\n","protected":false},"featured_media":321,"comment_status":"open","ping_status":"closed","template":"","meta":{"_acf_changed":false,"_kad_post_transparent":"default","_kad_post_title":"","_kad_post_layout":"default","_kad_post_sidebar_id":"","_kad_post_content_style":"default","_kad_post_vertical_padding":"default","_kad_post_feature":"","_kad_post_feature_position":"","_kad_post_header":false,"_kad_post_footer":false,"_kad_post_classname":""},"product_brand":[],"product_cat":[31,21],"product_tag":[],"class_list":{"0":"post-282","1":"product","2":"type-product","3":"status-publish","4":"has-post-thumbnail","6":"product_cat-hieronta","7":"product_cat-hyvinvointi","9":"first","10":"instock","11":"purchasable","12":"product-type-variable","13":"has-default-attributes","14":"entry","15":"content-bg","16":"loop-entry"},"acf":[],"_links":{"self":[{"href":"https:\/\/marketplace.epassi.fi\/tehotepa\/wp-json\/wp\/v2\/product\/282","targetHints":{"allow":["GET"]}}],"collection":[{"href":"https:\/\/marketplace.epassi.fi\/tehotepa\/wp-json\/wp\/v2\/product"}],"about":[{"href":"https:\/\/marketplace.epassi.fi\/tehotepa\/wp-json\/wp\/v2\/types\/product"}],"replies":[{"embeddable":true,"href":"https:\/\/marketplace.epassi.fi\/tehotepa\/wp-json\/wp\/v2\/comments?post=282"}],"wp:featuredmedia":[{"embeddable":true,"href":"https:\/\/marketplace.epassi.fi\/tehotepa\/wp-json\/wp\/v2\/media\/321"}],"wp:attachment":[{"href":"https:\/\/marketplace.epassi.fi\/tehotepa\/wp-json\/wp\/v2\/media?parent=282"}],"wp:term":[{"taxonomy":"product_brand","embeddable":true,"href":"https:\/\/marketplace.epassi.fi\/tehotepa\/wp-json\/wp\/v2\/product_brand?post=282"},{"taxonomy":"product_cat","embeddable":true,"href":"https:\/\/marketplace.epassi.fi\/tehotepa\/wp-json\/wp\/v2\/product_cat?post=282"},{"taxonomy":"product_tag","embeddable":true,"href":"https:\/\/marketplace.epassi.fi\/tehotepa\/wp-json\/wp\/v2\/product_tag?post=282"}],"curies":[{"name":"wp","href":"https:\/\/api.w.org\/{rel}","templated":true}]}}