{"id":325,"date":"2022-05-10T15:06:07","date_gmt":"2022-05-10T12:06:07","guid":{"rendered":"https:\/\/marketplace.epassi.fi\/tekfit\/?post_type=product&#038;p=325"},"modified":"2024-11-01T23:03:52","modified_gmt":"2024-11-01T21:03:52","slug":"tekfit-ems-treenipaketti-kamppi-helsinki","status":"publish","type":"product","link":"https:\/\/marketplace.epassi.fi\/tekfit\/kauppa\/liikuntaedut\/kuntosali\/tekfit-ems-treenipaketti-kamppi-helsinki\/","title":{"rendered":"8x EMS-treenikertaa yksityisell\u00e4 kuntostudiolla"},"content":{"rendered":"<p>T\u00e4ss\u00e4 viisi faktaa EMS-treenist\u00e4<\/p>\n<p>\u26a1\ufe0f EMS tulee sanoista Electro Muscular Stimulation, joka tarkoittaa s\u00e4hk\u00f6ist\u00e4 lihasstimulaatiota. Harjoittelun aikana kaikki t\u00e4rkeimm\u00e4t lihasryhm\u00e4t saadaan EMS-teknologian avulla aktivoitua samanaikaisesti.<\/p>\n<p>\u26a1\ufe0f Ennen treeni\u00e4 puet p\u00e4\u00e4llesi TekFIT:in EMS-treenaukseen tarkoitetun aluspuvun (paidan + shortsit) ja t\u00e4m\u00e4n j\u00e4lkeen TekFITin personal trainer auttaa sinua pukemaan p\u00e4\u00e4llesi EMS-puvun. T\u00e4m\u00e4 koostuu EMS-elektrodiliivist\u00e4 sek\u00e4 k\u00e4sivarsiin, jalkoihin ja pakaroihin kohdistuvista lis\u00e4elektrodeista. Et siis tarvitse mukaan omia treenivaatteita.<\/p>\n<p>\u26a1\ufe0f Treenin tehokkuuden vuoksi 2 x 20 minuutin treeni\u00e4 viikossa riitt\u00e4\u00e4. Yksi EMS-treeni vastaa 1,5 tunnin kuntosaliharjoittelua. Miten se on mahdollista? TekFIT:in EMS-treeni aktivoi s\u00e4hk\u00f6impulssien avulla kaikki t\u00e4rkeimm\u00e4t lihasryhm\u00e4t koko 20-minuuttisen treenin ajan. EMS-treeni pystyy aktivoimaan lihakset ilman painoja tai muita laitteita, mik\u00e4 tarkoittaa, ett\u00e4 v\u00e4lt\u00e4mme nivelten ja nivelsiteiden rasittamista ja siten pienenn\u00e4mme loukkaantumisriski\u00e4.<\/p>\n<p>\u26a1\ufe0f TekFIT:in EMS-treeni sopii kaikille perusterveille t\u00e4ysi-ik\u00e4isille ja kaikenkuntoisille j\u00e4senille, sill\u00e4 jokainen treeni r\u00e4\u00e4t\u00e4l\u00f6id\u00e4\u00e4n asiakkaalle sopivaksi. TekFIT EMS-treeni sopii niin kiireisille treenaajille, laihduttajille kuin my\u00f6s urheilijoille, ja kaikille siin\u00e4 v\u00e4liss\u00e4. Useimmiten asiakkaidemme tavoitteena on painonpudotus, kiinteytys ja yleisesti parempi ja energisempi olo omassa kehossa.<\/p>\n<p>\u26a1\ufe0f TekFIT on ensimm\u00e4inen EMS-treenaukseen erikoistunut kuntostudio Helsingiss\u00e4. Treeni tehd\u00e4\u00e4n aina personal trainerin ohjaamana, joka valvoo ett\u00e4 teet liikkeet oikein ja impulssien teho on sopiva. S\u00e4hk\u00f6impulssit voivat kuulostaa pelottavalta, mutta treeni ei k\u00e4y kipe\u00e4\u00e4.<\/p>\n<p>Jos et halua viett\u00e4\u00e4 tuntikausia kuntosalilla, EMS-treenaus voi sopia sinulle. <a href=\"https:\/\/tekfit.fi\/kokeile\/?utm_source=epassi&amp;utm_campaign=marketplace\">Varaa maksuton kokeilukerta yksin tai yst\u00e4v<\/a>\u00e4n kanssa ja tule testaamaan<\/p>\n","protected":false},"excerpt":{"rendered":"<p>8x EMS-treenikertaa TekFITin yksityisell\u00e4 kuntostudiolla Etu-T\u00f6\u00f6l\u00f6ss\u00e4.<\/p>\n<p><a href=\"https:\/\/tekfit.fi\/kokeile\/?utm_source=epassi&amp;utm_campaign=marketplace\">K\u00e4y ensin maksuttomalla kokeilukerralla jotta varmistamme treenin sopivuuden juuri sinulle<\/a><\/p>\n","protected":false},"featured_media":347,"comment_status":"closed","ping_status":"closed","template":"","meta":{"_acf_changed":false,"_kad_post_transparent":"default","_kad_post_title":"","_kad_post_layout":"default","_kad_post_sidebar_id":"","_kad_post_content_style":"default","_kad_post_vertical_padding":"default","_kad_post_feature":"","_kad_post_feature_position":"","_kad_post_header":false,"_kad_post_footer":false,"_kad_post_classname":""},"product_brand":[],"product_cat":[23,29,19],"product_tag":[],"class_list":{"0":"post-325","1":"product","2":"type-product","3":"status-publish","4":"has-post-thumbnail","6":"product_cat-kuntosali","7":"product_cat-liikunta-muut","8":"product_cat-liikuntaedut","10":"first","11":"instock","12":"virtual","13":"sold-individually","14":"taxable","15":"purchasable","16":"product-type-simple","17":"entry","18":"content-bg","19":"loop-entry"},"acf":[],"_links":{"self":[{"href":"https:\/\/marketplace.epassi.fi\/tekfit\/wp-json\/wp\/v2\/product\/325","targetHints":{"allow":["GET"]}}],"collection":[{"href":"https:\/\/marketplace.epassi.fi\/tekfit\/wp-json\/wp\/v2\/product"}],"about":[{"href":"https:\/\/marketplace.epassi.fi\/tekfit\/wp-json\/wp\/v2\/types\/product"}],"replies":[{"embeddable":true,"href":"https:\/\/marketplace.epassi.fi\/tekfit\/wp-json\/wp\/v2\/comments?post=325"}],"wp:featuredmedia":[{"embeddable":true,"href":"https:\/\/marketplace.epassi.fi\/tekfit\/wp-json\/wp\/v2\/media\/347"}],"wp:attachment":[{"href":"https:\/\/marketplace.epassi.fi\/tekfit\/wp-json\/wp\/v2\/media?parent=325"}],"wp:term":[{"taxonomy":"product_brand","embeddable":true,"href":"https:\/\/marketplace.epassi.fi\/tekfit\/wp-json\/wp\/v2\/product_brand?post=325"},{"taxonomy":"product_cat","embeddable":true,"href":"https:\/\/marketplace.epassi.fi\/tekfit\/wp-json\/wp\/v2\/product_cat?post=325"},{"taxonomy":"product_tag","embeddable":true,"href":"https:\/\/marketplace.epassi.fi\/tekfit\/wp-json\/wp\/v2\/product_tag?post=325"}],"curies":[{"name":"wp","href":"https:\/\/api.w.org\/{rel}","templated":true}]}}