{"id":22,"date":"2021-09-13T17:45:59","date_gmt":"2021-09-13T17:45:59","guid":{"rendered":"https:\/\/marketplace.epassi.fi\/terapiaperhonen\/?page_id=22"},"modified":"2021-10-12T10:57:35","modified_gmt":"2021-10-12T10:57:35","slug":"info","status":"publish","type":"page","link":"https:\/\/marketplace.epassi.fi\/terapiaperhonen\/info\/","title":{"rendered":"Info"},"content":{"rendered":"\n\t<div class=\"entry-content single-content\">\n\n\t\t<div class=\"wp-block-columns\" style=\"gap:30px\">\n\t\t\t<div class=\"wp-block-column\">\n\t\t\t\t<h2>Kokonaisvaltaista hyvinvointia<\/h2>\n\t\t\t\t<p><p>Terapiaperhosen toimipisteet sijaitsevat Savonlinnassa ja Mikkeliss\u00e4. Palveluihimme kuuluvat toimintaterapia, fysioterapia, seksuaaliterapia, ty\u00f6nohjaus, Neurosonic ja hieronta. Olemme erikoistuneet varsinkin neurologisen toimintaterapian sek\u00e4 \u00e4itiysfysioterapian puolella. Laaja osaamisalueemme tarjoaa asiakkaillemme yksil\u00f6llisesti r\u00e4\u00e4t\u00e4l\u00f6ity\u00e4 kokonaisvaltaista hyvinvointia. Tervetuloa!<\/p>\n<p>Ajanvaraukset voit tehd\u00e4 suoraan osoitteesta https:\/\/terapiaperhonen.com\/ajanvaraus\/  tai soittamalla toimistoomme 050 475 0560. Palvelemme arkisin sopimuksen mukaan. <\/p>\n<p>Raatihuoneenkatu 12, 50130 Mikkeli<br \/>\nNojanmaantie 26, 57210 Savonlinna<\/p>\n<\/p>\n\t\t\t\t<h3>Terapiaperhonen Oy<\/h3>\n\t\t\t\t<p>Nojanmaantie 26<br>\n\t\t\t\t\t57210 Savonlinna &amp; Mikkeli <\/p>\n\t\t\t\t<p><a href=\"tel:0504750560\">0504750560<\/a><\/p>\n\t\t\t\t<p><a href=\"mailto:toimisto@terapiaperhonen.com\">toimisto@terapiaperhonen.com<\/a><\/p>\n\n\t\t\t\t<h2>Toimipisteet<\/h2><div class=\"info-page-location-list\"><div class=\"info-page-location\"><h3>Terapiaperhonen Oy<\/h3><p>Nojanmaantie 26, 57210 Savonlinna<\/p><p><p><a href=\"https:\/\/www.google.com\/maps\/search\/?api=1&query=Google&query_place_id=ChIJxXRLj5dPmkYRo1yFuDnJhoM\">Katso sijainti kartalla <span>&#8599;<\/span><\/a><\/p><\/p><p><\/p><\/div><\/div>\t\t\t<\/div>\n\n\t\t\t<div class=\"wp-block-column\">\n\t\t\t\t<figure class=\"wp-block-image size-large\"><img loading=\"lazy\" decoding=\"async\" width=\"768\" height=\"749\" src=\"https:\/\/marketplace.epassi.fi\/terapiaperhonen\/wp-content\/uploads\/sites\/144\/2021\/11\/Tervetuloa-meille-768x749.jpg\" class=\"attachment-medium_large size-medium_large\" alt=\"\" \/><\/figure>\n\t\t\t<\/div>\n\t\t<\/div>\n\t<\/div>\n\t\n","protected":false},"excerpt":{"rendered":"","protected":false},"author":2,"featured_media":0,"parent":0,"menu_order":0,"comment_status":"closed","ping_status":"closed","template":"","meta":{"_acf_changed":false,"_kad_post_transparent":"","_kad_post_title":"","_kad_post_layout":"","_kad_post_sidebar_id":"","_kad_post_content_style":"","_kad_post_vertical_padding":"","_kad_post_feature":"","_kad_post_feature_position":"","_kad_post_header":false,"_kad_post_footer":false,"_kad_post_classname":"","footnotes":""},"class_list":["post-22","page","type-page","status-publish","hentry"],"acf":[],"_links":{"self":[{"href":"https:\/\/marketplace.epassi.fi\/terapiaperhonen\/wp-json\/wp\/v2\/pages\/22","targetHints":{"allow":["GET"]}}],"collection":[{"href":"https:\/\/marketplace.epassi.fi\/terapiaperhonen\/wp-json\/wp\/v2\/pages"}],"about":[{"href":"https:\/\/marketplace.epassi.fi\/terapiaperhonen\/wp-json\/wp\/v2\/types\/page"}],"author":[{"embeddable":true,"href":"https:\/\/marketplace.epassi.fi\/terapiaperhonen\/wp-json\/wp\/v2\/users\/2"}],"replies":[{"embeddable":true,"href":"https:\/\/marketplace.epassi.fi\/terapiaperhonen\/wp-json\/wp\/v2\/comments?post=22"}],"version-history":[{"count":10,"href":"https:\/\/marketplace.epassi.fi\/terapiaperhonen\/wp-json\/wp\/v2\/pages\/22\/revisions"}],"predecessor-version":[{"id":264,"href":"https:\/\/marketplace.epassi.fi\/terapiaperhonen\/wp-json\/wp\/v2\/pages\/22\/revisions\/264"}],"wp:attachment":[{"href":"https:\/\/marketplace.epassi.fi\/terapiaperhonen\/wp-json\/wp\/v2\/media?parent=22"}],"curies":[{"name":"wp","href":"https:\/\/api.w.org\/{rel}","templated":true}]}}