{"id":282,"date":"2021-11-16T10:56:09","date_gmt":"2021-11-16T08:56:09","guid":{"rendered":"https:\/\/marketplace.epassi.fi\/terapiaperhonen\/?post_type=product&#038;p=282"},"modified":"2025-10-30T14:32:15","modified_gmt":"2025-10-30T12:32:15","slug":"lahjakortti-fysioterapiaan-5040e-8064e","status":"publish","type":"product","link":"https:\/\/marketplace.epassi.fi\/terapiaperhonen\/kauppa\/hyvinvointi\/fysioterapia\/lahjakortti-fysioterapiaan-5040e-8064e\/","title":{"rendered":"Lahjakortti fysioterapiaan"},"content":{"rendered":"<p>Lahjakortti fysioterapiaan on aina ajankohtainen ja kannattava sijoitus omaan kokonaisvaltaiseen hyvinvointiin! Valittavissasi on 45min, 60min ja 90min fysioterapia lahjakortit. Lahjakortti k\u00e4y molemmissa toimipisteiss\u00e4mme Mikkeliss\u00e4 ja Savonlinnassa ja on voimassa 6kk ostop\u00e4iv\u00e4st\u00e4 saakka.<\/p>\n","protected":false},"excerpt":{"rendered":"<p>Lahjakortti fysioterapiaan on aina ajankohtainen ja kannattava sijoitus omaan kokonaisvaltaiseen hyvinvointiin! Valittavissasi on 45min, 60min ja 90min fysioterapia lahjakortit. Lahjakortti k\u00e4y molemmissa toimipisteiss\u00e4mme Mikkeliss\u00e4 ja Savonlinnassa ja on voimassa 6kk ostop\u00e4iv\u00e4st\u00e4 saakka.<\/p>\n","protected":false},"featured_media":396,"comment_status":"open","ping_status":"closed","template":"","meta":{"_acf_changed":false,"_kad_post_transparent":"default","_kad_post_title":"","_kad_post_layout":"default","_kad_post_sidebar_id":"","_kad_post_content_style":"default","_kad_post_vertical_padding":"default","_kad_post_feature":"","_kad_post_feature_position":"","_kad_post_header":false,"_kad_post_footer":false,"_kad_post_classname":""},"product_brand":[],"product_cat":[32,21],"product_tag":[],"class_list":{"0":"post-282","1":"product","2":"type-product","3":"status-publish","4":"has-post-thumbnail","6":"product_cat-fysioterapia","7":"product_cat-hyvinvointi","9":"first","10":"instock","11":"taxable","12":"shipping-taxable","13":"purchasable","14":"product-type-variable","15":"entry","16":"content-bg","17":"loop-entry"},"acf":[],"_links":{"self":[{"href":"https:\/\/marketplace.epassi.fi\/terapiaperhonen\/wp-json\/wp\/v2\/product\/282","targetHints":{"allow":["GET"]}}],"collection":[{"href":"https:\/\/marketplace.epassi.fi\/terapiaperhonen\/wp-json\/wp\/v2\/product"}],"about":[{"href":"https:\/\/marketplace.epassi.fi\/terapiaperhonen\/wp-json\/wp\/v2\/types\/product"}],"replies":[{"embeddable":true,"href":"https:\/\/marketplace.epassi.fi\/terapiaperhonen\/wp-json\/wp\/v2\/comments?post=282"}],"wp:featuredmedia":[{"embeddable":true,"href":"https:\/\/marketplace.epassi.fi\/terapiaperhonen\/wp-json\/wp\/v2\/media\/396"}],"wp:attachment":[{"href":"https:\/\/marketplace.epassi.fi\/terapiaperhonen\/wp-json\/wp\/v2\/media?parent=282"}],"wp:term":[{"taxonomy":"product_brand","embeddable":true,"href":"https:\/\/marketplace.epassi.fi\/terapiaperhonen\/wp-json\/wp\/v2\/product_brand?post=282"},{"taxonomy":"product_cat","embeddable":true,"href":"https:\/\/marketplace.epassi.fi\/terapiaperhonen\/wp-json\/wp\/v2\/product_cat?post=282"},{"taxonomy":"product_tag","embeddable":true,"href":"https:\/\/marketplace.epassi.fi\/terapiaperhonen\/wp-json\/wp\/v2\/product_tag?post=282"}],"curies":[{"name":"wp","href":"https:\/\/api.w.org\/{rel}","templated":true}]}}