{"id":316,"date":"2021-11-16T10:57:52","date_gmt":"2021-11-16T08:57:52","guid":{"rendered":"https:\/\/marketplace.epassi.fi\/terapiaperhonen\/?post_type=product&#038;p=316"},"modified":"2025-10-30T14:32:11","modified_gmt":"2025-10-30T12:32:11","slug":"lahjakortti-hierontaan-45min-90min","status":"publish","type":"product","link":"https:\/\/marketplace.epassi.fi\/terapiaperhonen\/kauppa\/hyvinvointi\/hieronta\/lahjakortti-hierontaan-45min-90min\/","title":{"rendered":"Lahjakortti hierontaan"},"content":{"rendered":"<p>Lahjakortti ihanan rentouttavaan hierontaan! Valittavissasi on 45min, 60min ja 90min hierontalahjakortit. Lahjakortti k\u00e4y molemmissa toimipisteiss\u00e4mme Mikkeliss\u00e4 ja Savonlinnassa ja on voimassa 6kk ostop\u00e4iv\u00e4st\u00e4 saakka.<\/p>\n","protected":false},"excerpt":{"rendered":"<p>Lahjakortti ihanan rentouttavaan hierontaan! Valittavissasi on 45min, 60min ja 90min hieronta lahjakortit. Lahjakortti k\u00e4y molemmissa toimipisteiss\u00e4mme Mikkeliss\u00e4 ja Savonlinnassa ja on voimassa 6kk ostop\u00e4iv\u00e4st\u00e4 saakka.<\/p>\n","protected":false},"featured_media":396,"comment_status":"open","ping_status":"closed","template":"","meta":{"_acf_changed":false,"_kad_post_transparent":"default","_kad_post_title":"","_kad_post_layout":"default","_kad_post_sidebar_id":"","_kad_post_content_style":"default","_kad_post_vertical_padding":"default","_kad_post_feature":"","_kad_post_feature_position":"","_kad_post_header":false,"_kad_post_footer":false,"_kad_post_classname":""},"product_brand":[],"product_cat":[31,21],"product_tag":[],"class_list":{"0":"post-316","1":"product","2":"type-product","3":"status-publish","4":"has-post-thumbnail","6":"product_cat-hieronta","7":"product_cat-hyvinvointi","9":"first","10":"instock","11":"taxable","12":"shipping-taxable","13":"purchasable","14":"product-type-variable","15":"entry","16":"content-bg","17":"loop-entry"},"acf":[],"_links":{"self":[{"href":"https:\/\/marketplace.epassi.fi\/terapiaperhonen\/wp-json\/wp\/v2\/product\/316","targetHints":{"allow":["GET"]}}],"collection":[{"href":"https:\/\/marketplace.epassi.fi\/terapiaperhonen\/wp-json\/wp\/v2\/product"}],"about":[{"href":"https:\/\/marketplace.epassi.fi\/terapiaperhonen\/wp-json\/wp\/v2\/types\/product"}],"replies":[{"embeddable":true,"href":"https:\/\/marketplace.epassi.fi\/terapiaperhonen\/wp-json\/wp\/v2\/comments?post=316"}],"wp:featuredmedia":[{"embeddable":true,"href":"https:\/\/marketplace.epassi.fi\/terapiaperhonen\/wp-json\/wp\/v2\/media\/396"}],"wp:attachment":[{"href":"https:\/\/marketplace.epassi.fi\/terapiaperhonen\/wp-json\/wp\/v2\/media?parent=316"}],"wp:term":[{"taxonomy":"product_brand","embeddable":true,"href":"https:\/\/marketplace.epassi.fi\/terapiaperhonen\/wp-json\/wp\/v2\/product_brand?post=316"},{"taxonomy":"product_cat","embeddable":true,"href":"https:\/\/marketplace.epassi.fi\/terapiaperhonen\/wp-json\/wp\/v2\/product_cat?post=316"},{"taxonomy":"product_tag","embeddable":true,"href":"https:\/\/marketplace.epassi.fi\/terapiaperhonen\/wp-json\/wp\/v2\/product_tag?post=316"}],"curies":[{"name":"wp","href":"https:\/\/api.w.org\/{rel}","templated":true}]}}