{"id":452,"date":"2025-10-30T14:32:48","date_gmt":"2025-10-30T12:32:48","guid":{"rendered":"https:\/\/marketplace.epassi.fi\/terapiaperhonen\/?post_type=product&#038;p=452"},"modified":"2025-10-30T14:33:17","modified_gmt":"2025-10-30T12:33:17","slug":"lahjakortti-20e-250e-hieronta","status":"publish","type":"product","link":"https:\/\/marketplace.epassi.fi\/terapiaperhonen\/kauppa\/hyvinvointi\/fysioterapia\/lahjakortti-20e-250e-hieronta\/","title":{"rendered":"Lahjakortti 20\u20ac-250\u20ac (hieronta)"},"content":{"rendered":"<p>T\u00e4ll\u00e4 lahjakortilla voit valita haluamasi summan, joka oikeuttaa vapaavalinnaisesti hierontaan molemmissa toimipisteiss\u00e4mme, Mikkeliss\u00e4 ja Savonlinnassa.\u00a0 Lahjakortti on voimassa 6kk ostop\u00e4iv\u00e4st\u00e4.<\/p>\n","protected":false},"excerpt":{"rendered":"<p>Vaikeuksia valita ihanista hyvinvointipalveluista? T\u00e4ll\u00e4 lahjakortilla voit valita haluamasi summan, joka oikeuttaa vapaavalinnaisesti hierontaan tai fysioterapiaan molemmissa toimipisteiss\u00e4mme, Mikkeliss\u00e4 ja Savonlinnassa.\u00a0 Lahjakortti on voimassa 6kk ostop\u00e4iv\u00e4st\u00e4.<\/p>\n","protected":false},"featured_media":396,"comment_status":"open","ping_status":"closed","template":"","meta":{"_acf_changed":false,"_kad_post_transparent":"default","_kad_post_title":"","_kad_post_layout":"default","_kad_post_sidebar_id":"","_kad_post_content_style":"default","_kad_post_vertical_padding":"default","_kad_post_feature":"","_kad_post_feature_position":"","_kad_post_header":false,"_kad_post_footer":false,"_kad_post_classname":""},"product_brand":[],"product_cat":[32,31,21],"product_tag":[],"class_list":{"0":"post-452","1":"product","2":"type-product","3":"status-publish","4":"has-post-thumbnail","6":"product_cat-fysioterapia","7":"product_cat-hieronta","8":"product_cat-hyvinvointi","10":"first","11":"instock","12":"taxable","13":"shipping-taxable","14":"purchasable","15":"product-type-variable","16":"has-default-attributes","17":"entry","18":"content-bg","19":"loop-entry"},"acf":[],"_links":{"self":[{"href":"https:\/\/marketplace.epassi.fi\/terapiaperhonen\/wp-json\/wp\/v2\/product\/452","targetHints":{"allow":["GET"]}}],"collection":[{"href":"https:\/\/marketplace.epassi.fi\/terapiaperhonen\/wp-json\/wp\/v2\/product"}],"about":[{"href":"https:\/\/marketplace.epassi.fi\/terapiaperhonen\/wp-json\/wp\/v2\/types\/product"}],"replies":[{"embeddable":true,"href":"https:\/\/marketplace.epassi.fi\/terapiaperhonen\/wp-json\/wp\/v2\/comments?post=452"}],"wp:featuredmedia":[{"embeddable":true,"href":"https:\/\/marketplace.epassi.fi\/terapiaperhonen\/wp-json\/wp\/v2\/media\/396"}],"wp:attachment":[{"href":"https:\/\/marketplace.epassi.fi\/terapiaperhonen\/wp-json\/wp\/v2\/media?parent=452"}],"wp:term":[{"taxonomy":"product_brand","embeddable":true,"href":"https:\/\/marketplace.epassi.fi\/terapiaperhonen\/wp-json\/wp\/v2\/product_brand?post=452"},{"taxonomy":"product_cat","embeddable":true,"href":"https:\/\/marketplace.epassi.fi\/terapiaperhonen\/wp-json\/wp\/v2\/product_cat?post=452"},{"taxonomy":"product_tag","embeddable":true,"href":"https:\/\/marketplace.epassi.fi\/terapiaperhonen\/wp-json\/wp\/v2\/product_tag?post=452"}],"curies":[{"name":"wp","href":"https:\/\/api.w.org\/{rel}","templated":true}]}}