{"id":22,"date":"2021-09-13T17:45:59","date_gmt":"2021-09-13T17:45:59","guid":{"rendered":"https:\/\/marketplace.epassi.fi\/terveystalo-hammaslaakaripalvelut\/?page_id=22"},"modified":"2021-10-12T10:57:35","modified_gmt":"2021-10-12T10:57:35","slug":"info","status":"publish","type":"page","link":"https:\/\/marketplace.epassi.fi\/terveystalo-hammaslaakaripalvelut\/info\/","title":{"rendered":"Info"},"content":{"rendered":"\n\t<div class=\"entry-content single-content\">\n\n\t\t<div class=\"wp-block-columns\" style=\"gap:30px\">\n\t\t\t<div class=\"wp-block-column\">\n\t\t\t\t<h2>Tietoa yrityksest\u00e4<\/h2>\n\t\t\t\t<p><p>Terveystalo tarjoaa monipuoliset hammasl\u00e4\u00e4k\u00e4ripalvelut l\u00e4hes 40 eri vastaanotolla ymp\u00e4ri Suomen.<\/p>\n<p>Osta Lahjakortti Terveystalon omilta sivuilta ja maksa ostoksesi ePassilla.<br \/>\nL\u00e4het\u00e4mme sinulle tilausvahvistuksen s\u00e4hk\u00f6postiisi tehty\u00e4si tilauksen verkkokaupassamme. Ota tilausvahvistus ja siin\u00e4 oleva tilausnumero vastaanotolle mukaan, sill\u00e4 se toimii maksun v\u00e4lineen\u00e4. Tilausvahvistusta ei tarvitse tulostaa. Riitt\u00e4\u00e4, kun n\u00e4yt\u00e4t sen esimerkiksi puhelimestasi tai muusta mobiililaitteestasi. <\/p>\n<p>Lahjakortti on voimassa vuoden ostop\u00e4iv\u00e4st\u00e4.<br \/>\nhttps:\/\/verkkokauppa.terveystalo.com\/products\/lahjakortti<\/p>\n<\/p>\n\t\t\t\t<h3>Terveystalo Hammasl\u00e4\u00e4k\u00e4ripalvelut<\/h3>\n\t\t\t\t<p><br>\n\t\t\t\t\t <\/p>\n\t\t\t\t<p><a href=\"tel:0306339699\">0306339699<\/a><\/p>\n\t\t\t\t<p><a href=\"mailto:verkkokauppa@terveystalo.com\">verkkokauppa@terveystalo.com<\/a><\/p>\n\n\t\t\t\t<h2>Toimipisteet<\/h2><div class=\"info-page-location-list\"><div class=\"info-page-location\"><h3>Espoo Iso Omena<\/h3><p>Piispansilta 11, 02230 Espoo<\/p><p><p><a href=\"https:\/\/www.google.com\/maps\/search\/?api=1&query=Google&query_place_id=ChIJdzP6VqD1jUYRyF02Gdbk4lc\">Katso sijainti kartalla <span>&#8599;<\/span><\/a><\/p><\/p><p>https:\/\/verkkokauppa.terveystalo.com\/products\/lahjakortti<\/p><\/div><div class=\"info-page-location\"><h3>Espoo Lepp\u00e4vaara<\/h3><p>Hevosenkenk\u00e4 3, 02600 Espoo<\/p><p><p><a href=\"https:\/\/www.google.com\/maps\/search\/?api=1&query=Google&query_place_id=ChIJW2tSJDH3jUYRV0NbRIjcyx8\">Katso sijainti kartalla <span>&#8599;<\/span><\/a><\/p><\/p><p>https:\/\/verkkokauppa.terveystalo.com\/products\/lahjakortti<\/p><\/div><div class=\"info-page-location\"><h3>Espoon keskus<\/h3><p>Espoonkatu 11 A, 02770 Espoo<\/p><p><p><a href=\"https:\/\/www.google.com\/maps\/search\/?api=1&query=Google&query_place_id=ChIJ_fmPapfzjUYRBn2dBPqS_xI\">Katso sijainti kartalla <span>&#8599;<\/span><\/a><\/p><\/p><p>https:\/\/verkkokauppa.terveystalo.com\/products\/lahjakortti<\/p><\/div><div class=\"info-page-location\"><h3>Helsinki It\u00e4keskus<\/h3><p>Asiakkaankatu 3 A, 00930 Helsinki<\/p><p><p><a href=\"https:\/\/www.google.com\/maps\/search\/?api=1&query=Google&query_place_id=ChIJhysb1TQPkkYR6ygN1-tU0EE\">Katso sijainti kartalla <span>&#8599;<\/span><\/a><\/p><\/p><p>https:\/\/verkkokauppa.terveystalo.com\/products\/lahjakortti<\/p><\/div><div class=\"info-page-location\"><h3>Helsinki Kamppi<\/h3><p>Jaakonkatu 3, 00100 Helsinki<\/p><p><p><a href=\"https:\/\/www.google.com\/maps\/search\/?api=1&query=Google&query_place_id=ChIJQ07f0KYLkkYRv-JO_qsD5No\">Katso sijainti kartalla <span>&#8599;<\/span><\/a><\/p><\/p><p>https:\/\/verkkokauppa.terveystalo.com\/products\/lahjakortti<\/p><\/div><div class=\"info-page-location\"><h3>Helsinki Ogeli<\/h3><p>Kyl\u00e4nvanhimmantie 29, 00640 Helsinki<\/p><p><p><a href=\"https:\/\/www.google.com\/maps\/search\/?api=1&query=Google&query_place_id=ChIJS9yZgkUJkkYR_zzh4Hwrtvk\">Katso sijainti kartalla <span>&#8599;<\/span><\/a><\/p><\/p><p>https:\/\/verkkokauppa.terveystalo.com\/products\/lahjakortti<\/p><\/div><div class=\"info-page-location\"><h3>Helsinki Redi<\/h3><p>Hermannin rantatie 5, 00580 Helsinki<\/p><p><p><a href=\"https:\/\/www.google.com\/maps\/search\/?api=1&query=Google&query_place_id=ChIJVRBL5eUJkkYRee2gfUF7Zqo\">Katso sijainti kartalla <span>&#8599;<\/span><\/a><\/p><\/p><p>https:\/\/verkkokauppa.terveystalo.com\/products\/lahjakortti<\/p><\/div><div class=\"info-page-location\"><h3>Oulu Albertinkatu<\/h3><p>Albertinkatu 16, 90100 Oulu<\/p><p><p><a href=\"https:\/\/www.google.com\/maps\/search\/?api=1&query=Google&query_place_id=ChIJGZHbvK8ygEYRL_QFXEIhg2U\">Katso sijainti kartalla <span>&#8599;<\/span><\/a><\/p><\/p><p>https:\/\/verkkokauppa.terveystalo.com\/products\/lahjakortti<\/p><\/div><div class=\"info-page-location\"><h3>Tampere H\u00e4meenkatu<\/h3><p>H\u00e4meenkatu 14 E, 33100 Tampere<\/p><p><p><a href=\"https:\/\/www.google.com\/maps\/search\/?api=1&query=Google&query_place_id=ChIJJWF7f6vYjkYRg8febtoDC1g\">Katso sijainti kartalla <span>&#8599;<\/span><\/a><\/p><\/p><p>https:\/\/verkkokauppa.terveystalo.com\/products\/lahjakortti<\/p><\/div><div class=\"info-page-location\"><h3>Turku Pulssi<\/h3><p>Humalistonkatu 9-11, 20100 Turku<\/p><p><p><a href=\"https:\/\/www.google.com\/maps\/search\/?api=1&query=Google&query_place_id=ChIJIUuIvPh2jEYRQZE10N9seCo\">Katso sijainti kartalla <span>&#8599;<\/span><\/a><\/p><\/p><p>https:\/\/verkkokauppa.terveystalo.com\/products\/lahjakortti<\/p><\/div><div class=\"info-page-location\"><h3>Vantaa Myyrm\u00e4ki <\/h3><p>Liesikuja 7, 01600 Vantaa<\/p><p><p><a href=\"https:\/\/www.google.com\/maps\/search\/?api=1&query=Google&query_place_id=ChIJT_d_uqn3jUYR2PAMjIKORY8\">Katso sijainti kartalla <span>&#8599;<\/span><\/a><\/p><\/p><p>https:\/\/verkkokauppa.terveystalo.com\/products\/lahjakortti<\/p><\/div><div class=\"info-page-location\"><h3>Vantaa Tikkurila<\/h3><p>Ratatie 11 A, 01300 Vantaa<\/p><p><p><a href=\"https:\/\/www.google.com\/maps\/search\/?api=1&query=Google&query_place_id=ChIJ8dQtlbcHkkYRqLMeUsJECiM\">Katso sijainti kartalla <span>&#8599;<\/span><\/a><\/p><\/p><p>https:\/\/verkkokauppa.terveystalo.com\/products\/lahjakortti<\/p><\/div><\/div>\t\t\t<\/div>\n\n\t\t\t<div class=\"wp-block-column\">\n\t\t\t\t<figure class=\"wp-block-image size-large\"><\/figure>\n\t\t\t<\/div>\n\t\t<\/div>\n\t<\/div>\n\t\n","protected":false},"excerpt":{"rendered":"","protected":false},"author":2,"featured_media":0,"parent":0,"menu_order":0,"comment_status":"closed","ping_status":"closed","template":"","meta":{"_acf_changed":false,"_kad_post_transparent":"","_kad_post_title":"","_kad_post_layout":"","_kad_post_sidebar_id":"","_kad_post_content_style":"","_kad_post_vertical_padding":"","_kad_post_feature":"","_kad_post_feature_position":"","_kad_post_header":false,"_kad_post_footer":false,"_kad_post_classname":"","footnotes":""},"class_list":["post-22","page","type-page","status-publish","hentry"],"acf":[],"_links":{"self":[{"href":"https:\/\/marketplace.epassi.fi\/terveystalo-hammaslaakaripalvelut\/wp-json\/wp\/v2\/pages\/22","targetHints":{"allow":["GET"]}}],"collection":[{"href":"https:\/\/marketplace.epassi.fi\/terveystalo-hammaslaakaripalvelut\/wp-json\/wp\/v2\/pages"}],"about":[{"href":"https:\/\/marketplace.epassi.fi\/terveystalo-hammaslaakaripalvelut\/wp-json\/wp\/v2\/types\/page"}],"author":[{"embeddable":true,"href":"https:\/\/marketplace.epassi.fi\/terveystalo-hammaslaakaripalvelut\/wp-json\/wp\/v2\/users\/2"}],"replies":[{"embeddable":true,"href":"https:\/\/marketplace.epassi.fi\/terveystalo-hammaslaakaripalvelut\/wp-json\/wp\/v2\/comments?post=22"}],"version-history":[{"count":10,"href":"https:\/\/marketplace.epassi.fi\/terveystalo-hammaslaakaripalvelut\/wp-json\/wp\/v2\/pages\/22\/revisions"}],"predecessor-version":[{"id":264,"href":"https:\/\/marketplace.epassi.fi\/terveystalo-hammaslaakaripalvelut\/wp-json\/wp\/v2\/pages\/22\/revisions\/264"}],"wp:attachment":[{"href":"https:\/\/marketplace.epassi.fi\/terveystalo-hammaslaakaripalvelut\/wp-json\/wp\/v2\/media?parent=22"}],"curies":[{"name":"wp","href":"https:\/\/api.w.org\/{rel}","templated":true}]}}