{"id":2038,"date":"2023-05-29T12:22:17","date_gmt":"2023-05-29T09:22:17","guid":{"rendered":"https:\/\/marketplace.epassi.fi\/terveystalo-hammaslaakaripalvelut\/?post_type=product&#038;p=2038"},"modified":"2025-10-30T15:21:10","modified_gmt":"2025-10-30T13:21:10","slug":"epassi-lahjakortti-terveystalo-suunterveys","status":"publish","type":"product","link":"https:\/\/marketplace.epassi.fi\/terveystalo-hammaslaakaripalvelut\/kauppa\/hyvinvointi\/hammaslaakari\/epassi-lahjakortti-terveystalo-suunterveys\/","title":{"rendered":"Epassi Lahjakortti Terveystalo Suunterveys"},"content":{"rendered":"<div><strong><span style=\"font-family: var(--global-body-font-family);\">Hy\u00f6dynn\u00e4 er\u00e4\u00e4ntyv\u00e4 hammashoitoetusi <\/span><a style=\"font-family: var(--global-body-font-family);\" title=\"Alkuper\u00e4inen URL-osoite: https:\/\/www.terveystalo.com\/fi\/Palvelut\/Hammaslaakari-ja-suunterveys\/Varaa-aika-hammaslaakarille-tai-suuhygienistille\/. Napsauta tai napauta, jos luotat t\u00e4h\u00e4n linkkiin.\" href=\"https:\/\/eur02.safelinks.protection.outlook.com\/?url=https%3A%2F%2Fwww.terveystalo.com%2Ffi%2FPalvelut%2FHammaslaakari-ja-suunterveys%2FVaraa-aika-hammaslaakarille-tai-suuhygienistille%2F&amp;data=04%7C01%7CMatti.Nurminen%40terveystalo.com%7Ce52842510b0c4e722ca108d9a0630cf5%7C4077cecbacd7488080229ed9f30e6f8f%7C1%7C0%7C637717169555028610%7CUnknown%7CTWFpbGZsb3d8eyJWIjoiMC4wLjAwMDAiLCJQIjoiV2luMzIiLCJBTiI6Ik1haWwiLCJXVCI6Mn0%3D%7C1000&amp;sdata=j1AjxYjSmfB6yRdxd4tcUCuQbOn2H9WYCVYgT12H5rw%3D&amp;reserved=0\" target=\"_blank\" rel=\"noopener noreferrer\" data-auth=\"Verified\" data-linkindex=\"0\">Terveystalossa!<\/a><span style=\"font-family: var(--global-body-font-family);\">\u00a0<\/span><\/strong><\/div>\n<div><\/div>\n<div style=\"padding-left: 40px;\">\n<p><strong>Osta Lahjakortti Terveystalon omilta sivuilta ja maksa ostoksesi ePassilla.\u00a0<\/strong><\/p>\n<p style=\"padding-left: 40px;\"><strong><a href=\"https:\/\/www.terveystalo.com\/fi\/asiointi\/maksut\/kirjaudu-sisaan\/?returnTo=%2Flahjakortit%2F%3Fapplink%3Dpayments%2Fgiftcards%26pk_campaign%3DB2C_paatos_taktinen_muu_kr2_epassi_12-12-2022_-%26pk_source%3Dkampanja%26pk_medium%3Dapp%26pk_content%3Dlahjakortit%26utm_campaign%3DB2C_paatos_taktinen_muu_kr2_epassi_12-12-2022_-%26utm_source%3Dkampanja%26utm_medium%3Dapp%26utm_content%3Dlahjakortit\/%22\">Terveystalon Verkkokauppa<\/a><\/strong><\/p>\n<p><em>Palvelun ehdot:\u00a0<\/em><\/p>\n<ul>\n<li style=\"list-style-type: none;\">\n<ul>\n<li>Siirr\u00e4 saldo k\u00e4ytt\u00f6\u00f6n Terveystalon hammashoitoon ja hy\u00f6dynn\u00e4 hammashoitoetusi Terveystalossa! Tarjoamme monipuoliset hammasl\u00e4\u00e4k\u00e4ripalvelut 40 eri vastaanotolla ymp\u00e4ri Suomen.<\/li>\n<li>L\u00e4het\u00e4mme sinulle tilausvahvistuksen s\u00e4hk\u00f6postiisi tehty\u00e4si tilauksen verkkokaupassamme. Ota tilausvahvistus ja siin\u00e4 oleva tilausnumero vastaanotolle mukaan, sill\u00e4 se toimii maksun v\u00e4lineen\u00e4. Tilausvahvistusta ei tarvitse tulostaa. Riitt\u00e4\u00e4, kun n\u00e4yt\u00e4t sen esimerkiksi puhelimestasi tai muusta mobiililaitteestasi.<\/li>\n<li>Lahjakortti on voimassa vuoden ostop\u00e4iv\u00e4st\u00e4.<\/li>\n<li>K\u00e4ytt\u00e4m\u00e4tt\u00e4 j\u00e4\u00e4neen edun voimassaoloaikaa ei voi pident\u00e4\u00e4, eik\u00e4 sit\u00e4 voi vaihtaa rahaksi tai siirt\u00e4\u00e4 toiselle henkil\u00f6lle k\u00e4ytett\u00e4v\u00e4ksi.<\/li>\n<li>Etu on k\u00e4ytett\u00e4viss\u00e4 kaikissa suunterveyden toimipaikoissa.<\/li>\n<li>Etua ei voi k\u00e4ytt\u00e4\u00e4 esteettisiin hammashoidon palveluihin (esim. hampaiden valkaisu)<\/li>\n<li><a href=\"https:\/\/verkkokauppa.terveystalo.com\/policies\/refund-policy\">Peruutusehdot<\/a><\/li>\n<\/ul>\n<\/li>\n<\/ul>\n<\/div>\n","protected":false},"excerpt":{"rendered":"<p>Hy\u00f6dynn\u00e4 er\u00e4\u00e4ntyv\u00e4 hammashoitoetusi Terveystalossa!\u00a0 Osta Lahjakortti Terveystalon omilta sivuilta ja maksa ostoksesi ePassilla.\u00a0 Terveystalon Verkkokauppa Palvelun ehdot:\u00a0 Siirr\u00e4 saldo k\u00e4ytt\u00f6\u00f6n Terveystalon hammashoitoon ja hy\u00f6dynn\u00e4 hammashoitoetusi Terveystalossa! Tarjoamme monipuoliset hammasl\u00e4\u00e4k\u00e4ripalvelut 40 eri vastaanotolla ymp\u00e4ri Suomen. L\u00e4het\u00e4mme sinulle tilausvahvistuksen s\u00e4hk\u00f6postiisi tehty\u00e4si tilauksen verkkokaupassamme. Ota tilausvahvistus ja siin\u00e4 oleva tilausnumero vastaanotolle mukaan, sill\u00e4 se toimii maksun v\u00e4lineen\u00e4. Tilausvahvistusta&#8230;<\/p>\n","protected":false},"featured_media":321,"comment_status":"closed","ping_status":"closed","template":"","meta":{"_acf_changed":false,"_kad_post_transparent":"default","_kad_post_title":"","_kad_post_layout":"default","_kad_post_sidebar_id":"","_kad_post_content_style":"default","_kad_post_vertical_padding":"default","_kad_post_feature":"","_kad_post_feature_position":"","_kad_post_header":false,"_kad_post_footer":false,"_kad_post_classname":""},"product_brand":[],"product_cat":[30,21],"product_tag":[],"class_list":{"0":"post-2038","1":"product","2":"type-product","3":"status-publish","4":"has-post-thumbnail","6":"product_cat-hammaslaakari","7":"product_cat-hyvinvointi","9":"first","10":"instock","11":"featured","12":"virtual","13":"taxable","14":"product-type-simple","15":"entry","16":"content-bg","17":"loop-entry"},"acf":[],"_links":{"self":[{"href":"https:\/\/marketplace.epassi.fi\/terveystalo-hammaslaakaripalvelut\/wp-json\/wp\/v2\/product\/2038","targetHints":{"allow":["GET"]}}],"collection":[{"href":"https:\/\/marketplace.epassi.fi\/terveystalo-hammaslaakaripalvelut\/wp-json\/wp\/v2\/product"}],"about":[{"href":"https:\/\/marketplace.epassi.fi\/terveystalo-hammaslaakaripalvelut\/wp-json\/wp\/v2\/types\/product"}],"replies":[{"embeddable":true,"href":"https:\/\/marketplace.epassi.fi\/terveystalo-hammaslaakaripalvelut\/wp-json\/wp\/v2\/comments?post=2038"}],"wp:featuredmedia":[{"embeddable":true,"href":"https:\/\/marketplace.epassi.fi\/terveystalo-hammaslaakaripalvelut\/wp-json\/wp\/v2\/media\/321"}],"wp:attachment":[{"href":"https:\/\/marketplace.epassi.fi\/terveystalo-hammaslaakaripalvelut\/wp-json\/wp\/v2\/media?parent=2038"}],"wp:term":[{"taxonomy":"product_brand","embeddable":true,"href":"https:\/\/marketplace.epassi.fi\/terveystalo-hammaslaakaripalvelut\/wp-json\/wp\/v2\/product_brand?post=2038"},{"taxonomy":"product_cat","embeddable":true,"href":"https:\/\/marketplace.epassi.fi\/terveystalo-hammaslaakaripalvelut\/wp-json\/wp\/v2\/product_cat?post=2038"},{"taxonomy":"product_tag","embeddable":true,"href":"https:\/\/marketplace.epassi.fi\/terveystalo-hammaslaakaripalvelut\/wp-json\/wp\/v2\/product_tag?post=2038"}],"curies":[{"name":"wp","href":"https:\/\/api.w.org\/{rel}","templated":true}]}}