{"id":22,"date":"2021-09-13T17:45:59","date_gmt":"2021-09-13T17:45:59","guid":{"rendered":"https:\/\/marketplace.epassi.fi\/terveystalo\/?page_id=22"},"modified":"2021-10-12T10:57:35","modified_gmt":"2021-10-12T10:57:35","slug":"info","status":"publish","type":"page","link":"https:\/\/marketplace.epassi.fi\/terveystalo\/info\/","title":{"rendered":"Info"},"content":{"rendered":"\n\t<div class=\"entry-content single-content\">\n\n\t\t<div class=\"wp-block-columns\" style=\"gap:30px\">\n\t\t\t<div class=\"wp-block-column\">\n\t\t\t\t<h2>Taistelemme terveemm\u00e4n el\u00e4m\u00e4n puolesta<\/h2>\n\t\t\t\t<p><p>Tarjoamme monipuolisia perusterveydenhuollon, erikoissairaanhoidon ja hyvinvoinnin palveluita. Visiomme on luoda datan ja pohjoismaisen osaamisen avulla maailma, jossa on v\u00e4hemm\u00e4n sairausp\u00e4ivi\u00e4 ja enemm\u00e4n terveit\u00e4, onnellisia vuosia. L\u00e4hetteett\u00f6mill\u00e4 tutkimuspaketeillamme saat kattavasti tietoa terveydentilastasi ja pystyt keskittym\u00e4\u00e4n juuri sinun hyvinvointiasi tukeviin el\u00e4m\u00e4ntapamuutoksiin. Suosituimpiin tutkimuspaketteihimme on koottu yli 10 laboratoriomittausta, kuten kolesteroli, pitk\u00e4aikainen verensokeri, maksa-arvot, testosteroni, matala-asteinen tulehdus sek\u00e4 maksan ja munuaisen toiminta.<\/p>\n<p>Voit k\u00e4ytt\u00e4\u00e4 Epassin hyvinvointisaldoasi hyvinvoinnin lahjakorttien ostamiseen Terveystalo-sovelluksessamme. Lahjakortit ovat voimassa vuoden ostop\u00e4iv\u00e4st\u00e4. <\/p>\n<\/p>\n\t\t\t\t<h3>Terveystalo<\/h3>\n\t\t\t\t<p>Jaakonkatu 3 A<br>\n\t\t\t\t\t00100 Helsinki<\/p>\n\t\t\t\t<p><a href=\"tel:+358 50 336 9318\">+358 50 336 9318<\/a><\/p>\n\t\t\t\t<p><a href=\"mailto:palaute@terveystalo.com\">palaute@terveystalo.com<\/a><\/p>\n\n\t\t\t\t\t\t\t<\/div>\n\n\t\t\t<div class=\"wp-block-column\">\n\t\t\t\t<figure class=\"wp-block-image size-large\"><img loading=\"lazy\" decoding=\"async\" width=\"600\" height=\"400\" src=\"https:\/\/marketplace.epassi.fi\/terveystalo\/wp-content\/uploads\/sites\/318\/2023\/02\/medium_terveystalo_brandikuvat_terveystalolla_lastenlC3A4C3A4kC3A4ri_3106.jpg\" class=\"attachment-medium_large size-medium_large\" alt=\"\" \/><\/figure>\n\t\t\t<\/div>\n\t\t<\/div>\n\t<\/div>\n\t\n","protected":false},"excerpt":{"rendered":"","protected":false},"author":2,"featured_media":0,"parent":0,"menu_order":0,"comment_status":"closed","ping_status":"closed","template":"","meta":{"_acf_changed":false,"_kad_post_transparent":"","_kad_post_title":"","_kad_post_layout":"","_kad_post_sidebar_id":"","_kad_post_content_style":"","_kad_post_vertical_padding":"","_kad_post_feature":"","_kad_post_feature_position":"","_kad_post_header":false,"_kad_post_footer":false,"_kad_post_classname":"","footnotes":""},"class_list":["post-22","page","type-page","status-publish","hentry"],"acf":[],"_links":{"self":[{"href":"https:\/\/marketplace.epassi.fi\/terveystalo\/wp-json\/wp\/v2\/pages\/22","targetHints":{"allow":["GET"]}}],"collection":[{"href":"https:\/\/marketplace.epassi.fi\/terveystalo\/wp-json\/wp\/v2\/pages"}],"about":[{"href":"https:\/\/marketplace.epassi.fi\/terveystalo\/wp-json\/wp\/v2\/types\/page"}],"author":[{"embeddable":true,"href":"https:\/\/marketplace.epassi.fi\/terveystalo\/wp-json\/wp\/v2\/users\/2"}],"replies":[{"embeddable":true,"href":"https:\/\/marketplace.epassi.fi\/terveystalo\/wp-json\/wp\/v2\/comments?post=22"}],"version-history":[{"count":10,"href":"https:\/\/marketplace.epassi.fi\/terveystalo\/wp-json\/wp\/v2\/pages\/22\/revisions"}],"predecessor-version":[{"id":264,"href":"https:\/\/marketplace.epassi.fi\/terveystalo\/wp-json\/wp\/v2\/pages\/22\/revisions\/264"}],"wp:attachment":[{"href":"https:\/\/marketplace.epassi.fi\/terveystalo\/wp-json\/wp\/v2\/media?parent=22"}],"curies":[{"name":"wp","href":"https:\/\/api.w.org\/{rel}","templated":true}]}}