{"id":290,"date":"2021-10-20T17:09:46","date_gmt":"2021-10-20T17:09:46","guid":{"rendered":"https:\/\/marketplace.epassi.fi\/terveystalo\/?post_type=product&#038;p=290"},"modified":"2023-12-22T05:07:02","modified_gmt":"2023-12-22T03:07:02","slug":"naisen-tutkimuspaketti","status":"publish","type":"product","link":"https:\/\/marketplace.epassi.fi\/terveystalo\/kauppa\/hyvinvointi\/naisen-tutkimuspaketti\/","title":{"rendered":"Naisen laaja laboratoriopaketti"},"content":{"rendered":"<p>Naisen laajalla laboratoriopaketilla selvit\u00e4t elimist\u00f6si t\u00e4rke\u00e4t arvot. Yli 10 mittauksen laboratoriopaketti auttaa sinua tekem\u00e4\u00e4n parempia valintoja hyvinvointisi edist\u00e4miseksi.<\/p>\n<p><strong>Palvelun sis\u00e4lt\u00f6<\/strong><\/p>\n<ul>\n<li>Verenkuva (B -PVK+T: hemoglobiini, valko- ja punasolut, verihiutaleet, punasolujen tilavuusosuus sek\u00e4 kolme punasoluindeksi\u00e4)<\/li>\n<li>Tulehdusarvo (S -hs-CRP)<\/li>\n<li>Kolesterolit (S -Kol, S -Kol-HDL, S -Kol-LDL, S -Trigly)<\/li>\n<li>Pitk\u00e4aikainen verensokeri (B -HbA1c)<\/li>\n<li>Kilpirauhasen toiminta (S \u2013TSH ja S-T4-V)<\/li>\n<li>Munuaisten toiminta (S \u2013Krea ja Pt-GFRe)<\/li>\n<li>Maksan toiminta (S \u2013ALAT ja S-AFOS)<\/li>\n<li>Kalsiumtaso (fS \u2013Ca-Albk)<\/li>\n<li>Ferritiini, elimist\u00f6n rautavarastot (S -Ferrit)<\/li>\n<li>Tulehdukset, senkka (B -La eli Senkka)<\/li>\n<li>Anemia, vitamiinipuutos, B12-vitamiini (S -B12-TC2)<\/li>\n<li>D-vitamiini (S-D-25)<\/li>\n<\/ul>\n<p>Tutkimuspakettiin ei automaattisesti kuulu tulosten l\u00e4pik\u00e4ynti\u00e4 l\u00e4\u00e4k\u00e4rin kanssa.<\/p>\n<p><strong>Palvelun k\u00e4ytt\u00f6<\/strong><\/p>\n<ol>\n<li>Osta lahjakortti Terveystalo-sovelluksesta. Lahjakortti on voimassa vuoden ostop\u00e4iv\u00e4st\u00e4.<\/li>\n<li>Varaa aika valitsemaasi Terveystalon toimipisteeseen n\u00e4ytteenottoa varten.<\/li>\n<li>Valmistautumisohjeet: N\u00e4ytteenotto ei vaadi valmistautumista, mutta n\u00e4ytteet tulee ottaa parin\/muutaman tunnin sis\u00e4ll\u00e4 her\u00e4\u00e4misen j\u00e4lkeen. Mik\u00e4li sinulla on tyroksiinil\u00e4\u00e4kitys, tulee n\u00e4ytteet ottaa ennen l\u00e4\u00e4kkeen ottamista.<\/li>\n<li>Esit\u00e4 lahjakorttisi sek\u00e4 laboratoriossa ett\u00e4 asiakaspalvelussa. Lahjakortti toimii maksun v\u00e4lineen\u00e4.<\/li>\n<li>Laboratoriotulokset valmistuvat keskim\u00e4\u00e4rin parissa p\u00e4iv\u00e4ss\u00e4, ja saat niiden valmistumisesta ilmoituksen tekstiviestill\u00e4. P\u00e4\u00e4set n\u00e4kem\u00e4\u00e4n tuloksesi Terveystalo-sovelluksen kautta tai kirjautumalla Terveystalon verkkosivuilta.<\/li>\n<\/ol>\n","protected":false},"excerpt":{"rendered":"<p>Miten sin\u00e4 voit? Milloin olet viimeksi tarkastanut terveydentilasi? Naisen tutkimuspaketilla selvit\u00e4t elimist\u00f6si t\u00e4rke\u00e4t arvot ja pystyt keskittym\u00e4\u00e4n juuri sinun hyvinvointiasi tukeviin el\u00e4m\u00e4ntapamuutoksiin. Pakettiin on koottu naiselle t\u00e4rke\u00e4t laboratoriomittaukset, kuten kolesteroli, kilpirauhasen toiminta, elimist\u00f6n rautavarastot, tulehdukset ja pitk\u00e4aikainen verensokeri. Voit nyt ostaa Terveyden tutkimuspaketin Terveystalo-sovelluksesta lahjakorttina ja k\u00e4ytt\u00e4\u00e4 sen valitsemanasi ajankohtana. Lahjakortti on voimassa vuoden ostop\u00e4iv\u00e4st\u00e4.<\/p>\n","protected":false},"featured_media":352,"comment_status":"open","ping_status":"closed","template":"","meta":{"_acf_changed":false,"_kad_post_transparent":"default","_kad_post_title":"","_kad_post_layout":"default","_kad_post_sidebar_id":"","_kad_post_content_style":"default","_kad_post_vertical_padding":"default","_kad_post_feature":"","_kad_post_feature_position":"","_kad_post_header":false,"_kad_post_footer":false,"_kad_post_classname":""},"product_brand":[],"product_cat":[21],"product_tag":[],"class_list":{"0":"post-290","1":"product","2":"type-product","3":"status-publish","4":"has-post-thumbnail","6":"product_cat-hyvinvointi","8":"first","9":"instock","10":"product-type-external","11":"entry","12":"content-bg","13":"loop-entry"},"acf":[],"_links":{"self":[{"href":"https:\/\/marketplace.epassi.fi\/terveystalo\/wp-json\/wp\/v2\/product\/290","targetHints":{"allow":["GET"]}}],"collection":[{"href":"https:\/\/marketplace.epassi.fi\/terveystalo\/wp-json\/wp\/v2\/product"}],"about":[{"href":"https:\/\/marketplace.epassi.fi\/terveystalo\/wp-json\/wp\/v2\/types\/product"}],"replies":[{"embeddable":true,"href":"https:\/\/marketplace.epassi.fi\/terveystalo\/wp-json\/wp\/v2\/comments?post=290"}],"wp:featuredmedia":[{"embeddable":true,"href":"https:\/\/marketplace.epassi.fi\/terveystalo\/wp-json\/wp\/v2\/media\/352"}],"wp:attachment":[{"href":"https:\/\/marketplace.epassi.fi\/terveystalo\/wp-json\/wp\/v2\/media?parent=290"}],"wp:term":[{"taxonomy":"product_brand","embeddable":true,"href":"https:\/\/marketplace.epassi.fi\/terveystalo\/wp-json\/wp\/v2\/product_brand?post=290"},{"taxonomy":"product_cat","embeddable":true,"href":"https:\/\/marketplace.epassi.fi\/terveystalo\/wp-json\/wp\/v2\/product_cat?post=290"},{"taxonomy":"product_tag","embeddable":true,"href":"https:\/\/marketplace.epassi.fi\/terveystalo\/wp-json\/wp\/v2\/product_tag?post=290"}],"curies":[{"name":"wp","href":"https:\/\/api.w.org\/{rel}","templated":true}]}}