{"id":357,"date":"2023-12-07T17:44:41","date_gmt":"2023-12-07T15:44:41","guid":{"rendered":"https:\/\/marketplace.epassi.fi\/terveystalo\/?post_type=product&#038;p=357"},"modified":"2023-12-07T17:44:41","modified_gmt":"2023-12-07T15:44:41","slug":"arvolahjakortti","status":"publish","type":"product","link":"https:\/\/marketplace.epassi.fi\/terveystalo\/kauppa\/yleinen\/arvolahjakortti\/","title":{"rendered":"Arvolahjakortti"},"content":{"rendered":"<p>Lahjakortin voi k\u00e4ytt\u00e4\u00e4 vapaavalintaisiin Terveystalon palveluihin miss\u00e4 tahansa toimipisteess\u00e4, mihin tahansa palveluun, kuten l\u00e4\u00e4k\u00e4ripalveluihin, kuvantamistutkimuksiin, laboratoriok\u00e4ynteihin ja hyvinvoinnin palveluihin. Lahjakortti on voimassa kuusi kuukautta ostop\u00e4iv\u00e4st\u00e4.<\/p>\n<ol>\n<li><strong>Lahjakortti on voimassa kuusi kuukautta ostop\u00e4iv\u00e4st\u00e4.<\/strong><\/li>\n<li>Varaa aika haluamaasi palveluun valitsemaasi Terveystalon toimipisteeseen.<\/li>\n<li>Esit\u00e4 lahjakortti asiakaspalvelussa saapuessasi vastaanotolle. Lahjakortti toimii maksun v\u00e4lineen\u00e4. Lahjakorttia ei tarvitse tulostaa. Riitt\u00e4\u00e4, kun n\u00e4yt\u00e4t sen esimerkiksi puhelimestasi tai muusta mobiililaitteestasi.<\/li>\n<\/ol>\n","protected":false},"excerpt":{"rendered":"<p>Lahjakortin voi k\u00e4ytt\u00e4\u00e4 vapaavalintaisiin Terveystalon palveluihin miss\u00e4 tahansa toimipisteess\u00e4, mihin tahansa palveluun, kuten l\u00e4\u00e4k\u00e4ripalveluihin, laboratoriok\u00e4ynteihin, kuvantamistutkimuksiin ja hyvinvoinnin palveluihin. Lahjakortin voi k\u00e4ytt\u00e4\u00e4 kerralla tai eriss\u00e4. Lahjakortti ei k\u00e4y Rela-hierojien hierontoihin. Lahjakortilla ei voi maksaa Terveystalon verkkokaupassa tai Terveystalo-sovelluksessa.<\/p>\n","protected":false},"featured_media":323,"comment_status":"open","ping_status":"closed","template":"","meta":{"_acf_changed":false,"_kad_post_transparent":"default","_kad_post_title":"","_kad_post_layout":"default","_kad_post_sidebar_id":"","_kad_post_content_style":"default","_kad_post_vertical_padding":"default","_kad_post_feature":"","_kad_post_feature_position":"","_kad_post_header":false,"_kad_post_footer":false,"_kad_post_classname":""},"product_brand":[],"product_cat":[15],"product_tag":[],"class_list":{"0":"post-357","1":"product","2":"type-product","3":"status-publish","4":"has-post-thumbnail","6":"product_cat-yleinen","8":"first","9":"instock","10":"product-type-external","11":"entry","12":"content-bg","13":"loop-entry"},"acf":[],"_links":{"self":[{"href":"https:\/\/marketplace.epassi.fi\/terveystalo\/wp-json\/wp\/v2\/product\/357","targetHints":{"allow":["GET"]}}],"collection":[{"href":"https:\/\/marketplace.epassi.fi\/terveystalo\/wp-json\/wp\/v2\/product"}],"about":[{"href":"https:\/\/marketplace.epassi.fi\/terveystalo\/wp-json\/wp\/v2\/types\/product"}],"replies":[{"embeddable":true,"href":"https:\/\/marketplace.epassi.fi\/terveystalo\/wp-json\/wp\/v2\/comments?post=357"}],"wp:featuredmedia":[{"embeddable":true,"href":"https:\/\/marketplace.epassi.fi\/terveystalo\/wp-json\/wp\/v2\/media\/323"}],"wp:attachment":[{"href":"https:\/\/marketplace.epassi.fi\/terveystalo\/wp-json\/wp\/v2\/media?parent=357"}],"wp:term":[{"taxonomy":"product_brand","embeddable":true,"href":"https:\/\/marketplace.epassi.fi\/terveystalo\/wp-json\/wp\/v2\/product_brand?post=357"},{"taxonomy":"product_cat","embeddable":true,"href":"https:\/\/marketplace.epassi.fi\/terveystalo\/wp-json\/wp\/v2\/product_cat?post=357"},{"taxonomy":"product_tag","embeddable":true,"href":"https:\/\/marketplace.epassi.fi\/terveystalo\/wp-json\/wp\/v2\/product_tag?post=357"}],"curies":[{"name":"wp","href":"https:\/\/api.w.org\/{rel}","templated":true}]}}