{"id":273,"date":"2021-10-16T11:12:03","date_gmt":"2021-10-16T08:12:03","guid":{"rendered":"https:\/\/marketplace.epassi.fi\/tikis\/?post_type=product&#038;p=273"},"modified":"2024-09-01T00:05:06","modified_gmt":"2024-08-31T21:05:06","slug":"6kk-naiset-jatko","status":"publish","type":"product","link":"https:\/\/marketplace.epassi.fi\/tikis\/kauppa\/liikuntaedut\/kuntosali\/6kk-naiset-jatko\/","title":{"rendered":"6KK Naiset JATKO"},"content":{"rendered":"<p>Valmennus sis\u00e4lt\u00e4\u00e4 treenisuunnitelman kuntosalille 6 kuukauden ajalle, josta n\u00e4et kaikki liikkeet sek\u00e4 sarja- ja toistom\u00e4\u00e4r\u00e4t. Ohjelma on jatkoa suositulle Tikiksen 6 kuukauden treeniohjelma naiset -valmennukselle.<\/p>\n","protected":false},"excerpt":{"rendered":"<p>Kirjoita t\u00e4h\u00e4n lyhyt tuotekuvaus. T\u00e4m\u00e4 kuvaus n\u00e4kyy tuotesivun yl\u00e4osassa tuotteen nimen alla.<\/p>\n","protected":false},"featured_media":334,"comment_status":"open","ping_status":"closed","template":"","meta":{"_acf_changed":false,"_kad_post_transparent":"default","_kad_post_title":"","_kad_post_layout":"default","_kad_post_sidebar_id":"","_kad_post_content_style":"default","_kad_post_vertical_padding":"default","_kad_post_feature":"","_kad_post_feature_position":"","_kad_post_header":false,"_kad_post_footer":false,"_kad_post_classname":""},"product_brand":[],"product_cat":[23,19,28],"product_tag":[],"class_list":{"0":"post-273","1":"product","2":"type-product","3":"status-publish","4":"has-post-thumbnail","6":"product_cat-kuntosali","7":"product_cat-liikuntaedut","8":"product_cat-verkkotreenit","10":"first","11":"instock","12":"virtual","13":"taxable","14":"purchasable","15":"product-type-simple","16":"entry","17":"content-bg","18":"loop-entry"},"acf":[],"_links":{"self":[{"href":"https:\/\/marketplace.epassi.fi\/tikis\/wp-json\/wp\/v2\/product\/273","targetHints":{"allow":["GET"]}}],"collection":[{"href":"https:\/\/marketplace.epassi.fi\/tikis\/wp-json\/wp\/v2\/product"}],"about":[{"href":"https:\/\/marketplace.epassi.fi\/tikis\/wp-json\/wp\/v2\/types\/product"}],"replies":[{"embeddable":true,"href":"https:\/\/marketplace.epassi.fi\/tikis\/wp-json\/wp\/v2\/comments?post=273"}],"wp:featuredmedia":[{"embeddable":true,"href":"https:\/\/marketplace.epassi.fi\/tikis\/wp-json\/wp\/v2\/media\/334"}],"wp:attachment":[{"href":"https:\/\/marketplace.epassi.fi\/tikis\/wp-json\/wp\/v2\/media?parent=273"}],"wp:term":[{"taxonomy":"product_brand","embeddable":true,"href":"https:\/\/marketplace.epassi.fi\/tikis\/wp-json\/wp\/v2\/product_brand?post=273"},{"taxonomy":"product_cat","embeddable":true,"href":"https:\/\/marketplace.epassi.fi\/tikis\/wp-json\/wp\/v2\/product_cat?post=273"},{"taxonomy":"product_tag","embeddable":true,"href":"https:\/\/marketplace.epassi.fi\/tikis\/wp-json\/wp\/v2\/product_tag?post=273"}],"curies":[{"name":"wp","href":"https:\/\/api.w.org\/{rel}","templated":true}]}}