{"id":22,"date":"2021-09-13T17:45:59","date_gmt":"2021-09-13T17:45:59","guid":{"rendered":"https:\/\/marketplace.epassi.fi\/top-cousins\/?page_id=22"},"modified":"2021-10-12T10:57:35","modified_gmt":"2021-10-12T10:57:35","slug":"info","status":"publish","type":"page","link":"https:\/\/marketplace.epassi.fi\/top-cousins\/info\/","title":{"rendered":"Info"},"content":{"rendered":"\n\t<div class=\"entry-content single-content\">\n\n\t\t<div class=\"wp-block-columns\" style=\"gap:30px\">\n\t\t\t<div class=\"wp-block-column\">\n\t\t\t\t<h2>Tietoa yrityksest\u00e4<\/h2>\n\t\t\t\t<p><p>Top-Cousins Oy \u2013 Meill\u00e4 myyd\u00e4\u00e4n parempia ty\u00f6asentoja<\/p>\n<p>Top-Cousins Oy on suomalainen perheyritys, joka on jo yli 30 vuoden ajan auttanut luomaan terveellisempi\u00e4 ja ergonomisempia ty\u00f6ymp\u00e4rist\u00f6j\u00e4. Suunnittelemme, valmistutamme ja maahantuomme kalusteita ja apuv\u00e4lineit\u00e4, jotka sopivat niin toimistoihin, kouluihin kuin koteihinkin.<\/p>\n<p>Tuotteemme \u2013 kuten Top-Cousinsin ammattilaisratkaisut, Stoo\u00ae -aktiivisen ergonomian tuotteet ja Himan kotikalusteet \u2013 ovat ergonomian asiantuntijoiden suosittelemia ja soveltuvat erinomaisesti niin ammattilais- kuin kotik\u00e4ytt\u00f6\u00f6n. Niit\u00e4 voi hankkia helposti verkkokaupastamme tai j\u00e4lleenmyyj\u00e4verkostomme kautta.<\/p>\n<p>B2B-projekteissa toteutamme kokonaisvaltaisia ergonomisia ty\u00f6ymp\u00e4rist\u00f6j\u00e4 innovatiivisilla tuotteilla ja ratkaisuilla. Tehokas yhteisty\u00f6 kattavan j\u00e4lleenmyyj\u00e4verkoston kanssa varmistaa, ett\u00e4 l\u00f6yd\u00e4mme aina asiakkaalle sopivimman ratkaisun.<\/p>\n<p>Hyv\u00e4 ergonomia lis\u00e4\u00e4 tehokkuutta, sujuvuutta ja turvallisuutta \u2013 mutta ennen kaikkea se parantaa hyvinvointia ty\u00f6ss\u00e4 ja arjessa.<\/p>\n<\/p>\n\t\t\t\t<h3>Top-Cousins Ergonomiatuotteet<\/h3>\n\t\t\t\t<p>Vanha Porvoontie 231 E1<br>\n\t\t\t\t\t01380 Vantaa<\/p>\n\t\t\t\t<p><a href=\"tel:0103207272\">0103207272<\/a><\/p>\n\t\t\t\t<p><a href=\"mailto:info@topcousins.fi\">info@topcousins.fi<\/a><\/p>\n\n\t\t\t\t\t\t\t<\/div>\n\n\t\t\t<div class=\"wp-block-column\">\n\t\t\t\t<figure class=\"wp-block-image size-large\"><img loading=\"lazy\" decoding=\"async\" width=\"768\" height=\"576\" src=\"https:\/\/marketplace.epassi.fi\/top-cousins\/wp-content\/uploads\/sites\/443\/2025\/12\/dsf9514-768x576.jpg\" class=\"attachment-medium_large size-medium_large\" alt=\"\" \/><\/figure>\n\t\t\t<\/div>\n\t\t<\/div>\n\t<\/div>\n\t\n","protected":false},"excerpt":{"rendered":"","protected":false},"author":2,"featured_media":0,"parent":0,"menu_order":0,"comment_status":"closed","ping_status":"closed","template":"","meta":{"_acf_changed":false,"_kad_post_transparent":"","_kad_post_title":"","_kad_post_layout":"","_kad_post_sidebar_id":"","_kad_post_content_style":"","_kad_post_vertical_padding":"","_kad_post_feature":"","_kad_post_feature_position":"","_kad_post_header":false,"_kad_post_footer":false,"_kad_post_classname":"","footnotes":""},"class_list":["post-22","page","type-page","status-publish","hentry"],"acf":[],"_links":{"self":[{"href":"https:\/\/marketplace.epassi.fi\/top-cousins\/wp-json\/wp\/v2\/pages\/22","targetHints":{"allow":["GET"]}}],"collection":[{"href":"https:\/\/marketplace.epassi.fi\/top-cousins\/wp-json\/wp\/v2\/pages"}],"about":[{"href":"https:\/\/marketplace.epassi.fi\/top-cousins\/wp-json\/wp\/v2\/types\/page"}],"author":[{"embeddable":true,"href":"https:\/\/marketplace.epassi.fi\/top-cousins\/wp-json\/wp\/v2\/users\/2"}],"replies":[{"embeddable":true,"href":"https:\/\/marketplace.epassi.fi\/top-cousins\/wp-json\/wp\/v2\/comments?post=22"}],"version-history":[{"count":10,"href":"https:\/\/marketplace.epassi.fi\/top-cousins\/wp-json\/wp\/v2\/pages\/22\/revisions"}],"predecessor-version":[{"id":264,"href":"https:\/\/marketplace.epassi.fi\/top-cousins\/wp-json\/wp\/v2\/pages\/22\/revisions\/264"}],"wp:attachment":[{"href":"https:\/\/marketplace.epassi.fi\/top-cousins\/wp-json\/wp\/v2\/media?parent=22"}],"curies":[{"name":"wp","href":"https:\/\/api.w.org\/{rel}","templated":true}]}}