{"id":273,"date":"2021-10-16T11:12:03","date_gmt":"2021-10-16T11:12:03","guid":{"rendered":"https:\/\/marketplace.epassi.fi\/top-cousins\/?post_type=product&#038;p=273"},"modified":"2025-12-12T14:11:56","modified_gmt":"2025-12-12T12:11:56","slug":"tc-free-330-340-tyotuoli","status":"publish","type":"product","link":"https:\/\/marketplace.epassi.fi\/top-cousins\/kauppa\/ergosafe\/etatyopisteet\/tc-free-330-340-tyotuoli\/","title":{"rendered":"TC FREE 330-340 ty\u00f6tuoli"},"content":{"rendered":"<p>FREE ty\u00f6tuoli on ergonominen ja tyylik\u00e4s ty\u00f6tuoli.\u00a0 Korkealuokkaiset materiaalivalinnat takaavat tuolille pitk\u00e4n k\u00e4ytt\u00f6i\u00e4n ja istujalle ergonomisen ty\u00f6skentelyasennon. Istuin on verhoiltu kest\u00e4v\u00e4ll\u00e4 kankaalla ja selk\u00e4nojan materiaaliksi voi valita saman verhoilun kuin istuimessa tai erityisen hengitt\u00e4v\u00e4n mesh-kankaan.<\/p>\n","protected":false},"excerpt":{"rendered":"<p>FREE ty\u00f6tuoli on ergonominen ja tyylik\u00e4s ty\u00f6tuoli.\u00a0 Korkealuokkaiset materiaalivalinnat takaavat tuolille pitk\u00e4n k\u00e4ytt\u00f6i\u00e4n ja istujalle ergonomisen ty\u00f6skentelyasennon. Tuolilla on viiden vuoden takuu.<\/p>\n","protected":false},"featured_media":377,"comment_status":"open","ping_status":"closed","template":"","meta":{"_acf_changed":false,"_kad_post_transparent":"default","_kad_post_title":"","_kad_post_layout":"default","_kad_post_sidebar_id":"","_kad_post_content_style":"default","_kad_post_vertical_padding":"default","_kad_post_feature":"","_kad_post_feature_position":"","_kad_post_header":false,"_kad_post_footer":false,"_kad_post_classname":""},"product_brand":[],"product_cat":[22,34],"product_tag":[],"class_list":{"0":"post-273","1":"product","2":"type-product","3":"status-publish","4":"has-post-thumbnail","6":"product_cat-ergosafe","7":"product_cat-etatyopisteet","9":"first","10":"instock","11":"taxable","12":"shipping-taxable","13":"purchasable","14":"product-type-variable","15":"entry","16":"content-bg","17":"loop-entry"},"acf":[],"_links":{"self":[{"href":"https:\/\/marketplace.epassi.fi\/top-cousins\/wp-json\/wp\/v2\/product\/273","targetHints":{"allow":["GET"]}}],"collection":[{"href":"https:\/\/marketplace.epassi.fi\/top-cousins\/wp-json\/wp\/v2\/product"}],"about":[{"href":"https:\/\/marketplace.epassi.fi\/top-cousins\/wp-json\/wp\/v2\/types\/product"}],"replies":[{"embeddable":true,"href":"https:\/\/marketplace.epassi.fi\/top-cousins\/wp-json\/wp\/v2\/comments?post=273"}],"wp:featuredmedia":[{"embeddable":true,"href":"https:\/\/marketplace.epassi.fi\/top-cousins\/wp-json\/wp\/v2\/media\/377"}],"wp:attachment":[{"href":"https:\/\/marketplace.epassi.fi\/top-cousins\/wp-json\/wp\/v2\/media?parent=273"}],"wp:term":[{"taxonomy":"product_brand","embeddable":true,"href":"https:\/\/marketplace.epassi.fi\/top-cousins\/wp-json\/wp\/v2\/product_brand?post=273"},{"taxonomy":"product_cat","embeddable":true,"href":"https:\/\/marketplace.epassi.fi\/top-cousins\/wp-json\/wp\/v2\/product_cat?post=273"},{"taxonomy":"product_tag","embeddable":true,"href":"https:\/\/marketplace.epassi.fi\/top-cousins\/wp-json\/wp\/v2\/product_tag?post=273"}],"curies":[{"name":"wp","href":"https:\/\/api.w.org\/{rel}","templated":true}]}}