{"id":274,"date":"2021-10-16T11:14:50","date_gmt":"2021-10-16T11:14:50","guid":{"rendered":"https:\/\/marketplace.epassi.fi\/top-cousins\/?post_type=product&#038;p=274"},"modified":"2025-12-12T14:11:48","modified_gmt":"2025-12-12T12:11:48","slug":"stoo-soft-istuintyyny","status":"publish","type":"product","link":"https:\/\/marketplace.epassi.fi\/top-cousins\/kauppa\/ergosafe\/etatyopisteet\/stoo-soft-istuintyyny\/","title":{"rendered":"Stoo\u00ae Soft \u2013istuintyyny"},"content":{"rendered":"<p>Mukavoittaa istumaty\u00f6t\u00e4 ja kevent\u00e4\u00e4 istumisen kuormitusta. Ergonominen muotoilu. H\u00e4nt\u00e4luuaukko minimoi h\u00e4nt\u00e4luun ja istuinpinnan v\u00e4lisen kontaktin ja n\u00e4in v\u00e4hent\u00e4\u00e4 painetta h\u00e4nt\u00e4luussa sek\u00e4 lievent\u00e4\u00e4 iskiasoireita. Liukumaton pohja, jotta tyyny pysyy paikallaan. Sopii l\u00e4hes kaikenlaisiin tuoleihin. Kantokahva helppoa liikuttelua varten.<\/p>\n<ul>\n<li>Mitat: 460 x 360 x 70 mm<\/li>\n<li>Paino: 546 g<\/li>\n<li>V\u00e4ri: musta<\/li>\n<li>Materiaalit: memory foam (PU) + polyesteri<\/li>\n<li>Takuu 2 vuotta<\/li>\n<\/ul>\n","protected":false},"excerpt":{"rendered":"<p>Ergonominen muotoilu. H\u00e4nt\u00e4luuaukko minimoi h\u00e4nt\u00e4luun ja istuinpinnan v\u00e4lisen kontaktin ja n\u00e4in v\u00e4hent\u00e4\u00e4 painetta h\u00e4nt\u00e4luussa sek\u00e4 lievent\u00e4\u00e4 iskiasoireita. Liukumaton pohja, jotta tyyny pysyy paikallaan. Sopii l\u00e4hes kaikenlaisiin tuoleihin.<\/p>\n","protected":false},"featured_media":369,"comment_status":"open","ping_status":"closed","template":"","meta":{"_acf_changed":false,"_kad_post_transparent":"default","_kad_post_title":"","_kad_post_layout":"default","_kad_post_sidebar_id":"","_kad_post_content_style":"default","_kad_post_vertical_padding":"default","_kad_post_feature":"","_kad_post_feature_position":"","_kad_post_header":false,"_kad_post_footer":false,"_kad_post_classname":""},"product_brand":[],"product_cat":[22,34],"product_tag":[],"class_list":{"0":"post-274","1":"product","2":"type-product","3":"status-publish","4":"has-post-thumbnail","6":"product_cat-ergosafe","7":"product_cat-etatyopisteet","9":"first","10":"instock","11":"virtual","12":"taxable","13":"purchasable","14":"product-type-simple","15":"entry","16":"content-bg","17":"loop-entry"},"acf":[],"_links":{"self":[{"href":"https:\/\/marketplace.epassi.fi\/top-cousins\/wp-json\/wp\/v2\/product\/274","targetHints":{"allow":["GET"]}}],"collection":[{"href":"https:\/\/marketplace.epassi.fi\/top-cousins\/wp-json\/wp\/v2\/product"}],"about":[{"href":"https:\/\/marketplace.epassi.fi\/top-cousins\/wp-json\/wp\/v2\/types\/product"}],"replies":[{"embeddable":true,"href":"https:\/\/marketplace.epassi.fi\/top-cousins\/wp-json\/wp\/v2\/comments?post=274"}],"wp:featuredmedia":[{"embeddable":true,"href":"https:\/\/marketplace.epassi.fi\/top-cousins\/wp-json\/wp\/v2\/media\/369"}],"wp:attachment":[{"href":"https:\/\/marketplace.epassi.fi\/top-cousins\/wp-json\/wp\/v2\/media?parent=274"}],"wp:term":[{"taxonomy":"product_brand","embeddable":true,"href":"https:\/\/marketplace.epassi.fi\/top-cousins\/wp-json\/wp\/v2\/product_brand?post=274"},{"taxonomy":"product_cat","embeddable":true,"href":"https:\/\/marketplace.epassi.fi\/top-cousins\/wp-json\/wp\/v2\/product_cat?post=274"},{"taxonomy":"product_tag","embeddable":true,"href":"https:\/\/marketplace.epassi.fi\/top-cousins\/wp-json\/wp\/v2\/product_tag?post=274"}],"curies":[{"name":"wp","href":"https:\/\/api.w.org\/{rel}","templated":true}]}}