{"id":289,"date":"2021-10-20T17:08:34","date_gmt":"2021-10-20T17:08:34","guid":{"rendered":"https:\/\/marketplace.epassi.fi\/top-cousins\/?post_type=product&#038;p=289"},"modified":"2025-12-12T14:11:37","modified_gmt":"2025-12-12T12:11:37","slug":"hima-boksi-sailytyslaatikko","status":"publish","type":"product","link":"https:\/\/marketplace.epassi.fi\/top-cousins\/kauppa\/ergosafe\/etatyopisteet\/hima-boksi-sailytyslaatikko\/","title":{"rendered":"Hima Boksi s\u00e4ilytyslaatikko"},"content":{"rendered":"<p data-end=\"461\" data-start=\"192\">Hima Boksi on kest\u00e4v\u00e4 ja tyylik\u00e4s s\u00e4ilytyslaatikko, joka pit\u00e4\u00e4 johdot, laturit, tietokoneen ja muut tavarat siististi poissa n\u00e4kyvist\u00e4. Suomessa valmistettu 14 mm koivuvanerista ja laminoitu pinta tekev\u00e4t siit\u00e4 pitk\u00e4ik\u00e4isen ja sisustukseen sulautuvan ratkaisun. Tuotteessa on kiilt\u00e4v\u00e4 musta laminaattipinta.<\/p>\n<p data-end=\"694\" data-start=\"463\">Laatikkoa voi k\u00e4ytt\u00e4\u00e4 monipuolisesti: se toimii k\u00e4tev\u00e4n\u00e4 korokkeena, sen p\u00e4\u00e4lle voi astua, ja tarvittaessa se muuntuu my\u00f6s ergonomiseksi seisomaty\u00f6pisteeksi. Pinottavuus ja johdoille tehdyt l\u00e4piviennit lis\u00e4\u00e4v\u00e4t k\u00e4yt\u00e4nn\u00f6llisyytt\u00e4.<\/p>\n<p data-end=\"694\" data-start=\"463\">Hima Furniture huonekaluille on my\u00f6nnetty Design from Finland ja Avainlippu -merkit!<\/p>\n<p data-end=\"729\" data-start=\"696\">Yksi boksi \u2013 monta k\u00e4ytt\u00f6tapaa.<\/p>\n<p data-end=\"939\" data-start=\"572\">Hima Boksi on enemm\u00e4n kuin tavallinen s\u00e4ilytyslaatikko \u2013 se on k\u00e4yt\u00e4nn\u00f6llinen, kest\u00e4v\u00e4 ja sisustukseen sulautuva ratkaisu, joka mukautuu eri tarpeisiin. Sen avulla pid\u00e4t johdot, laturit, tietokoneen ja muut tavarat siististi j\u00e4rjestyksess\u00e4. Laatikoita voidaan my\u00f6s pinota p\u00e4\u00e4llekk\u00e4in, ja johdoille suunnitellut l\u00e4piviennit tekev\u00e4t k\u00e4yt\u00f6st\u00e4 entist\u00e4 sujuvampaa.<\/p>\n<p data-end=\"1162\" data-start=\"941\">Boksi ei ole vain s\u00e4ilytykseen \u2013 sen p\u00e4\u00e4lle voi my\u00f6s astua korokkeena tai k\u00e4ytt\u00e4\u00e4 sit\u00e4 tarpeen tullen ergonomisena seisomaty\u00f6pisteen\u00e4. Monipuolisuutensa ansiosta se sopii t\u00e4ydellisesti niin kotiin kuin toimistoonkin.<\/p>\n<p data-end=\"1362\" data-start=\"1164\">Laatikko on valmistettu Suomessa 14 mm paksusta koivuvanerista ja laminoitu kest\u00e4m\u00e4\u00e4n arjen kulutusta. Se on patentoitu suomalainen innovaatio, jossa yhdistyv\u00e4t k\u00e4yt\u00e4nn\u00f6llisyys, laatu ja muotoilu.<\/p>\n","protected":false},"excerpt":{"rendered":"<p data-end=\"461\" data-start=\"192\">Hima Boksi on kest\u00e4v\u00e4 ja tyylik\u00e4s s\u00e4ilytyslaatikko, joka pit\u00e4\u00e4 johdot, laturit, tietokoneen ja muut tavarat siististi poissa n\u00e4kyvist\u00e4. Suomessa valmistettu 14 mm koivuvanerista ja laminoitu pinta tekev\u00e4t siit\u00e4 pitk\u00e4ik\u00e4isen ja sisustukseen sulautuvan ratkaisun. Tuotteessa on kiilt\u00e4v\u00e4 musta laminaattipinta.<\/p>\n<p data-end=\"694\" data-start=\"463\">Laatikkoa voi k\u00e4ytt\u00e4\u00e4 monipuolisesti: se toimii k\u00e4tev\u00e4n\u00e4 korokkeena, sen p\u00e4\u00e4lle voi astua, ja tarvittaessa se muuntuu my\u00f6s ergonomiseksi seisomaty\u00f6pisteeksi. Pinottavuus ja johdoille tehdyt l\u00e4piviennit lis\u00e4\u00e4v\u00e4t k\u00e4yt\u00e4nn\u00f6llisyytt\u00e4.<\/p>\n","protected":false},"featured_media":341,"comment_status":"open","ping_status":"closed","template":"","meta":{"_acf_changed":false,"_kad_post_transparent":"default","_kad_post_title":"","_kad_post_layout":"default","_kad_post_sidebar_id":"","_kad_post_content_style":"default","_kad_post_vertical_padding":"default","_kad_post_feature":"","_kad_post_feature_position":"","_kad_post_header":false,"_kad_post_footer":false,"_kad_post_classname":""},"product_brand":[],"product_cat":[22,34],"product_tag":[],"class_list":{"0":"post-289","1":"product","2":"type-product","3":"status-publish","4":"has-post-thumbnail","6":"product_cat-ergosafe","7":"product_cat-etatyopisteet","9":"first","10":"instock","11":"taxable","12":"shipping-taxable","13":"purchasable","14":"product-type-variable","15":"entry","16":"content-bg","17":"loop-entry"},"acf":[],"_links":{"self":[{"href":"https:\/\/marketplace.epassi.fi\/top-cousins\/wp-json\/wp\/v2\/product\/289","targetHints":{"allow":["GET"]}}],"collection":[{"href":"https:\/\/marketplace.epassi.fi\/top-cousins\/wp-json\/wp\/v2\/product"}],"about":[{"href":"https:\/\/marketplace.epassi.fi\/top-cousins\/wp-json\/wp\/v2\/types\/product"}],"replies":[{"embeddable":true,"href":"https:\/\/marketplace.epassi.fi\/top-cousins\/wp-json\/wp\/v2\/comments?post=289"}],"wp:featuredmedia":[{"embeddable":true,"href":"https:\/\/marketplace.epassi.fi\/top-cousins\/wp-json\/wp\/v2\/media\/341"}],"wp:attachment":[{"href":"https:\/\/marketplace.epassi.fi\/top-cousins\/wp-json\/wp\/v2\/media?parent=289"}],"wp:term":[{"taxonomy":"product_brand","embeddable":true,"href":"https:\/\/marketplace.epassi.fi\/top-cousins\/wp-json\/wp\/v2\/product_brand?post=289"},{"taxonomy":"product_cat","embeddable":true,"href":"https:\/\/marketplace.epassi.fi\/top-cousins\/wp-json\/wp\/v2\/product_cat?post=289"},{"taxonomy":"product_tag","embeddable":true,"href":"https:\/\/marketplace.epassi.fi\/top-cousins\/wp-json\/wp\/v2\/product_tag?post=289"}],"curies":[{"name":"wp","href":"https:\/\/api.w.org\/{rel}","templated":true}]}}