{"id":290,"date":"2021-10-20T17:09:46","date_gmt":"2021-10-20T17:09:46","guid":{"rendered":"https:\/\/marketplace.epassi.fi\/top-cousins\/?post_type=product&#038;p=290"},"modified":"2025-12-12T14:11:31","modified_gmt":"2025-12-12T12:11:31","slug":"stoo-super-soft-cork-seisontamatto","status":"publish","type":"product","link":"https:\/\/marketplace.epassi.fi\/top-cousins\/kauppa\/ergosafe\/etatyopisteet\/stoo-super-soft-cork-seisontamatto\/","title":{"rendered":"Stoo\u00ae Super Soft Cork seisontamatto"},"content":{"rendered":"<p>Stoo\u00ae Super Soft Cork on eritt\u00e4in pehme\u00e4 korkkipintainen ty\u00f6pistematto. Mukava matto sopii t\u00e4ydellisesti k\u00e4ytett\u00e4v\u00e4ksi s\u00e4hk\u00f6s\u00e4\u00e4t\u00f6isten ty\u00f6p\u00f6ytien sek\u00e4 vastaavien seisomaty\u00f6pisteiden kanssa. Super Soft Cork sopii toimistoihin, myym\u00e4l\u00f6ihin ja kotitoimistoihin. Mattoa on eritt\u00e4in mukava k\u00e4ytt\u00e4\u00e4 my\u00f6s sukkasiltaan. Matossa on k\u00e4tev\u00e4 kahva liikuttelua varten ja maton voi my\u00f6s ripustaa kahvasta p\u00f6yd\u00e4nreunaan roikkumaan mukana tulevan koukun avulla.<\/p>\n<p>Matossa on kaunis ja kest\u00e4v\u00e4 korkkipuupinta. Korkki on kest\u00e4v\u00e4 luonnonmateriaali, jota saadaan biologista monimuotoisuutta lis\u00e4\u00e4vist\u00e4 korkkitammimetsist\u00e4. Korkki on luonnonmateriaalina helppo kierr\u00e4tt\u00e4\u00e4, eik\u00e4 korkin ker\u00e4\u00e4minen ei tapa is\u00e4nt\u00e4puuta.<\/p>\n<p>Yli puolet korkin tilavuudesta on ilmaa, mik\u00e4 tekee siit\u00e4 materiaalina kimmoisaa ja taipuisaa. Se kest\u00e4\u00e4 my\u00f6s hyvin kulutusta. Korkki on pehme\u00e4\u00e4, joustavaa ja hylkii vett\u00e4, mik\u00e4 tekee siit\u00e4 miellytt\u00e4v\u00e4n ja toimivan pintamateriaalin<\/p>\n<p>Korkkipinta sek\u00e4 maton solumainen rakenne takaavat parhaan mahdollisen k\u00e4ytt\u00f6kokemuksen. Pohjan pito on loistava ja viistetyt reunat v\u00e4hent\u00e4v\u00e4t kompastumisvaaraa.<\/p>\n<ul>\n<li>Sis\u00e4lt\u00e4\u00e4 ripustuskoukun<\/li>\n<li>Pinta: Korkkipuu<\/li>\n<li>Sisus: PU (PVC vapaa)<\/li>\n<li>Pohja: SBR kumi<\/li>\n<li>Takuu 5 vuotta<\/li>\n<li>Valmistusmaa: Kiina<\/li>\n<li>Korkkimateriaali per\u00e4isin FSC-sertifioiduista metsist\u00e4 (korkkimateriaalin alkuper\u00e4maa Portugali)<\/li>\n<\/ul>\n<p>Maton tuomat hy\u00f6dyt seisomaty\u00f6h\u00f6n:<\/p>\n<ul>\n<li>Matto vaimentaa<\/li>\n<li>Ehk\u00e4isee nivelten kulumamuutoksia<\/li>\n<li>Parantaa alaraajojen verenkiertoa<\/li>\n<li>V\u00e4hent\u00e4\u00e4 jalkojen ja sel\u00e4n kuormitusta<\/li>\n<li>Ehk\u00e4isee kramppeja<\/li>\n<li>Ehk\u00e4isee suonikohjujen muodostumista<\/li>\n<\/ul>\n","protected":false},"excerpt":{"rendered":"<p>Stoo\u00ae Super Soft Cork on eritt\u00e4in pehme\u00e4 korkkipintainen ty\u00f6pistematto. Mukava matto sopii t\u00e4ydellisesti k\u00e4ytett\u00e4v\u00e4ksi s\u00e4hk\u00f6s\u00e4\u00e4t\u00f6isten ty\u00f6p\u00f6ytien sek\u00e4 vastaavien seisomaty\u00f6pisteiden kanssa. Super Soft Cork sopii toimistoihin, myym\u00e4l\u00f6ihin ja kotitoimistoihin. Mattoa on eritt\u00e4in mukava k\u00e4ytt\u00e4\u00e4 my\u00f6s sukkasiltaan. Matossa on k\u00e4tev\u00e4 kahva liikuttelua varten ja maton voi my\u00f6s ripustaa kahvasta p\u00f6yd\u00e4nreunaan roikkumaan mukana tulevan koukun avulla.<\/p>\n","protected":false},"featured_media":331,"comment_status":"open","ping_status":"closed","template":"","meta":{"_acf_changed":false,"_kad_post_transparent":"default","_kad_post_title":"","_kad_post_layout":"default","_kad_post_sidebar_id":"","_kad_post_content_style":"default","_kad_post_vertical_padding":"default","_kad_post_feature":"","_kad_post_feature_position":"","_kad_post_header":false,"_kad_post_footer":false,"_kad_post_classname":""},"product_brand":[],"product_cat":[22,34],"product_tag":[],"class_list":{"0":"post-290","1":"product","2":"type-product","3":"status-publish","4":"has-post-thumbnail","6":"product_cat-ergosafe","7":"product_cat-etatyopisteet","9":"first","10":"instock","11":"taxable","12":"shipping-taxable","13":"purchasable","14":"product-type-variable","15":"entry","16":"content-bg","17":"loop-entry"},"acf":[],"_links":{"self":[{"href":"https:\/\/marketplace.epassi.fi\/top-cousins\/wp-json\/wp\/v2\/product\/290","targetHints":{"allow":["GET"]}}],"collection":[{"href":"https:\/\/marketplace.epassi.fi\/top-cousins\/wp-json\/wp\/v2\/product"}],"about":[{"href":"https:\/\/marketplace.epassi.fi\/top-cousins\/wp-json\/wp\/v2\/types\/product"}],"replies":[{"embeddable":true,"href":"https:\/\/marketplace.epassi.fi\/top-cousins\/wp-json\/wp\/v2\/comments?post=290"}],"wp:featuredmedia":[{"embeddable":true,"href":"https:\/\/marketplace.epassi.fi\/top-cousins\/wp-json\/wp\/v2\/media\/331"}],"wp:attachment":[{"href":"https:\/\/marketplace.epassi.fi\/top-cousins\/wp-json\/wp\/v2\/media?parent=290"}],"wp:term":[{"taxonomy":"product_brand","embeddable":true,"href":"https:\/\/marketplace.epassi.fi\/top-cousins\/wp-json\/wp\/v2\/product_brand?post=290"},{"taxonomy":"product_cat","embeddable":true,"href":"https:\/\/marketplace.epassi.fi\/top-cousins\/wp-json\/wp\/v2\/product_cat?post=290"},{"taxonomy":"product_tag","embeddable":true,"href":"https:\/\/marketplace.epassi.fi\/top-cousins\/wp-json\/wp\/v2\/product_tag?post=290"}],"curies":[{"name":"wp","href":"https:\/\/api.w.org\/{rel}","templated":true}]}}