{"id":67,"date":"2021-09-13T18:36:17","date_gmt":"2021-09-13T18:36:17","guid":{"rendered":"https:\/\/marketplace.epassi.fi\/top-cousins\/?post_type=product&#038;p=67"},"modified":"2025-12-12T14:12:04","modified_gmt":"2025-12-12T12:12:04","slug":"hima-big-lifter","status":"publish","type":"product","link":"https:\/\/marketplace.epassi.fi\/top-cousins\/kauppa\/ergosafe\/etatyopisteet\/hima-big-lifter\/","title":{"rendered":"Hima Big Lifter"},"content":{"rendered":"<p>Big Lifter nostaa l\u00e4pp\u00e4rity\u00f6skentelyn ergonomian seuraavalle tasolle. 13 eri\u00a0korkeuden ansiosta l\u00f6yd\u00e4t varmasti juuri sinulle sopivan ty\u00f6skentelyasennon!\u00a0Nosta l\u00e4pp\u00e4risi\u00a0ylemm\u00e4lle\u00a0Big Lifterin tasolle, jotta n\u00e4ytt\u00f6 on ergonomisella korkeudella. Sijoita n\u00e4pp\u00e4imist\u00f6 ja hiiri alemmalle tasolle ja s\u00e4\u00e4d\u00e4 se sopivaan korkeuteen.<\/p>\n<p>Hima Furniture huonekaluille on my\u00f6nnetty Design from Finland ja Avainlippu -merkit!<\/p>\n<p>Tuote on valmistettu kest\u00e4v\u00e4st\u00e4 suomalaisesta koivuvanerista, joka on laminoitu.\u00a0Materiaalit ovat suunniteltu siten, ett\u00e4 tuote kest\u00e4\u00e4 pitk\u00e4\u00e4n ja se on helppo ja nopea pist\u00e4\u00e4 kasaan ty\u00f6skentelyn j\u00e4lkeen. K\u00e4yt\u00f6n j\u00e4lkeen s\u00e4ilytys esimerkiksi kaapissa\/komerossa on helppoa, koska se ei vie paljoa tilaa.<\/p>\n<p>Big Lifterin jalkalevyss\u00e4 on innovatiivinen\u00a0Puujousi\u2122, joka tekee tuotteen k\u00e4ytt\u00e4misest\u00e4 turvallista ja mukavaa.\u00a0Puujousi\u2122\u00a0lukitsee jalkalevyn runkoon varmasti kiinni,\u00a0joten voit\u00a0huoletta siirrell\u00e4 tuotetta pit\u00e4en kiinni vain runkolevyst\u00e4.\u00a0Jalan voi kiinnitt\u00e4\u00e4 molemminpuolisesti, joten oikea- ja vasenk\u00e4tisen k\u00e4ytt\u00e4j\u00e4n on helppo tehd\u00e4 se.<\/p>\n<ul>\n<li>Tyylik\u00e4s ja ergonominen\u00a0seisomaty\u00f6taso, valmistettu Suomessa<\/li>\n<li>S\u00e4\u00e4d\u00e4 korkeutta nopeasti ja helposti<\/li>\n<li>Puujousi\u2122<\/li>\n<li>13 eri korkeutta, 2 tasoa<\/li>\n<li>Kantokyky 8 kg\/taso<\/li>\n<li>Suomalaista koivuvaneria, laminoitu<\/li>\n<\/ul>\n<p>Nelj\u00e4st\u00e4\u00a0osasta koostuva Hima Big Lifter\u00a0seisomaty\u00f6taso on helposti kasattava ja siirrelt\u00e4v\u00e4.\u00a0 S\u00e4\u00e4d\u00e4 ty\u00f6skentelykorkeus mieleiseksi\u00a0nopeasti ja helposti.\u00a0Yksinkertaisen rakenteen ansiosta tuotteen k\u00e4ytt\u00f6 on mukavaa sek\u00e4 tehokasta ja se muuttaa mink\u00e4 tahansa kiinte\u00e4n p\u00f6yd\u00e4n seisomatasoksi hetkess\u00e4!<\/p>\n","protected":false},"excerpt":{"rendered":"<p>Big Lifter on Avainlipputuote, joka nostaa l\u00e4pp\u00e4rity\u00f6skentelyn ergonomian seuraavalle tasolle. 13 eri korkeuden ansiosta l\u00f6yd\u00e4t varmasti juuri sinulle sopivan ty\u00f6skentelyasennon! Nosta l\u00e4pp\u00e4risi ylemm\u00e4lle Big Lifterin tasolle, jotta n\u00e4ytt\u00f6 on ergonomisella korkeudella. Sijoita n\u00e4pp\u00e4imist\u00f6 ja hiiri alemmalle tasolle ja s\u00e4\u00e4d\u00e4 se sopivaan korkeuteen.<\/p>\n","protected":false},"featured_media":388,"comment_status":"open","ping_status":"closed","template":"","meta":{"_acf_changed":false,"_kad_post_transparent":"default","_kad_post_title":"","_kad_post_layout":"default","_kad_post_sidebar_id":"","_kad_post_content_style":"default","_kad_post_vertical_padding":"default","_kad_post_feature":"","_kad_post_feature_position":"","_kad_post_header":false,"_kad_post_footer":false,"_kad_post_classname":""},"product_brand":[],"product_cat":[22,34],"product_tag":[],"class_list":{"0":"post-67","1":"product","2":"type-product","3":"status-publish","4":"has-post-thumbnail","6":"product_cat-ergosafe","7":"product_cat-etatyopisteet","9":"first","10":"instock","11":"taxable","12":"shipping-taxable","13":"purchasable","14":"product-type-variable","15":"entry","16":"content-bg","17":"loop-entry"},"acf":[],"_links":{"self":[{"href":"https:\/\/marketplace.epassi.fi\/top-cousins\/wp-json\/wp\/v2\/product\/67","targetHints":{"allow":["GET"]}}],"collection":[{"href":"https:\/\/marketplace.epassi.fi\/top-cousins\/wp-json\/wp\/v2\/product"}],"about":[{"href":"https:\/\/marketplace.epassi.fi\/top-cousins\/wp-json\/wp\/v2\/types\/product"}],"replies":[{"embeddable":true,"href":"https:\/\/marketplace.epassi.fi\/top-cousins\/wp-json\/wp\/v2\/comments?post=67"}],"wp:featuredmedia":[{"embeddable":true,"href":"https:\/\/marketplace.epassi.fi\/top-cousins\/wp-json\/wp\/v2\/media\/388"}],"wp:attachment":[{"href":"https:\/\/marketplace.epassi.fi\/top-cousins\/wp-json\/wp\/v2\/media?parent=67"}],"wp:term":[{"taxonomy":"product_brand","embeddable":true,"href":"https:\/\/marketplace.epassi.fi\/top-cousins\/wp-json\/wp\/v2\/product_brand?post=67"},{"taxonomy":"product_cat","embeddable":true,"href":"https:\/\/marketplace.epassi.fi\/top-cousins\/wp-json\/wp\/v2\/product_cat?post=67"},{"taxonomy":"product_tag","embeddable":true,"href":"https:\/\/marketplace.epassi.fi\/top-cousins\/wp-json\/wp\/v2\/product_tag?post=67"}],"curies":[{"name":"wp","href":"https:\/\/api.w.org\/{rel}","templated":true}]}}